{"id":3207,"date":"2021-10-27T11:55:24","date_gmt":"2021-10-27T11:55:24","guid":{"rendered":"https:\/\/npldk.com\/?page_id=3207"},"modified":"2026-03-10T20:24:33","modified_gmt":"2026-03-10T20:24:33","slug":"reklame","status":"publish","type":"page","link":"https:\/\/npldk.com\/da\/reklame\/","title":{"rendered":"Reklame"},"content":{"rendered":"<div class=\"brz-root__container brz-reset-all brz\">\n<section id=\"_aukfwfaalgfwaniekllbzzgpchjetqiuhwel\" class=\"brz-section brz-css-apzR3\">\n<div class=\"brz-section__content brz-section--boxed brz-css-p8Hek brz-css-jS9JF\" data-brz-custom-id=\"xaqxpxfcucjszfvgmjdizdvnpqdfddzxuxws\">\n<div class=\"brz-bg\">\n<div class=\"brz-bg-shape brz-bg-shape__bottom\"><\/div>\n<\/div>\n<div class=\"brz-container brz-css-ewrMB\">\n<div class=\"brz-row__container brz-css-l6pcJ brz-css-tdHrb\" data-brz-custom-id=\"kzihppblocjrutcqseevlsjthzlinrinuqne\">\n<div class=\"brz-bg\"><\/div>\n<div class=\"brz-row brz-css-nmBVR\">\n<div class=\"brz-columns brz-css-gaWDg brz-css-iqxVU\" data-brz-custom-id=\"lsfsimzzhcdcpbhzobmgbcmdibqvrdocbtrb\">\n<div class=\"brz-bg\">\n<div class=\"brz-bg-image\"><\/div>\n<div class=\"brz-bg-color\"><\/div>\n<\/div>\n<div class=\"brz-column__items brz-css-psr6l brz-css-nQ5t4\">\n<div class=\"brz-row__container brz-css-l6pcJ\" data-brz-custom-id=\"rcjrtsnkshpgwbyapylhuyathclupmkfktzt\">\n<div class=\"brz-bg\"><\/div>\n<div class=\"brz-row brz-row--inner brz-css-nmBVR brz-css-kkbdU\">\n<div class=\"brz-columns brz-css-gaWDg brz-css-glVyg\" data-brz-custom-id=\"utkdvrvmplnoxqmiblhhmazefxvdinpurvnx\">\n<div class=\"brz-bg\">\n<div class=\"brz-bg-color\"><\/div>\n<\/div>\n<div class=\"brz-column__items brz-css-psr6l brz-css-sSgk8\">\n<div id=\"\" class=\"brz-css-qLHWo brz-wrapper\">\n<div class=\"brz-rich-text brz-rich-text__custom brz-css-fi_28\" data-brz-custom-id=\"dsispyfirhjlcvmatutqlcsqdrywcpnvodhz\">\n<div data-brz-translate-text=\"1\">\n<p class=\"brz-lh-xs-im-1_3 brz-lh-lg-1_3 brz-text-lg-center brz-fs-lg-26 brz-fs-xs-im-21 brz-ls-lg-m_1 brz-ls-sm-im-0 brz-ls-xs-im-0 brz-ff-montserrat brz-ft-google brz-fw-lg-300 brz-fw-sm-im-300 brz-fw-xs-im-300 brz-fs-sm-18 brz-lh-sm-1_4 brz-css-slSud\"><span class=\"brz-cp-color8\">ABOUT <\/span><\/p>\n<p class=\"brz-lh-xs-im-1_3 brz-lh-lg-1_3 brz-text-lg-center brz-fs-lg-26 brz-fs-xs-im-21 brz-ls-lg-m_1 brz-ls-sm-im-0 brz-ls-xs-im-0 brz-ff-montserrat brz-ft-google brz-fw-lg-600 brz-fw-sm-im-600 brz-fw-xs-im-600 brz-fs-sm-18 brz-lh-sm-1_4 brz-css-gG3RJ\"><span class=\"brz-cp-color8\">NIELS PAGH LOGISTICS<\/span><\/p>\n<\/div>\n<\/div>\n<\/div>\n<\/div>\n<p><a class=\"brz-a brz-container-link\" href=\"\/intro\/\" target=\"_self\" rel=\"noopener\" data-brz-link-type=\"external\"><\/a><\/div>\n<\/div>\n<\/div>\n<div id=\"\" class=\"brz-css-qLHWo brz-css-gPdU8 brz-wrapper\">\n<div class=\"brz-spacer brz-css-tT7_8 brz-css-ervMn\"><\/div>\n<\/div>\n<div class=\"brz-row__container brz-css-l6pcJ\" data-brz-custom-id=\"iwakapqikbicwkffdchswlhmykitersjgjdn\">\n<div class=\"brz-bg\"><\/div>\n<div class=\"brz-row brz-row--inner brz-css-nmBVR brz-css-kkbdU\">\n<div class=\"brz-columns brz-css-gaWDg brz-css-rZ5d2 zoom\" data-brz-custom-id=\"jjlzllpndiontnwuzfmpouuoxkqqthppgnxn\">\n<div class=\"brz-bg\">\n<div class=\"brz-bg-color\"><\/div>\n<\/div>\n<div class=\"brz-column__items brz-css-psr6l brz-css-aiTlr\">\n<div id=\"\" class=\"brz-css-qLHWo brz-css-pKSWN brz-wrapper\">\n<div class=\"brz-rich-text brz-rich-text__custom brz-css-fi_28\" data-brz-custom-id=\"iydsyjmgftgjqhsegivqiihuphryocqzwyue\">\n<div data-brz-translate-text=\"1\">\n<p class=\"brz-fs-sm-15 brz-text-lg-center brz-tp-lg-heading6 brz-css-n_giz\" data-uniq-id=\"ufyck\" data-generated-css=\"brz-css-nmqbx\"><span class=\"brz-cp-color8 brz-span\">V\u00e6rdier<\/span><\/p>\n<\/div>\n<\/div>\n<\/div>\n<\/div>\n<p><a class=\"brz-a brz-container-link\" href=\"\/vaerdier\/\" target=\"_self\" rel=\"noopener\" data-brz-link-type=\"external\"><\/a><\/div>\n<\/div>\n<\/div>\n<div id=\"\" class=\"brz-css-qLHWo brz-css-gPdU8 brz-wrapper\">\n<div class=\"brz-spacer brz-css-tT7_8 brz-css-nKVb1\"><\/div>\n<\/div>\n<div class=\"brz-row__container brz-css-l6pcJ\" data-brz-custom-id=\"kbjvncqncezaoihawzlfauclkffhjegkzvpm\">\n<div class=\"brz-bg\"><\/div>\n<div class=\"brz-row brz-row--inner brz-css-nmBVR brz-css-kkbdU\">\n<div class=\"brz-columns brz-css-gaWDg brz-css-g4ofj zoom\" data-brz-custom-id=\"muxhiqhjcdylzffaxvftmbhcaqbjzvgcvgvd\">\n<div class=\"brz-bg\">\n<div class=\"brz-bg-color\"><\/div>\n<\/div>\n<div class=\"brz-column__items brz-css-psr6l brz-css-oLyEg\">\n<div id=\"\" class=\"brz-css-qLHWo brz-css-c8HGU brz-wrapper\">\n<div class=\"brz-rich-text brz-rich-text__custom brz-css-fi_28\" data-brz-custom-id=\"iljyeenvkqbsimmyjlvtrgcruplwzgjndyfl\">\n<div data-brz-translate-text=\"1\">\n<p class=\"brz-fs-sm-15 brz-text-lg-center brz-tp-lg-heading6 brz-css-kok55\" data-uniq-id=\"uarva\" data-generated-css=\"brz-css-vrypm\"><span class=\"brz-cp-color8\">Historie<\/span><\/p>\n<\/div>\n<\/div>\n<\/div>\n<\/div>\n<p><a class=\"brz-a brz-container-link\" href=\"\/historie\/\" target=\"_self\" rel=\"noopener\" data-brz-link-type=\"external\"><\/a><\/div>\n<\/div>\n<\/div>\n<div id=\"\" class=\"brz-css-qLHWo brz-css-gPdU8 brz-wrapper\">\n<div class=\"brz-spacer brz-css-tT7_8 brz-css-gLhOP\"><\/div>\n<\/div>\n<div class=\"brz-row__container brz-css-l6pcJ\" data-brz-custom-id=\"hkxopmuwuaradslvoywwsqxthvddljftzxtc\">\n<div class=\"brz-bg\"><\/div>\n<div class=\"brz-row brz-row--inner brz-css-nmBVR brz-css-kkbdU\">\n<div class=\"brz-columns brz-css-gaWDg brz-css-wsZEz zoom\" data-brz-custom-id=\"cprolmungbpmsdesjmefkjiefbbpnfwglzss\">\n<div class=\"brz-bg\">\n<div class=\"brz-bg-color\"><\/div>\n<\/div>\n<div class=\"brz-column__items brz-css-psr6l brz-css-t2U1t\">\n<div id=\"\" class=\"brz-css-qLHWo brz-css-l1QHf brz-wrapper\">\n<div class=\"brz-rich-text brz-rich-text__custom brz-css-fi_28\" data-brz-custom-id=\"ppfbrhyvzppsrcoffhroxrueedbpawgvfjjo\">\n<div data-brz-translate-text=\"1\">\n<p class=\"brz-fs-sm-15 brz-tp-lg-heading6 brz-text-lg-center brz-css-sngS5\" data-uniq-id=\"gcwkn\" data-generated-css=\"brz-css-pdvyd\"><span class=\"brz-cp-color8\">Afdelinger<\/span><\/p>\n<\/div>\n<\/div>\n<\/div>\n<\/div>\n<p><a class=\"brz-a brz-container-link\" href=\"\/afdelinger\/\" target=\"_self\" rel=\"noopener\" data-brz-link-type=\"external\"><\/a><\/div>\n<\/div>\n<\/div>\n<div id=\"\" class=\"brz-css-qLHWo brz-css-gPdU8 brz-wrapper\">\n<div class=\"brz-spacer brz-css-tT7_8 brz-css-fyySb\"><\/div>\n<\/div>\n<div class=\"brz-row__container brz-css-l6pcJ\" data-brz-custom-id=\"yafsvrthmavugtsujqdesqutpbdfpejdroou\">\n<div class=\"brz-bg\"><\/div>\n<div class=\"brz-row brz-row--inner brz-css-nmBVR brz-css-kkbdU\">\n<div class=\"brz-columns brz-css-gaWDg brz-css-sk12k zoom\" data-brz-custom-id=\"mdjfbtbeowuggoblmwhhzjreamywehcznrnk\">\n<div class=\"brz-bg\">\n<div class=\"brz-bg-color\"><\/div>\n<\/div>\n<div class=\"brz-column__items brz-css-psr6l brz-css-seOXE\">\n<div id=\"\" class=\"brz-css-qLHWo brz-css-zSpME brz-wrapper\">\n<div class=\"brz-rich-text brz-rich-text__custom brz-css-fi_28\" data-brz-custom-id=\"tyrhzwebhkmpykwpsiyziahluzmdxqpymptr\">\n<div data-brz-translate-text=\"1\">\n<p class=\"brz-fs-sm-15 brz-text-lg-center brz-tp-lg-heading6 brz-css-aUOE3\" data-uniq-id=\"uscwz\" data-generated-css=\"brz-css-vpnhg\"><span class=\"brz-cp-color8\">Virksomheds information<\/span><\/p>\n<\/div>\n<\/div>\n<\/div>\n<\/div>\n<p><a class=\"brz-a brz-container-link\" href=\"\/virksomhedsinformation\/\" target=\"_self\" rel=\"noopener\" data-brz-link-type=\"external\"><\/a><\/div>\n<\/div>\n<\/div>\n<div id=\"\" class=\"brz-css-qLHWo brz-css-gPdU8 brz-wrapper\">\n<div class=\"brz-spacer brz-css-tT7_8 brz-css-oidDy\"><\/div>\n<\/div>\n<div class=\"brz-row__container brz-css-l6pcJ\" data-brz-custom-id=\"herbpqxknfrrqybfycxdykzjxwqnqiwmbyrm\">\n<div class=\"brz-bg\"><\/div>\n<div class=\"brz-row brz-row--inner brz-css-nmBVR brz-css-kkbdU\">\n<div class=\"brz-columns brz-css-gaWDg brz-css-sLuKN zoom\" data-brz-custom-id=\"gpnvrerdypcdrsyijkwrmjbraizzchecvbxd\">\n<div class=\"brz-bg\">\n<div class=\"brz-bg-color\"><\/div>\n<\/div>\n<div class=\"brz-column__items brz-css-psr6l brz-css-iXPtY\">\n<div id=\"\" class=\"brz-css-qLHWo brz-css-aBTCQ brz-wrapper\">\n<div class=\"brz-rich-text brz-rich-text__custom brz-css-fi_28\" data-brz-custom-id=\"dyoxdelvrzksbhvaqdzndstjgffkypvbwwbu\">\n<div data-brz-translate-text=\"1\">\n<p class=\"brz-fs-sm-15 brz-text-lg-center brz-tp-lg-heading6 brz-css-wPa0r\" data-uniq-id=\"mzszg\" data-generated-css=\"brz-css-qzshc\"><span class=\"brz-cp-color8 brz-span\">Milj\u00f8<\/span><\/p>\n<\/div>\n<\/div>\n<\/div>\n<\/div>\n<p><a class=\"brz-a brz-container-link\" href=\"\/miljoe\/\" target=\"_self\" rel=\"noopener\" data-brz-link-type=\"external\"><\/a><\/div>\n<\/div>\n<\/div>\n<div id=\"\" class=\"brz-css-qLHWo brz-css-gPdU8 brz-wrapper\">\n<div class=\"brz-spacer brz-css-tT7_8 brz-css-rH4Ok\"><\/div>\n<\/div>\n<div class=\"brz-row__container brz-css-l6pcJ\" data-brz-custom-id=\"kuqtaardcqpxiibbyzqhqspkirmofwylohlc\">\n<div class=\"brz-bg\"><\/div>\n<div class=\"brz-row brz-row--inner brz-css-nmBVR brz-css-kkbdU\">\n<div class=\"brz-columns brz-css-gaWDg brz-css-x_NId zoom\" data-brz-custom-id=\"ikfjtizildvuilbdbltlxarjvialojszprtu\">\n<div class=\"brz-bg\">\n<div class=\"brz-bg-color\"><\/div>\n<\/div>\n<div class=\"brz-column__items brz-css-psr6l brz-css-cIGfp\">\n<div id=\"\" class=\"brz-css-qLHWo brz-css-pIciK brz-wrapper\">\n<div class=\"brz-rich-text brz-rich-text__custom brz-css-fi_28\" data-brz-custom-id=\"wolajvrthgctgmuajquzulvxzkzhlaocovrl\">\n<div data-brz-translate-text=\"1\">\n<p class=\"brz-fs-sm-15 brz-tp-lg-heading6 brz-text-lg-center brz-css-zUcJk\" data-uniq-id=\"hhrot\" data-generated-css=\"brz-css-ctqbg\"><span class=\"brz-cp-color8 brz-span\">Reklame<\/span><\/p>\n<\/div>\n<\/div>\n<\/div>\n<\/div>\n<p><a class=\"brz-a brz-container-link\" href=\"\/reklame\/\" target=\"_self\" rel=\"noopener\" data-brz-link-type=\"external\"><\/a><\/div>\n<\/div>\n<\/div>\n<div id=\"\" class=\"brz-css-qLHWo brz-css-gPdU8 brz-wrapper\">\n<div class=\"brz-spacer brz-css-tT7_8 brz-css-fYWWt\"><\/div>\n<\/div>\n<\/div>\n<\/div>\n<div class=\"brz-columns brz-css-gaWDg brz-css-pv910\" data-brz-custom-id=\"bocaotvebizooxtsqxikmoheztgkvbaroneh\">\n<div class=\"brz-bg\"><\/div>\n<div class=\"brz-column__items brz-css-psr6l brz-css-sgZvB\">\n<div id=\"\" class=\"brz-css-qLHWo brz-wrapper\">\n<div class=\"brz-rich-text brz-rich-text__custom brz-css-fi_28\" data-brz-custom-id=\"ynghwhjiqanzdmvaacgqvndpndlmqocamdmi\">\n<div data-brz-translate-text=\"1\">\n<h2 class=\"brz-tp-lg-heading2 brz-text-lg-left brz-css-w4QFS\" data-generated-css=\"brz-css-fomdx\" data-uniq-id=\"ypaqi\"><span class=\"brz-cp-color3\">Verdens bedste reklameplads<\/span><\/h2>\n<\/div>\n<\/div>\n<\/div>\n<div id=\"\" class=\"brz-css-qLHWo brz-wrapper\">\n<div class=\"brz-rich-text brz-rich-text__custom brz-css-fi_28\" data-brz-custom-id=\"epyyhlqcenjqezchyuaoyqjfsvlkvqlkuctv\">\n<div data-brz-translate-text=\"1\">\n<h2 class=\"brz-text-lg-left brz-tp-lg-subtitle brz-css-asaKN\" data-uniq-id=\"ahqaz\" data-generated-css=\"brz-css-ccvhi\"><span class=\"brz-cp-color4\">Vi tilbyder vore kunder en unik mulighed for uforstyrret at formidle deres budskaber p\u00e5 de europ\u00e6iske motorveje. Her tr\u00e6nger budskabet direkte igennem til forbrugeren, da der her ikke er konkurrerende reklamest\u00f8j.<\/span><\/h2>\n<\/div>\n<\/div>\n<\/div>\n<div id=\"\" class=\"brz-css-qLHWo brz-wrapper\">\n<div class=\"brz-carousel brz-css-qWGwY brz-css-sD9YZ\" data-brz-custom-id=\"bdmilwclerfhotroothtuyssfqjabpulcibm\">\n<div class=\"brz-carousel__slider\" data-slides-to-show=\"2\" data-slides-to-scroll=\"1\" data-arrows=\"true\" data-dots=\"false\" data-dots-class=\"brz-slick-slider__dots brz-slick-slider__dots--none\" data-auto-play=\"true\" data-auto-play-speed=\"4000\" data-swipe=\"true\" data-fade=\"false\" data-transition-speed=\"3.5\" data-responsive=\"%5B%7B%22breakpoint%22%3A991%2C%22settings%22%3A%7B%22slidesToShow%22%3A2%2C%22slidesToScroll%22%3A1%7D%7D%2C%7B%22breakpoint%22%3A767%2C%22settings%22%3A%7B%22slidesToShow%22%3A1%2C%22slidesToScroll%22%3A1%7D%7D%5D\">\n<div class=\"brz-carousel__item\">\n<div class=\"brz-columns brz-css-gaWDg brz-css-tk6GN\" data-brz-custom-id=\"kovfrsiwffqwixljttgvenwtybaiurniwsjm\">\n<div class=\"brz-bg\"><\/div>\n<div class=\"brz-column__items brz-css-psr6l\">\n<div id=\"\" class=\"brz-css-qLHWo brz-wrapper\">\n<div class=\"brz-image brz-css-eUaRo brz-css-lEx3U\" data-brz-custom-id=\"jhxajzgsifczkosdvkljiuuvrdoiffznphqa\"><img decoding=\"async\" class=\"brz-img\" src=\"https:\/\/npldk.com\/da?brizy_media=wp-0c3da6fa6a98700fedbfb37f580f6510.jpg&amp;brizy_crop=iW%3D552%26iH%3D394%26oX%3D118%26oY%3D67%26cW%3D348%26cH%3D261\" alt=\"\" loading=\"lazy\"><\/div>\n<\/div>\n<\/div>\n<\/div>\n<\/div>\n<div class=\"brz-carousel__item\">\n<div class=\"brz-columns brz-css-gaWDg brz-css-tk6GN\" data-brz-custom-id=\"qqhqqkpztuwctntgstthlyedoraodirqbykb\">\n<div class=\"brz-bg\"><\/div>\n<div class=\"brz-column__items brz-css-psr6l\">\n<div id=\"\" class=\"brz-css-qLHWo brz-wrapper\">\n<div class=\"brz-image brz-css-vivvD brz-css-jXcV_\" data-brz-custom-id=\"nphvvfdxpnxlidmhxbdgihugausdxqqfccft\"><img decoding=\"async\" class=\"brz-img\" src=\"https:\/\/npldk.com\/da?brizy_media=wp-efab6ce16ef0d2052d12258ce5855ecf.jpg&amp;brizy_crop=iW%3D393%26iH%3D262%26oX%3D23%26oY%3D0%26cW%3D348%26cH%3D262\" alt=\"\" loading=\"lazy\"><\/div>\n<\/div>\n<\/div>\n<\/div>\n<\/div>\n<div class=\"brz-carousel__item\">\n<div class=\"brz-columns brz-css-gaWDg brz-css-tk6GN\" data-brz-custom-id=\"uzldhpxhakcjjvylqfrcennmtnhgheuohdip\">\n<div class=\"brz-bg\"><\/div>\n<div class=\"brz-column__items brz-css-psr6l\">\n<div id=\"\" class=\"brz-css-qLHWo brz-wrapper\">\n<div class=\"brz-image brz-css-uMic_ brz-css-kys99\" data-brz-custom-id=\"mladvhpvxqbjxvinwptcfcqwikjyfpmetyyp\"><img decoding=\"async\" class=\"brz-img\" src=\"https:\/\/npldk.com\/da?brizy_media=wp-cb22bcc400f9107b3c72c6606b209878.jpg&amp;brizy_crop=iW%3D393%26iH%3D262%26oX%3D45%26oY%3D0%26cW%3D348%26cH%3D262\" alt=\"\" loading=\"lazy\"><\/div>\n<\/div>\n<\/div>\n<\/div>\n<\/div>\n<div class=\"brz-carousel__item\">\n<div class=\"brz-columns brz-css-gaWDg brz-css-tk6GN\" data-brz-custom-id=\"ebpoinzaykjnkryydgzgrifrxfmuunezqyhe\">\n<div class=\"brz-bg\"><\/div>\n<div class=\"brz-column__items brz-css-psr6l\">\n<div id=\"\" class=\"brz-css-qLHWo brz-wrapper\">\n<div class=\"brz-image brz-css-n3vjC brz-css-yPPoL\" data-brz-custom-id=\"gcjykhsuaekosqzktfgvwjoytlqloswxweey\"><img decoding=\"async\" class=\"brz-img\" src=\"https:\/\/npldk.com\/da?brizy_media=wp-33a171d4cda22879daa485c529cc27ba.jpg&amp;brizy_crop=iW%3D369%26iH%3D263%26oX%3D0%26oY%3D0%26cW%3D348%26cH%3D263\" alt=\"\" loading=\"lazy\"><\/div>\n<\/div>\n<\/div>\n<\/div>\n<\/div>\n<\/div>\n<\/div>\n<\/div>\n<div id=\"\" class=\"brz-css-qLHWo brz-wrapper\">\n<div class=\"brz-rich-text brz-rich-text__custom brz-css-fi_28\" data-brz-custom-id=\"kclwaianqjhgzdnrzqsarxeszlspdixbzarx\">\n<div data-brz-translate-text=\"1\">\n<p class=\"brz-tp-lg-paragraph brz-css-dV7Du\" data-uniq-id=\"lxsrj\" data-generated-css=\"brz-css-kbrcm\"><span class=\"brz-cp-color3\">P\u00e5 siden af Niels Pagh Logistics A\/S\u00b4 lastbiler er der to 40,5 m2 store eksponeringsflader. Det har derved st\u00f8rrelsen og udtrykket kendt fra stilladsreklame.<\/span><\/p>\n<p class=\"brz-tp-lg-paragraph brz-css-rSpez\" data-uniq-id=\"agljl\" data-generated-css=\"brz-css-lszki\"><span class=\"brz-cp-color3\"> <\/span><\/p>\n<p class=\"brz-tp-lg-paragraph brz-css-q27mR\" data-uniq-id=\"vzuma\" data-generated-css=\"brz-css-vxdsd\"><span class=\"brz-cp-color3\">Hos os kan virksomheder k\u00f8be et f\u00e6rdigt reklamekoncept, hvor der bl.a. er mulighed for at eksponere sig ude p\u00e5 Europas landeveje.<\/span><\/p>\n<p class=\"brz-tp-lg-paragraph brz-css-ttOnc\" data-generated-css=\"brz-css-bfcqv\" data-uniq-id=\"twguh\"><span class=\"brz-cp-color3\"> <\/span><\/p>\n<h2 class=\"brz-text-lg-left brz-tp-lg-paragraph brz-css-mlEFC\" data-generated-css=\"brz-css-dixxe\" data-uniq-id=\"mtgbt\"><span class=\"brz-cp-color3\">Vi p\u00e5tager os opgaven med b\u00e5de fremstilling og montering af reklamerne, s\u00e5 \u00f8nsker din virksomhed st\u00f8rre opm\u00e6rksomhed i Danmark og udlandet, s\u00e5 kontakt Niels Pagh Logistics A\/S for en uforpligtende reklamesnak p\u00e5 telefon +45 76 96 31 25.<\/span><\/h2>\n<\/div>\n<\/div>\n<\/div>\n<\/div>\n<\/div>\n<\/div>\n<\/div>\n<\/div>\n<\/div>\n<\/section>\n<\/div>\n<p>    <!-- version:1733273634 --><\/p>\n","protected":false},"excerpt":{"rendered":"<p>ABOUT NIELS PAGH LOGISTICS V\u00e6rdier Historie Afdelinger Virksomheds information Milj\u00f8 Reklame Verdens bedste reklameplads Vi tilbyder vore kunder en unik mulighed for uforstyrret at formidle deres budskaber p\u00e5 de europ\u00e6iske motorveje. Her tr\u00e6nger budskabet direkte igennem til forbrugeren, da der her ikke er konkurrerende reklamest\u00f8j. P\u00e5 siden af Niels Pagh Logistics A\/S\u00b4 lastbiler er der [&hellip;]<\/p>\n","protected":false},"author":1,"featured_media":0,"parent":0,"menu_order":0,"comment_status":"closed","ping_status":"closed","template":"brizy-blank-template.php","meta":{"footnotes":""},"class_list":["post-3207","page","type-page","status-publish","hentry"],"yoast_head":"<!-- This site is optimized with the Yoast SEO plugin v27.4 - https:\/\/yoast.com\/product\/yoast-seo-wordpress\/ -->\n<title>Reklame - NPL<\/title>\n<meta name=\"robots\" content=\"index, follow, max-snippet:-1, max-image-preview:large, max-video-preview:-1\" \/>\n<link rel=\"canonical\" href=\"https:\/\/npldk.com\/da\/reklame\/\" \/>\n<meta property=\"og:locale\" content=\"da_DK\" \/>\n<meta property=\"og:type\" content=\"article\" \/>\n<meta property=\"og:title\" content=\"Reklame - NPL\" \/>\n<meta property=\"og:description\" content=\"ABOUT NIELS PAGH LOGISTICS V\u00e6rdier Historie Afdelinger Virksomheds information Milj\u00f8 Reklame Verdens bedste reklameplads Vi tilbyder vore kunder en unik mulighed for uforstyrret at formidle deres budskaber p\u00e5 de europ\u00e6iske motorveje. Her tr\u00e6nger budskabet direkte igennem til forbrugeren, da der her ikke er konkurrerende reklamest\u00f8j. P\u00e5 siden af Niels Pagh Logistics A\/S\u00b4 lastbiler er der [&hellip;]\" \/>\n<meta property=\"og:url\" content=\"https:\/\/npldk.com\/da\/reklame\/\" \/>\n<meta property=\"og:site_name\" content=\"NPL\" \/>\n<meta property=\"article:modified_time\" content=\"2026-03-10T20:24:33+00:00\" \/>\n<meta property=\"og:image\" content=\"https:\/\/npldk.com\/da?brizy_media=wp-0c3da6fa6a98700fedbfb37f580f6510.jpg&amp;brizy_crop=iW%3D552%26iH%3D394%26oX%3D118%26oY%3D67%26cW%3D348%26cH%3D261\" \/>\n<meta name=\"twitter:card\" content=\"summary_large_image\" \/>\n<meta name=\"twitter:label1\" content=\"Estimeret l\u00e6setid\" \/>\n\t<meta name=\"twitter:data1\" content=\"1 minut\" \/>\n<script type=\"application\/ld+json\" class=\"yoast-schema-graph\">{\"@context\":\"https:\\\/\\\/schema.org\",\"@graph\":[{\"@type\":\"WebPage\",\"@id\":\"https:\\\/\\\/npldk.com\\\/da\\\/reklame\\\/\",\"url\":\"https:\\\/\\\/npldk.com\\\/da\\\/reklame\\\/\",\"name\":\"Reklame - NPL\",\"isPartOf\":{\"@id\":\"https:\\\/\\\/npldk.com\\\/da\\\/?lang=da\\\/#website\"},\"primaryImageOfPage\":{\"@id\":\"https:\\\/\\\/npldk.com\\\/da\\\/reklame\\\/#primaryimage\"},\"image\":{\"@id\":\"https:\\\/\\\/npldk.com\\\/da\\\/reklame\\\/#primaryimage\"},\"thumbnailUrl\":\"https:\\\/\\\/npldk.com\\\/da?brizy_media=wp-0c3da6fa6a98700fedbfb37f580f6510.jpg&amp;brizy_crop=iW%3D552%26iH%3D394%26oX%3D118%26oY%3D67%26cW%3D348%26cH%3D261\",\"datePublished\":\"2021-10-27T11:55:24+00:00\",\"dateModified\":\"2026-03-10T20:24:33+00:00\",\"breadcrumb\":{\"@id\":\"https:\\\/\\\/npldk.com\\\/da\\\/reklame\\\/#breadcrumb\"},\"inLanguage\":\"da-DK\",\"potentialAction\":[{\"@type\":\"ReadAction\",\"target\":[\"https:\\\/\\\/npldk.com\\\/da\\\/reklame\\\/\"]}]},{\"@type\":\"ImageObject\",\"inLanguage\":\"da-DK\",\"@id\":\"https:\\\/\\\/npldk.com\\\/da\\\/reklame\\\/#primaryimage\",\"url\":\"https:\\\/\\\/npldk.com\\\/da?brizy_media=wp-0c3da6fa6a98700fedbfb37f580f6510.jpg&amp;brizy_crop=iW%3D552%26iH%3D394%26oX%3D118%26oY%3D67%26cW%3D348%26cH%3D261\",\"contentUrl\":\"https:\\\/\\\/npldk.com\\\/da?brizy_media=wp-0c3da6fa6a98700fedbfb37f580f6510.jpg&amp;brizy_crop=iW%3D552%26iH%3D394%26oX%3D118%26oY%3D67%26cW%3D348%26cH%3D261\"},{\"@type\":\"BreadcrumbList\",\"@id\":\"https:\\\/\\\/npldk.com\\\/da\\\/reklame\\\/#breadcrumb\",\"itemListElement\":[{\"@type\":\"ListItem\",\"position\":1,\"name\":\"Hjem\",\"item\":\"https:\\\/\\\/npldk.com\\\/da\\\/\"},{\"@type\":\"ListItem\",\"position\":2,\"name\":\"Reklame\"}]},{\"@type\":\"WebSite\",\"@id\":\"https:\\\/\\\/npldk.com\\\/da\\\/?lang=da\\\/#website\",\"url\":\"https:\\\/\\\/npldk.com\\\/da\\\/?lang=da\\\/\",\"name\":\"NPL\",\"description\":\"\",\"potentialAction\":[{\"@type\":\"SearchAction\",\"target\":{\"@type\":\"EntryPoint\",\"urlTemplate\":\"https:\\\/\\\/npldk.com\\\/da\\\/?lang=da\\\/?s={search_term_string}\"},\"query-input\":{\"@type\":\"PropertyValueSpecification\",\"valueRequired\":true,\"valueName\":\"search_term_string\"}}],\"inLanguage\":\"da-DK\"}]}<\/script>\n<!-- \/ Yoast SEO plugin. -->","yoast_head_json":{"title":"Reklame - NPL","robots":{"index":"index","follow":"follow","max-snippet":"max-snippet:-1","max-image-preview":"max-image-preview:large","max-video-preview":"max-video-preview:-1"},"canonical":"https:\/\/npldk.com\/da\/reklame\/","og_locale":"da_DK","og_type":"article","og_title":"Reklame - NPL","og_description":"ABOUT NIELS PAGH LOGISTICS V\u00e6rdier Historie Afdelinger Virksomheds information Milj\u00f8 Reklame Verdens bedste reklameplads Vi tilbyder vore kunder en unik mulighed for uforstyrret at formidle deres budskaber p\u00e5 de europ\u00e6iske motorveje. Her tr\u00e6nger budskabet direkte igennem til forbrugeren, da der her ikke er konkurrerende reklamest\u00f8j. P\u00e5 siden af Niels Pagh Logistics A\/S\u00b4 lastbiler er der [&hellip;]","og_url":"https:\/\/npldk.com\/da\/reklame\/","og_site_name":"NPL","article_modified_time":"2026-03-10T20:24:33+00:00","og_image":[{"url":"https:\/\/npldk.com\/da?brizy_media=wp-0c3da6fa6a98700fedbfb37f580f6510.jpg&amp;brizy_crop=iW%3D552%26iH%3D394%26oX%3D118%26oY%3D67%26cW%3D348%26cH%3D261","type":"","width":"","height":""}],"twitter_card":"summary_large_image","twitter_misc":{"Estimeret l\u00e6setid":"1 minut"},"schema":{"@context":"https:\/\/schema.org","@graph":[{"@type":"WebPage","@id":"https:\/\/npldk.com\/da\/reklame\/","url":"https:\/\/npldk.com\/da\/reklame\/","name":"Reklame - NPL","isPartOf":{"@id":"https:\/\/npldk.com\/da\/?lang=da\/#website"},"primaryImageOfPage":{"@id":"https:\/\/npldk.com\/da\/reklame\/#primaryimage"},"image":{"@id":"https:\/\/npldk.com\/da\/reklame\/#primaryimage"},"thumbnailUrl":"https:\/\/npldk.com\/da?brizy_media=wp-0c3da6fa6a98700fedbfb37f580f6510.jpg&amp;brizy_crop=iW%3D552%26iH%3D394%26oX%3D118%26oY%3D67%26cW%3D348%26cH%3D261","datePublished":"2021-10-27T11:55:24+00:00","dateModified":"2026-03-10T20:24:33+00:00","breadcrumb":{"@id":"https:\/\/npldk.com\/da\/reklame\/#breadcrumb"},"inLanguage":"da-DK","potentialAction":[{"@type":"ReadAction","target":["https:\/\/npldk.com\/da\/reklame\/"]}]},{"@type":"ImageObject","inLanguage":"da-DK","@id":"https:\/\/npldk.com\/da\/reklame\/#primaryimage","url":"https:\/\/npldk.com\/da?brizy_media=wp-0c3da6fa6a98700fedbfb37f580f6510.jpg&amp;brizy_crop=iW%3D552%26iH%3D394%26oX%3D118%26oY%3D67%26cW%3D348%26cH%3D261","contentUrl":"https:\/\/npldk.com\/da?brizy_media=wp-0c3da6fa6a98700fedbfb37f580f6510.jpg&amp;brizy_crop=iW%3D552%26iH%3D394%26oX%3D118%26oY%3D67%26cW%3D348%26cH%3D261"},{"@type":"BreadcrumbList","@id":"https:\/\/npldk.com\/da\/reklame\/#breadcrumb","itemListElement":[{"@type":"ListItem","position":1,"name":"Hjem","item":"https:\/\/npldk.com\/da\/"},{"@type":"ListItem","position":2,"name":"Reklame"}]},{"@type":"WebSite","@id":"https:\/\/npldk.com\/da\/?lang=da\/#website","url":"https:\/\/npldk.com\/da\/?lang=da\/","name":"NPL","description":"","potentialAction":[{"@type":"SearchAction","target":{"@type":"EntryPoint","urlTemplate":"https:\/\/npldk.com\/da\/?lang=da\/?s={search_term_string}"},"query-input":{"@type":"PropertyValueSpecification","valueRequired":true,"valueName":"search_term_string"}}],"inLanguage":"da-DK"}]}},"brizy_media":[],"_links":{"self":[{"href":"https:\/\/npldk.com\/da\/wp-json\/wp\/v2\/pages\/3207","targetHints":{"allow":["GET"]}}],"collection":[{"href":"https:\/\/npldk.com\/da\/wp-json\/wp\/v2\/pages"}],"about":[{"href":"https:\/\/npldk.com\/da\/wp-json\/wp\/v2\/types\/page"}],"author":[{"embeddable":true,"href":"https:\/\/npldk.com\/da\/wp-json\/wp\/v2\/users\/1"}],"replies":[{"embeddable":true,"href":"https:\/\/npldk.com\/da\/wp-json\/wp\/v2\/comments?post=3207"}],"version-history":[{"count":0,"href":"https:\/\/npldk.com\/da\/wp-json\/wp\/v2\/pages\/3207\/revisions"}],"wp:attachment":[{"href":"https:\/\/npldk.com\/da\/wp-json\/wp\/v2\/media?parent=3207"}],"curies":[{"name":"wp","href":"https:\/\/api.w.org\/{rel}","templated":true}]}}