{"id":3294,"date":"2021-10-27T12:31:19","date_gmt":"2021-10-27T12:31:19","guid":{"rendered":"https:\/\/npldk.com\/?page_id=3294"},"modified":"2026-03-12T03:50:30","modified_gmt":"2026-03-12T03:50:30","slug":"chauffoerer","status":"publish","type":"page","link":"https:\/\/npldk.com\/da\/chauffoerer\/","title":{"rendered":"Chauff\u00f8rer"},"content":{"rendered":"<div class=\"brz-root__container brz-reset-all brz\">\n<section id=\"_fjcouwnbhkkrredsvvagabllxbidgurmnxlx\" class=\"brz-section brz-css-uC2DE\">\n<div class=\"brz-section__content brz-section--boxed brz-css-k1VYu brz-css-x4AoY\" data-brz-custom-id=\"gmrdqwclnalqzzngksldgnetdfldyudgrmkl\">\n<div class=\"brz-bg\">\n<div class=\"brz-bg-shape brz-bg-shape__bottom\"><\/div>\n<\/div>\n<div class=\"brz-container brz-css-jUu2T\">\n<div class=\"brz-row__container brz-css-lHv3r brz-css-sXfXJ\" data-brz-custom-id=\"grqrlscfqmfasmyyipfskqldhsirgpeoqgvb\">\n<div class=\"brz-bg\"><\/div>\n<div class=\"brz-row brz-css-qAZU0\">\n<div class=\"brz-columns brz-css-elYZz brz-css-nppio\" data-brz-custom-id=\"odozrjavgkwmttgdijwhmrkmmclgqmwksofu\">\n<div class=\"brz-bg\">\n<div class=\"brz-bg-image\"><\/div>\n<div class=\"brz-bg-color\"><\/div>\n<\/div>\n<div class=\"brz-column__items brz-css-hcm_8 brz-css-yacCt\">\n<div class=\"brz-row__container brz-css-lHv3r\" data-brz-custom-id=\"yvoofxorxkektffbcwalgajggysxypkcmanc\">\n<div class=\"brz-bg\"><\/div>\n<div class=\"brz-row brz-row--inner brz-css-qAZU0 brz-css-vwtrP\">\n<div class=\"brz-columns brz-css-elYZz brz-css-huChp\" data-brz-custom-id=\"yddcvwljijicddjjndtfiwpiqbqfcvhqfrox\">\n<div class=\"brz-bg\">\n<div class=\"brz-bg-color\"><\/div>\n<\/div>\n<div class=\"brz-column__items brz-css-hcm_8 brz-css-zQJnQ\">\n<div id=\"\" class=\"brz-css-gKPxT brz-wrapper\">\n<div class=\"brz-rich-text brz-rich-text__custom brz-css-v66Gi\" data-brz-custom-id=\"xkhsrhzimuplnddtqhjiktgtaxuxhvnmxgid\">\n<div data-brz-translate-text=\"1\">\n<p class=\"brz-text-lg-center brz-lh-lg-1_3 brz-lh-sm-im-1_3 brz-lh-xs-im-1_3 brz-fs-lg-32 brz-fs-xs-im-22 brz-ls-lg-m_1 brz-ls-sm-im-0 brz-ls-xs-im-0 brz-ff-montserrat brz-ft-google brz-fw-lg-300 brz-fw-sm-im-300 brz-fw-xs-im-300 brz-fs-sm-19 brz-css-aBxkf\"><span class=\"brz-cp-color8\">TRANSPORT<\/span><\/p>\n<\/div>\n<\/div>\n<\/div>\n<\/div>\n<p><a class=\"brz-a brz-container-link\" href=\"\/transport\/\" target=\"_self\" rel=\"noopener\" data-brz-link-type=\"external\"><\/a><\/div>\n<\/div>\n<\/div>\n<div id=\"\" class=\"brz-css-gKPxT brz-css-mNIzX brz-wrapper\">\n<div class=\"brz-spacer brz-css-eft61 brz-css-oC_YE\"><\/div>\n<\/div>\n<div class=\"brz-row__container brz-css-lHv3r\" data-brz-custom-id=\"nojhgksryuwgzjduioncmusggfzzqeundqnq\">\n<div class=\"brz-bg\"><\/div>\n<div class=\"brz-row brz-row--inner brz-css-qAZU0 brz-css-vwtrP\">\n<div class=\"brz-columns brz-css-elYZz brz-css-cmVgR zoom\" data-brz-custom-id=\"kegkxrpcxlvzllcmlspooshcsubnhqfvyvqx\">\n<div class=\"brz-bg\">\n<div class=\"brz-bg-color\"><\/div>\n<\/div>\n<div class=\"brz-column__items brz-css-hcm_8 brz-css-n4jhS\">\n<div id=\"\" class=\"brz-css-gKPxT brz-css-wOddL brz-wrapper\">\n<div class=\"brz-rich-text brz-rich-text__custom brz-css-v66Gi\" data-brz-custom-id=\"phjuqhmuamqlychdvsgzkwejcpmpfcfawouc\">\n<div data-brz-translate-text=\"1\">\n<p class=\"brz-lh-sm-1_3 brz-fs-sm-15 brz-tp-lg-heading6 brz-text-lg-center brz-css-kbueB\" data-uniq-id=\"wmmyd\" data-generated-css=\"brz-css-mxvxb\"><span class=\"brz-cp-color8 brz-span\">Vejtransport<\/span><\/p>\n<\/div>\n<\/div>\n<\/div>\n<\/div>\n<p><a class=\"brz-a brz-container-link\" href=\"\/vejtransport\/\" target=\"_self\" rel=\"noopener\" data-brz-link-type=\"external\"><\/a><\/div>\n<\/div>\n<\/div>\n<div id=\"\" class=\"brz-css-gKPxT brz-css-mNIzX brz-wrapper\">\n<div class=\"brz-spacer brz-css-eft61 brz-css-hVxwu\"><\/div>\n<\/div>\n<div class=\"brz-row__container brz-css-lHv3r\" data-brz-custom-id=\"dfwivxsreqcsjvsydfmjsoymsrrhdmbrxjfv\">\n<div class=\"brz-bg\"><\/div>\n<div class=\"brz-row brz-row--inner brz-css-qAZU0 brz-css-vwtrP\">\n<div class=\"brz-columns brz-css-elYZz brz-css-pbE4r zoom\" data-brz-custom-id=\"ppflxbafyooflcnfxbrizpbtsmcbovcwnpai\">\n<div class=\"brz-bg\">\n<div class=\"brz-bg-color\"><\/div>\n<\/div>\n<div class=\"brz-column__items brz-css-hcm_8 brz-css-sPrrh\">\n<div id=\"\" class=\"brz-css-gKPxT brz-css-djGuE brz-wrapper\">\n<div class=\"brz-rich-text brz-rich-text__custom brz-css-v66Gi\" data-brz-custom-id=\"uvixaijriscuntbgmjnghfnkamesjwcizyhu\">\n<div data-brz-translate-text=\"1\">\n<p class=\"brz-text-lg-center brz-tp-lg-heading6 brz-fs-sm-15 brz-lh-sm-1_3 brz-css-voYZb\" data-generated-css=\"brz-css-smtnh\" data-uniq-id=\"ctrks\"><span class=\"brz-cp-color8\">K\u00f8letransport<\/span><\/p>\n<\/div>\n<\/div>\n<\/div>\n<\/div>\n<p><a class=\"brz-a brz-container-link\" href=\"\/koeletransport\/\" target=\"_self\" rel=\"noopener\" data-brz-link-type=\"external\"><\/a><\/div>\n<\/div>\n<\/div>\n<div id=\"\" class=\"brz-css-gKPxT brz-css-mNIzX brz-wrapper\">\n<div class=\"brz-spacer brz-css-eft61 brz-css-u9CNh\"><\/div>\n<\/div>\n<div class=\"brz-row__container brz-css-lHv3r\" data-brz-custom-id=\"dwahiwmhhartkplxfalmipozzdyczhkyyheh\">\n<div class=\"brz-bg\"><\/div>\n<div class=\"brz-row brz-row--inner brz-css-qAZU0 brz-css-vwtrP\">\n<div class=\"brz-columns brz-css-elYZz brz-css-zDN2P zoom\" data-brz-custom-id=\"lxzdfhjeenhbgnzdkhvosvadbbdivcxduvhb\">\n<div class=\"brz-bg\">\n<div class=\"brz-bg-color\"><\/div>\n<\/div>\n<div class=\"brz-column__items brz-css-hcm_8 brz-css-cgjkm\">\n<div id=\"\" class=\"brz-css-gKPxT brz-css-dGdXM brz-wrapper\">\n<div class=\"brz-rich-text brz-rich-text__custom brz-css-v66Gi\" data-brz-custom-id=\"ulrhktigcjattbterauggmmncotwssxmnoqo\">\n<div data-brz-translate-text=\"1\">\n<p class=\"brz-tp-lg-heading6 brz-text-lg-center brz-fs-sm-15 brz-lh-sm-1_3 brz-css-hxr0e\" data-generated-css=\"brz-css-makzv\" data-uniq-id=\"epoxk\"><span class=\"brz-cp-color8\">Hastelevering<\/span><\/p>\n<\/div>\n<\/div>\n<\/div>\n<\/div>\n<p><a class=\"brz-a brz-container-link\" href=\"\/hastelevering\/\" target=\"_self\" rel=\"noopener\" data-brz-link-type=\"external\"><\/a><\/div>\n<\/div>\n<\/div>\n<div id=\"\" class=\"brz-css-gKPxT brz-css-mNIzX brz-wrapper\">\n<div class=\"brz-spacer brz-css-eft61 brz-css-dNIeg\"><\/div>\n<\/div>\n<div class=\"brz-row__container brz-css-lHv3r\" data-brz-custom-id=\"epgdorlyjlnpqeimmbpcxsgdnyeddlzcarmv\">\n<div class=\"brz-bg\"><\/div>\n<div class=\"brz-row brz-row--inner brz-css-qAZU0 brz-css-vwtrP\">\n<div class=\"brz-columns brz-css-elYZz brz-css-roWmE zoom\" data-brz-custom-id=\"vbdbfzhzlhnkntgpqbiubejvrakpobanclkb\">\n<div class=\"brz-bg\">\n<div class=\"brz-bg-color\"><\/div>\n<\/div>\n<div class=\"brz-column__items brz-css-hcm_8 brz-css-sAjWR\">\n<div id=\"\" class=\"brz-css-gKPxT brz-css-yk0l1 brz-wrapper\">\n<div class=\"brz-rich-text brz-rich-text__custom brz-css-v66Gi\" data-brz-custom-id=\"wyuaaonjmiixyzccyudqaqfburkvzvgbackt\">\n<div data-brz-translate-text=\"1\">\n<p class=\"brz-text-lg-center brz-tp-lg-heading6 brz-fs-sm-15 brz-lh-sm-1_3 brz-css-jHfnr\" data-generated-css=\"brz-css-etqth\" data-uniq-id=\"bkdob\"><span class=\"brz-cp-color8\">Flyttetransport&nbsp;<\/span><\/p>\n<\/div>\n<\/div>\n<\/div>\n<\/div>\n<p><a class=\"brz-a brz-container-link\" href=\"\/flyttetransport \/\" target=\"_self\" rel=\"noopener\" data-brz-link-type=\"external\"><\/a><\/div>\n<\/div>\n<\/div>\n<div id=\"\" class=\"brz-css-gKPxT brz-css-mNIzX brz-wrapper\">\n<div class=\"brz-spacer brz-css-eft61 brz-css-r0Pj3\"><\/div>\n<\/div>\n<div class=\"brz-row__container brz-css-lHv3r\" data-brz-custom-id=\"wmbzzmmivhccxlnyypqlltunferxemnlffza\">\n<div class=\"brz-bg\"><\/div>\n<div class=\"brz-row brz-row--inner brz-css-qAZU0 brz-css-vwtrP\">\n<div class=\"brz-columns brz-css-elYZz brz-css-csnj3 zoom\" data-brz-custom-id=\"wahxtedvodpkotuhqhnvzisnovfcybtftpii\">\n<div class=\"brz-bg\">\n<div class=\"brz-bg-color\"><\/div>\n<\/div>\n<div class=\"brz-column__items brz-css-hcm_8 brz-css-ruN3v\">\n<div id=\"\" class=\"brz-css-gKPxT brz-css-xvoXC brz-wrapper\">\n<div class=\"brz-rich-text brz-rich-text__custom brz-css-v66Gi\" data-brz-custom-id=\"njnsmsfulrxioymuwqwywfhdoskweynhanay\">\n<div data-brz-translate-text=\"1\">\n<p class=\"brz-lh-sm-1_3 brz-fs-sm-15 brz-tp-lg-heading6 brz-text-lg-center brz-css-eueTN\" data-uniq-id=\"quwqi\" data-generated-css=\"brz-css-lsxom\"><span class=\"brz-cp-color8\">Lager<\/span><\/p>\n<\/div>\n<\/div>\n<\/div>\n<\/div>\n<p><a class=\"brz-a brz-container-link\" href=\"\/lager\/\" target=\"_self\" rel=\"noopener\" data-brz-link-type=\"external\"><\/a><\/div>\n<\/div>\n<\/div>\n<div id=\"\" class=\"brz-css-gKPxT brz-css-mNIzX brz-wrapper\">\n<div class=\"brz-spacer brz-css-eft61 brz-css-bM6qT\"><\/div>\n<\/div>\n<div class=\"brz-row__container brz-css-lHv3r\" data-brz-custom-id=\"lveuakumpyxbodtjbjmpgfgnchqsaxyaahfw\">\n<div class=\"brz-bg\"><\/div>\n<div class=\"brz-row brz-row--inner brz-css-qAZU0 brz-css-vwtrP\">\n<div class=\"brz-columns brz-css-elYZz brz-css-frxWG zoom\" data-brz-custom-id=\"dxzvymzzupxvbyggxrlvoodoehvnqtiksriq\">\n<div class=\"brz-bg\">\n<div class=\"brz-bg-color\"><\/div>\n<\/div>\n<div class=\"brz-column__items brz-css-hcm_8 brz-css-m_Rhy\">\n<div id=\"\" class=\"brz-css-gKPxT brz-css-u9NRV brz-wrapper\">\n<div class=\"brz-rich-text brz-rich-text__custom brz-css-v66Gi\" data-brz-custom-id=\"ebixtzagxuhhvctnmfemiaunssgrctufrgkl\">\n<div data-brz-translate-text=\"1\">\n<p class=\"brz-tp-lg-heading6 brz-text-lg-center brz-fs-sm-15 brz-lh-sm-1_3 brz-css-hU7rl\" data-generated-css=\"brz-css-tksay\" data-uniq-id=\"wxuzi\"><span class=\"brz-cp-color8\">Vognpark<\/span><\/p>\n<\/div>\n<\/div>\n<\/div>\n<\/div>\n<p><a class=\"brz-a brz-container-link\" href=\"\/vognpark\/\" target=\"_self\" rel=\"noopener\" data-brz-link-type=\"external\"><\/a><\/div>\n<\/div>\n<\/div>\n<div id=\"\" class=\"brz-css-gKPxT brz-css-mNIzX brz-wrapper\">\n<div class=\"brz-spacer brz-css-eft61 brz-css-voR7O\"><\/div>\n<\/div>\n<div class=\"brz-row__container brz-css-lHv3r\" data-brz-custom-id=\"dpxycmnblnlxbcvwivlvotxkrmhmcxcfpctn\">\n<div class=\"brz-bg\"><\/div>\n<div class=\"brz-row brz-row--inner brz-css-qAZU0 brz-css-vwtrP\">\n<div class=\"brz-columns brz-css-elYZz brz-css-kubCX zoom\" data-brz-custom-id=\"xbawoevpckvphudszntxbprjwvjgxzktntss\">\n<div class=\"brz-bg\">\n<div class=\"brz-bg-color\"><\/div>\n<\/div>\n<div class=\"brz-column__items brz-css-hcm_8 brz-css-pQ8la\">\n<div id=\"\" class=\"brz-css-gKPxT brz-css-wDXHy brz-wrapper\">\n<div class=\"brz-rich-text brz-rich-text__custom brz-css-v66Gi\" data-brz-custom-id=\"oiwwzogfnhxztosbowecpnvyqltffpmergvj\">\n<div data-brz-translate-text=\"1\">\n<p class=\"brz-tp-lg-heading6 brz-text-lg-center brz-fs-sm-15 brz-lh-sm-1_3 brz-css-kXK7y\" data-generated-css=\"brz-css-opdkh\" data-uniq-id=\"zufdy\"><span class=\"brz-cp-color8\">Chauff\u00f8rer<\/span><\/p>\n<\/div>\n<\/div>\n<\/div>\n<\/div>\n<p><a class=\"brz-a brz-container-link\" href=\"\/chauffoerer\/\" target=\"_self\" rel=\"noopener\" data-brz-link-type=\"external\"><\/a><\/div>\n<\/div>\n<\/div>\n<div id=\"\" class=\"brz-css-gKPxT brz-css-mNIzX brz-wrapper\">\n<div class=\"brz-spacer brz-css-eft61 brz-css-foVoc\"><\/div>\n<\/div>\n<div class=\"brz-row__container brz-css-lHv3r\" data-brz-custom-id=\"fpklzdzavgvueckvclnodtkappffwxipsbvt\">\n<div class=\"brz-bg\"><\/div>\n<div class=\"brz-row brz-row--inner brz-css-qAZU0 brz-css-vwtrP\">\n<div class=\"brz-columns brz-css-elYZz brz-css-jLL9C zoom\" data-brz-custom-id=\"qaspxzidauqmcjpooklvqzexrpfbdulzdgbs\">\n<div class=\"brz-bg\">\n<div class=\"brz-bg-color\"><\/div>\n<\/div>\n<div class=\"brz-column__items brz-css-hcm_8 brz-css-tqV87\">\n<div id=\"\" class=\"brz-css-gKPxT brz-css-unHj4 brz-wrapper\">\n<div class=\"brz-rich-text brz-rich-text__custom brz-css-v66Gi\" data-brz-custom-id=\"qherisnrttmhffzpqhouvqucwplosiwdcckm\">\n<div data-brz-translate-text=\"1\">\n<p class=\"brz-lh-sm-1_3 brz-fs-sm-15 brz-text-lg-center brz-tp-lg-heading6 brz-css-xXjP_\" data-uniq-id=\"updwi\" data-generated-css=\"brz-css-rbvqe\"><span class=\"brz-cp-color8\">Vilk\u00e5r<\/span><\/p>\n<\/div>\n<\/div>\n<\/div>\n<\/div>\n<p><a class=\"brz-a brz-container-link\" href=\"\/vilkaar\/\" target=\"_self\" rel=\"noopener\" data-brz-link-type=\"external\"><\/a><\/div>\n<\/div>\n<\/div>\n<div id=\"\" class=\"brz-css-gKPxT brz-css-mNIzX brz-wrapper\">\n<div class=\"brz-spacer brz-css-eft61 brz-css-sKijs\"><\/div>\n<\/div>\n<\/div>\n<\/div>\n<div class=\"brz-columns brz-css-elYZz brz-css-pyu2L\" data-brz-custom-id=\"abuxiwdnkzneknkiobwzxpdbvepjurgvoyia\">\n<div class=\"brz-bg\"><\/div>\n<div class=\"brz-column__items brz-css-hcm_8 brz-css-c8LQD\">\n<div id=\"\" class=\"brz-css-gKPxT brz-wrapper\">\n<div class=\"brz-rich-text brz-rich-text__custom brz-css-v66Gi\" data-brz-custom-id=\"rxnedlkgrndwtjelrfpwnousdrrojeigokom\">\n<div data-brz-translate-text=\"1\">\n<h2 class=\"brz-tp-lg-heading2 brz-text-lg-left brz-css-c8YvF\" data-generated-css=\"brz-css-szifm\" data-uniq-id=\"iximy\"><span class=\"brz-cp-color3\">Chauff\u00f8rer<\/span><\/h2>\n<\/div>\n<\/div>\n<\/div>\n<div id=\"\" class=\"brz-css-gKPxT brz-css-kXe32 brz-wrapper\">\n<div class=\"brz-rich-text brz-rich-text__custom brz-css-v66Gi\" data-brz-custom-id=\"mwekabxgaiemlnflhnugoyatzscqwbnkmhkq\">\n<div data-brz-translate-text=\"1\">\n<p class=\"brz-text-lg-left brz-mb-xs-20 brz-tp-lg-subtitle brz-mb-lg-0 brz-css-mXoDv\" data-generated-css=\"brz-css-wvwev\" data-uniq-id=\"kenga\"><span class=\"brz-cp-color4\">Vores chauff\u00f8rer er virksomhedens produktionsapparat, og derfor betyder det alt for os, at de er godt udrustet til at varetage jobbet og transportere dit gods gennem Europa.<\/span><\/p>\n<p class=\"brz-text-lg-left brz-mb-xs-20 brz-tp-lg-subtitle brz-mb-lg-0 brz-css-c37ZL\" data-generated-css=\"brz-css-tnlag\" data-uniq-id=\"dvkgx\"><span class=\"brz-cp-color7\"> <\/span><\/p>\n<p class=\"brz-tp-lg-paragraph brz-css-yJo23\" data-generated-css=\"brz-css-ptkzc\" data-uniq-id=\"sebai\"><span class=\"brz-cp-color3\">Ved at uddanne vores chauff\u00f8rer&nbsp;i milj\u00f8venlig k\u00f8rsel&nbsp;sikrer vi en br\u00e6ndstofbesparelse p\u00e5 over 5 %&nbsp;\u2013 og det lavere br\u00e6ndstofforbrug mindsker bilernes CO2-udslip.<\/span><\/p>\n<p class=\"brz-tp-lg-paragraph brz-css-o8O2w\" data-generated-css=\"brz-css-jicee\" data-uniq-id=\"zxfra\"><span class=\"brz-cp-color3\"> <\/span><\/p>\n<p class=\"brz-text-lg-left brz-tp-lg-paragraph brz-mb-lg-30 brz-mb-xs-20 brz-css-eWZJj\" data-generated-css=\"brz-css-ldcti\" data-uniq-id=\"jwrtm\"><span class=\"brz-cp-color3\">For at v\u00e6re sikre p\u00e5, at vores chauff\u00f8rer har det godt, har vi chauff\u00f8rhoteller ved alle vores lagre med badefaciliteter, k\u00f8kken, vaskerum, sengepladser og Wi-Fi.<\/span><\/p>\n<\/div>\n<\/div>\n<\/div>\n<div class=\"brz-row__container brz-css-lHv3r\" data-brz-custom-id=\"zvcmkshmyipebvihcalfhwjoqwlcmdulzmqa\">\n<div class=\"brz-bg\"><\/div>\n<div class=\"brz-row brz-row--inner brz-css-qAZU0 brz-css-kPMey\">\n<div class=\"brz-columns brz-css-elYZz\" data-brz-custom-id=\"rgfrflfxfdzzqafyawgchicwbxsvgycjkwgq\">\n<div class=\"brz-bg\"><\/div>\n<div class=\"brz-column__items brz-css-hcm_8 brz-css-qAoMA\">\n<div id=\"\" class=\"brz-css-gKPxT brz-wrapper\">\n<div class=\"brz-image brz-css-ncI0n brz-css-inJZ5\" data-brz-custom-id=\"apwaydtuzglxigijiyidqjltahxaflvrmqov\"><img decoding=\"async\" class=\"brz-img\" src=\"https:\/\/npldk.com\/da?brizy_media=wp-5bec0f04b57e5dcd46b3859e9cb4ae39.png&amp;brizy_crop=iW%3D508%26iH%3D285%26oX%3D36%26oY%3D0%26cW%3D355%26cH%3D285\" alt=\"\" loading=\"lazy\"><\/div>\n<\/div>\n<\/div>\n<\/div>\n<div class=\"brz-columns brz-css-elYZz\" data-brz-custom-id=\"vbbbooahstfqkhsolvphqzdpnwjyvfrrdydo\">\n<div class=\"brz-bg\"><\/div>\n<div class=\"brz-column__items brz-css-hcm_8\">\n<div id=\"\" class=\"brz-css-gKPxT brz-wrapper\">\n<div class=\"brz-rich-text brz-rich-text__custom brz-css-v66Gi\" data-brz-custom-id=\"typwtcrhszytmdumkxuvfivwwuplchimncrh\">\n<div data-brz-translate-text=\"1\">\n<p class=\"brz-tp-lg-heading3 brz-css-ybNt4\" data-generated-css=\"brz-css-fxopj\" data-uniq-id=\"lysfj\"><span class=\"brz-cp-color3\">K\u00f8rehviletider<\/span><\/p>\n<\/div>\n<\/div>\n<\/div>\n<div id=\"\" class=\"brz-css-gKPxT brz-wrapper\">\n<div class=\"brz-rich-text brz-rich-text__custom brz-css-v66Gi\" data-brz-custom-id=\"adtpatpzswkrnrlecsfoypvltursdtfxrdkg\">\n<div data-brz-translate-text=\"1\">\n<p class=\"brz-tp-lg-paragraph brz-css-pn3mq\" data-generated-css=\"brz-css-gguoc\" data-uniq-id=\"pelhb\"><span class=\"brz-cp-color3\">Centrum for vores forretning er at afhente og levere godset til aftalt tid \u2013 og dette skal selvf\u00f8lgelig ske inden for k\u00f8re-hviletidsrammerne.<\/span><\/p>\n<p class=\"brz-tp-lg-paragraph brz-css-xRqp1\" data-generated-css=\"brz-css-gguoc\" data-uniq-id=\"pelhb\"><span class=\"brz-cp-color3\"> <\/span><\/p>\n<p class=\"brz-tp-lg-paragraph brz-css-eVfv1\" data-generated-css=\"brz-css-tcgfi\" data-uniq-id=\"icroa\"><span class=\"brz-cp-color3\">Alle transporter bliver selvf\u00f8lgelig planlagt s\u00e5ledes, at vore chauff\u00f8rer realistisk set kan n\u00e5 m\u00e5let i tide.<\/span><\/p>\n<p class=\"brz-tp-lg-paragraph brz-css-ffXi0\" data-uniq-id=\"icroa\" data-generated-css=\"brz-css-tcgfi\"><span class=\"brz-cp-color3\"> <\/span><\/p>\n<p class=\"brz-tp-lg-paragraph brz-css-sIjkS\" data-uniq-id=\"muowp\" data-generated-css=\"brz-css-whwwq\"><span class=\"brz-cp-color3\">P\u00e5 ITDs hjemmeside kan du l\u00e6se videre om<\/span> <a class=\"link--external brz-cp-color2\" href=\"\/\/ec.europa.eu\/transport\/modes\/road\/social_provisions\/driving_time_en)\" data-brz-link-type=\"external\"><strong>k\u00f8re-hviletidsreglerne<\/strong><\/a>.<\/p>\n<\/div>\n<\/div>\n<\/div>\n<\/div>\n<\/div>\n<\/div>\n<\/div>\n<\/div>\n<\/div>\n<\/div>\n<\/div>\n<\/div>\n<\/div>\n<\/section>\n<\/div>\n<p>    <!-- version:1733332619 --><\/p>\n","protected":false},"excerpt":{"rendered":"<p>TRANSPORT Vejtransport K\u00f8letransport Hastelevering Flyttetransport&nbsp; Lager Vognpark Chauff\u00f8rer Vilk\u00e5r Chauff\u00f8rer Vores chauff\u00f8rer er virksomhedens produktionsapparat, og derfor betyder det alt for os, at de er godt udrustet til at varetage jobbet og transportere dit gods gennem Europa. Ved at uddanne vores chauff\u00f8rer&nbsp;i milj\u00f8venlig k\u00f8rsel&nbsp;sikrer vi en br\u00e6ndstofbesparelse p\u00e5 over 5 %&nbsp;\u2013 og det lavere br\u00e6ndstofforbrug [&hellip;]<\/p>\n","protected":false},"author":1,"featured_media":0,"parent":0,"menu_order":0,"comment_status":"closed","ping_status":"closed","template":"brizy-blank-template.php","meta":{"footnotes":""},"class_list":["post-3294","page","type-page","status-publish","hentry"],"yoast_head":"<!-- This site is optimized with the Yoast SEO plugin v27.5 - https:\/\/yoast.com\/product\/yoast-seo-wordpress\/ -->\n<title>Chauff\u00f8rer - NPL<\/title>\n<meta name=\"robots\" content=\"index, follow, max-snippet:-1, max-image-preview:large, max-video-preview:-1\" \/>\n<link rel=\"canonical\" href=\"https:\/\/npldk.com\/da\/chauffoerer\/\" \/>\n<meta property=\"og:locale\" content=\"da_DK\" \/>\n<meta property=\"og:type\" content=\"article\" \/>\n<meta property=\"og:title\" content=\"Chauff\u00f8rer - NPL\" \/>\n<meta property=\"og:description\" content=\"TRANSPORT Vejtransport K\u00f8letransport Hastelevering Flyttetransport&nbsp; Lager Vognpark Chauff\u00f8rer Vilk\u00e5r Chauff\u00f8rer Vores chauff\u00f8rer er virksomhedens produktionsapparat, og derfor betyder det alt for os, at de er godt udrustet til at varetage jobbet og transportere dit gods gennem Europa. Ved at uddanne vores chauff\u00f8rer&nbsp;i milj\u00f8venlig k\u00f8rsel&nbsp;sikrer vi en br\u00e6ndstofbesparelse p\u00e5 over 5 %&nbsp;\u2013 og det lavere br\u00e6ndstofforbrug [&hellip;]\" \/>\n<meta property=\"og:url\" content=\"https:\/\/npldk.com\/da\/chauffoerer\/\" \/>\n<meta property=\"og:site_name\" content=\"NPL\" \/>\n<meta property=\"article:modified_time\" content=\"2026-03-12T03:50:30+00:00\" \/>\n<meta property=\"og:image\" content=\"https:\/\/npldk.com\/da?brizy_media=wp-5bec0f04b57e5dcd46b3859e9cb4ae39.png&amp;brizy_crop=iW%3D508%26iH%3D285%26oX%3D36%26oY%3D0%26cW%3D355%26cH%3D285\" \/>\n<meta name=\"twitter:card\" content=\"summary_large_image\" \/>\n<meta name=\"twitter:label1\" content=\"Estimeret l\u00e6setid\" \/>\n\t<meta name=\"twitter:data1\" content=\"1 minut\" \/>\n<script type=\"application\/ld+json\" class=\"yoast-schema-graph\">{\"@context\":\"https:\\\/\\\/schema.org\",\"@graph\":[{\"@type\":\"WebPage\",\"@id\":\"https:\\\/\\\/npldk.com\\\/da\\\/chauffoerer\\\/\",\"url\":\"https:\\\/\\\/npldk.com\\\/da\\\/chauffoerer\\\/\",\"name\":\"Chauff\u00f8rer - NPL\",\"isPartOf\":{\"@id\":\"https:\\\/\\\/npldk.com\\\/da\\\/?lang=da\\\/#website\"},\"primaryImageOfPage\":{\"@id\":\"https:\\\/\\\/npldk.com\\\/da\\\/chauffoerer\\\/#primaryimage\"},\"image\":{\"@id\":\"https:\\\/\\\/npldk.com\\\/da\\\/chauffoerer\\\/#primaryimage\"},\"thumbnailUrl\":\"https:\\\/\\\/npldk.com\\\/da?brizy_media=wp-5bec0f04b57e5dcd46b3859e9cb4ae39.png&amp;brizy_crop=iW%3D508%26iH%3D285%26oX%3D36%26oY%3D0%26cW%3D355%26cH%3D285\",\"datePublished\":\"2021-10-27T12:31:19+00:00\",\"dateModified\":\"2026-03-12T03:50:30+00:00\",\"breadcrumb\":{\"@id\":\"https:\\\/\\\/npldk.com\\\/da\\\/chauffoerer\\\/#breadcrumb\"},\"inLanguage\":\"da-DK\",\"potentialAction\":[{\"@type\":\"ReadAction\",\"target\":[\"https:\\\/\\\/npldk.com\\\/da\\\/chauffoerer\\\/\"]}]},{\"@type\":\"ImageObject\",\"inLanguage\":\"da-DK\",\"@id\":\"https:\\\/\\\/npldk.com\\\/da\\\/chauffoerer\\\/#primaryimage\",\"url\":\"https:\\\/\\\/npldk.com\\\/da?brizy_media=wp-5bec0f04b57e5dcd46b3859e9cb4ae39.png&amp;brizy_crop=iW%3D508%26iH%3D285%26oX%3D36%26oY%3D0%26cW%3D355%26cH%3D285\",\"contentUrl\":\"https:\\\/\\\/npldk.com\\\/da?brizy_media=wp-5bec0f04b57e5dcd46b3859e9cb4ae39.png&amp;brizy_crop=iW%3D508%26iH%3D285%26oX%3D36%26oY%3D0%26cW%3D355%26cH%3D285\"},{\"@type\":\"BreadcrumbList\",\"@id\":\"https:\\\/\\\/npldk.com\\\/da\\\/chauffoerer\\\/#breadcrumb\",\"itemListElement\":[{\"@type\":\"ListItem\",\"position\":1,\"name\":\"Hjem\",\"item\":\"https:\\\/\\\/npldk.com\\\/da\\\/\"},{\"@type\":\"ListItem\",\"position\":2,\"name\":\"Chauff\u00f8rer\"}]},{\"@type\":\"WebSite\",\"@id\":\"https:\\\/\\\/npldk.com\\\/da\\\/?lang=da\\\/#website\",\"url\":\"https:\\\/\\\/npldk.com\\\/da\\\/?lang=da\\\/\",\"name\":\"NPL\",\"description\":\"\",\"potentialAction\":[{\"@type\":\"SearchAction\",\"target\":{\"@type\":\"EntryPoint\",\"urlTemplate\":\"https:\\\/\\\/npldk.com\\\/da\\\/?lang=da\\\/?s={search_term_string}\"},\"query-input\":{\"@type\":\"PropertyValueSpecification\",\"valueRequired\":true,\"valueName\":\"search_term_string\"}}],\"inLanguage\":\"da-DK\"}]}<\/script>\n<!-- \/ Yoast SEO plugin. -->","yoast_head_json":{"title":"Chauff\u00f8rer - NPL","robots":{"index":"index","follow":"follow","max-snippet":"max-snippet:-1","max-image-preview":"max-image-preview:large","max-video-preview":"max-video-preview:-1"},"canonical":"https:\/\/npldk.com\/da\/chauffoerer\/","og_locale":"da_DK","og_type":"article","og_title":"Chauff\u00f8rer - NPL","og_description":"TRANSPORT Vejtransport K\u00f8letransport Hastelevering Flyttetransport&nbsp; Lager Vognpark Chauff\u00f8rer Vilk\u00e5r Chauff\u00f8rer Vores chauff\u00f8rer er virksomhedens produktionsapparat, og derfor betyder det alt for os, at de er godt udrustet til at varetage jobbet og transportere dit gods gennem Europa. Ved at uddanne vores chauff\u00f8rer&nbsp;i milj\u00f8venlig k\u00f8rsel&nbsp;sikrer vi en br\u00e6ndstofbesparelse p\u00e5 over 5 %&nbsp;\u2013 og det lavere br\u00e6ndstofforbrug [&hellip;]","og_url":"https:\/\/npldk.com\/da\/chauffoerer\/","og_site_name":"NPL","article_modified_time":"2026-03-12T03:50:30+00:00","og_image":[{"url":"https:\/\/npldk.com\/da?brizy_media=wp-5bec0f04b57e5dcd46b3859e9cb4ae39.png&amp;brizy_crop=iW%3D508%26iH%3D285%26oX%3D36%26oY%3D0%26cW%3D355%26cH%3D285","type":"","width":"","height":""}],"twitter_card":"summary_large_image","twitter_misc":{"Estimeret l\u00e6setid":"1 minut"},"schema":{"@context":"https:\/\/schema.org","@graph":[{"@type":"WebPage","@id":"https:\/\/npldk.com\/da\/chauffoerer\/","url":"https:\/\/npldk.com\/da\/chauffoerer\/","name":"Chauff\u00f8rer - NPL","isPartOf":{"@id":"https:\/\/npldk.com\/da\/?lang=da\/#website"},"primaryImageOfPage":{"@id":"https:\/\/npldk.com\/da\/chauffoerer\/#primaryimage"},"image":{"@id":"https:\/\/npldk.com\/da\/chauffoerer\/#primaryimage"},"thumbnailUrl":"https:\/\/npldk.com\/da?brizy_media=wp-5bec0f04b57e5dcd46b3859e9cb4ae39.png&amp;brizy_crop=iW%3D508%26iH%3D285%26oX%3D36%26oY%3D0%26cW%3D355%26cH%3D285","datePublished":"2021-10-27T12:31:19+00:00","dateModified":"2026-03-12T03:50:30+00:00","breadcrumb":{"@id":"https:\/\/npldk.com\/da\/chauffoerer\/#breadcrumb"},"inLanguage":"da-DK","potentialAction":[{"@type":"ReadAction","target":["https:\/\/npldk.com\/da\/chauffoerer\/"]}]},{"@type":"ImageObject","inLanguage":"da-DK","@id":"https:\/\/npldk.com\/da\/chauffoerer\/#primaryimage","url":"https:\/\/npldk.com\/da?brizy_media=wp-5bec0f04b57e5dcd46b3859e9cb4ae39.png&amp;brizy_crop=iW%3D508%26iH%3D285%26oX%3D36%26oY%3D0%26cW%3D355%26cH%3D285","contentUrl":"https:\/\/npldk.com\/da?brizy_media=wp-5bec0f04b57e5dcd46b3859e9cb4ae39.png&amp;brizy_crop=iW%3D508%26iH%3D285%26oX%3D36%26oY%3D0%26cW%3D355%26cH%3D285"},{"@type":"BreadcrumbList","@id":"https:\/\/npldk.com\/da\/chauffoerer\/#breadcrumb","itemListElement":[{"@type":"ListItem","position":1,"name":"Hjem","item":"https:\/\/npldk.com\/da\/"},{"@type":"ListItem","position":2,"name":"Chauff\u00f8rer"}]},{"@type":"WebSite","@id":"https:\/\/npldk.com\/da\/?lang=da\/#website","url":"https:\/\/npldk.com\/da\/?lang=da\/","name":"NPL","description":"","potentialAction":[{"@type":"SearchAction","target":{"@type":"EntryPoint","urlTemplate":"https:\/\/npldk.com\/da\/?lang=da\/?s={search_term_string}"},"query-input":{"@type":"PropertyValueSpecification","valueRequired":true,"valueName":"search_term_string"}}],"inLanguage":"da-DK"}]}},"brizy_media":[],"_links":{"self":[{"href":"https:\/\/npldk.com\/da\/wp-json\/wp\/v2\/pages\/3294","targetHints":{"allow":["GET"]}}],"collection":[{"href":"https:\/\/npldk.com\/da\/wp-json\/wp\/v2\/pages"}],"about":[{"href":"https:\/\/npldk.com\/da\/wp-json\/wp\/v2\/types\/page"}],"author":[{"embeddable":true,"href":"https:\/\/npldk.com\/da\/wp-json\/wp\/v2\/users\/1"}],"replies":[{"embeddable":true,"href":"https:\/\/npldk.com\/da\/wp-json\/wp\/v2\/comments?post=3294"}],"version-history":[{"count":0,"href":"https:\/\/npldk.com\/da\/wp-json\/wp\/v2\/pages\/3294\/revisions"}],"wp:attachment":[{"href":"https:\/\/npldk.com\/da\/wp-json\/wp\/v2\/media?parent=3294"}],"curies":[{"name":"wp","href":"https:\/\/api.w.org\/{rel}","templated":true}]}}