{"id":3347,"date":"2021-10-27T12:48:55","date_gmt":"2021-10-27T12:48:55","guid":{"rendered":"https:\/\/npldk.com\/?page_id=3347"},"modified":"2026-03-12T18:38:27","modified_gmt":"2026-03-12T18:38:27","slug":"hastelevering","status":"publish","type":"page","link":"https:\/\/npldk.com\/da\/hastelevering\/","title":{"rendered":"Hastelevering"},"content":{"rendered":"<div class=\"brz-root__container brz-reset-all brz\">\n<section id=\"_zqbxncdyzvehvwzzvnjszbkvpomwrsdiavsr\" class=\"brz-section brz-css-ejJI7\">\n<div class=\"brz-section__content brz-section--boxed brz-css-sa6Bi brz-css-myoJO\" data-brz-custom-id=\"zqfduwbdyqgduguyphwuddrvojbywticaxbx\">\n<div class=\"brz-bg\">\n<div class=\"brz-bg-shape brz-bg-shape__bottom\"><\/div>\n<\/div>\n<div class=\"brz-container brz-css-z2Ued\">\n<div class=\"brz-row__container brz-css-ynO3f brz-css-h7S6m\" data-brz-custom-id=\"vsmidfdlfoljgbbrnugfmsuqvpeuunzyabio\">\n<div class=\"brz-bg\"><\/div>\n<div class=\"brz-row brz-css-uGPnS\">\n<div class=\"brz-columns brz-css-jeKUE brz-css-oSBRz\" data-brz-custom-id=\"khajwrntnbkkozccwmybibdgjuksbaisddts\">\n<div class=\"brz-bg\">\n<div class=\"brz-bg-image\"><\/div>\n<div class=\"brz-bg-color\"><\/div>\n<\/div>\n<div class=\"brz-column__items brz-css-bBSE6 brz-css-yk0Ls\">\n<div class=\"brz-row__container brz-css-ynO3f\" data-brz-custom-id=\"yyhmyeicacacmmjrecjixxmsamorgjvbiemn\">\n<div class=\"brz-bg\"><\/div>\n<div class=\"brz-row brz-row--inner brz-css-uGPnS brz-css-g8ge5\">\n<div class=\"brz-columns brz-css-jeKUE brz-css-yrd1B\" data-brz-custom-id=\"lxkcefupioxqippwwltwotlysaurgwgwjlqt\">\n<div class=\"brz-bg\">\n<div class=\"brz-bg-color\"><\/div>\n<\/div>\n<div class=\"brz-column__items brz-css-bBSE6 brz-css-dTa7g\">\n<div id=\"\" class=\"brz-css-a4s3X brz-wrapper\">\n<div class=\"brz-rich-text brz-rich-text__custom brz-css-pd1dM\" data-brz-custom-id=\"cytwjdkaczomzbfmyxozevefmquefsirysjp\">\n<div data-brz-translate-text=\"1\">\n<p class=\"brz-text-lg-center brz-lh-lg-1_3 brz-lh-sm-im-1_3 brz-lh-xs-im-1_3 brz-fs-lg-32 brz-fs-xs-im-22 brz-ls-lg-m_1 brz-ls-sm-im-0 brz-ls-xs-im-0 brz-ff-montserrat brz-ft-google brz-fw-lg-300 brz-fw-sm-im-300 brz-fw-xs-im-300 brz-fs-sm-19 brz-css-zNpWA\"><span class=\"brz-cp-color8\">TRANSPORT<\/span><\/p>\n<\/div>\n<\/div>\n<\/div>\n<\/div>\n<p><a class=\"brz-a brz-container-link\" href=\"\/transport\/\" target=\"_self\" rel=\"noopener\" data-brz-link-type=\"external\"><\/a><\/div>\n<\/div>\n<\/div>\n<div id=\"\" class=\"brz-css-a4s3X brz-css-lFFWo brz-wrapper\">\n<div class=\"brz-spacer brz-css-seW2_ brz-css-sqHIH\"><\/div>\n<\/div>\n<div class=\"brz-row__container brz-css-ynO3f\" data-brz-custom-id=\"abrxrnksholiggftqjarksffrcrgdncrhxtj\">\n<div class=\"brz-bg\"><\/div>\n<div class=\"brz-row brz-row--inner brz-css-uGPnS brz-css-g8ge5\">\n<div class=\"brz-columns brz-css-jeKUE brz-css-bu7ZA zoom\" data-brz-custom-id=\"ptensqkijifpbuutptihdmgyclqcxqyswmnc\">\n<div class=\"brz-bg\">\n<div class=\"brz-bg-color\"><\/div>\n<\/div>\n<div class=\"brz-column__items brz-css-bBSE6 brz-css-y5cam\">\n<div id=\"\" class=\"brz-css-a4s3X brz-css-tRdil brz-wrapper\">\n<div class=\"brz-rich-text brz-rich-text__custom brz-css-pd1dM\" data-brz-custom-id=\"lmjsgphocvfadickahajguowpjoeftswxopq\">\n<div data-brz-translate-text=\"1\">\n<p class=\"brz-lh-sm-1_3 brz-fs-sm-15 brz-tp-lg-heading6 brz-text-lg-center brz-css-pwnKL\" data-uniq-id=\"opkhj\" data-generated-css=\"brz-css-znzlq\"><span class=\"brz-cp-color8\">Vejtransport<\/span><\/p>\n<\/div>\n<\/div>\n<\/div>\n<\/div>\n<p><a class=\"brz-a brz-container-link\" href=\"\/vejtransport\/\" target=\"_self\" rel=\"noopener\" data-brz-link-type=\"external\"><\/a><\/div>\n<\/div>\n<\/div>\n<div id=\"\" class=\"brz-css-a4s3X brz-css-lFFWo brz-wrapper\">\n<div class=\"brz-spacer brz-css-seW2_ brz-css-nRWEX\"><\/div>\n<\/div>\n<div class=\"brz-row__container brz-css-ynO3f\" data-brz-custom-id=\"nuiowtopyticsbkewddiwojhsywjwzqirmtj\">\n<div class=\"brz-bg\"><\/div>\n<div class=\"brz-row brz-row--inner brz-css-uGPnS brz-css-g8ge5\">\n<div class=\"brz-columns brz-css-jeKUE brz-css-fxUg8 zoom\" data-brz-custom-id=\"mozplllqnyvhbuvebydgkfzkpivyfvfuofgi\">\n<div class=\"brz-bg\">\n<div class=\"brz-bg-color\"><\/div>\n<\/div>\n<div class=\"brz-column__items brz-css-bBSE6 brz-css-sf4te\">\n<div id=\"\" class=\"brz-css-a4s3X brz-css-ldmYd brz-wrapper\">\n<div class=\"brz-rich-text brz-rich-text__custom brz-css-pd1dM\" data-brz-custom-id=\"jaqizuyrwikdfengjgiaeogcvjughpttnqjx\">\n<div data-brz-translate-text=\"1\">\n<p class=\"brz-lh-sm-1_3 brz-fs-sm-15 brz-tp-lg-heading6 brz-text-lg-center brz-css-rB_Rt\" data-uniq-id=\"wcjps\" data-generated-css=\"brz-css-poeab\"><span>K\u00f8letransport<\/span><\/p>\n<\/div>\n<\/div>\n<\/div>\n<\/div>\n<p><a class=\"brz-a brz-container-link\" href=\"\/koeletransport\/\" target=\"_self\" rel=\"noopener\" data-brz-link-type=\"external\"><\/a><\/div>\n<\/div>\n<\/div>\n<div id=\"\" class=\"brz-css-a4s3X brz-css-lFFWo brz-wrapper\">\n<div class=\"brz-spacer brz-css-seW2_ brz-css-fKCUc\"><\/div>\n<\/div>\n<div class=\"brz-row__container brz-css-ynO3f\" data-brz-custom-id=\"hdblccmbyvojwofwfhgejuyxrdevaonjrfoy\">\n<div class=\"brz-bg\"><\/div>\n<div class=\"brz-row brz-row--inner brz-css-uGPnS brz-css-g8ge5\">\n<div class=\"brz-columns brz-css-jeKUE brz-css-m5muI zoom\" data-brz-custom-id=\"ftzloqgfpbdqjibpaxcsupkqdswmsxwvdvvy\">\n<div class=\"brz-bg\">\n<div class=\"brz-bg-color\"><\/div>\n<\/div>\n<div class=\"brz-column__items brz-css-bBSE6 brz-css-mKqqr\">\n<div id=\"\" class=\"brz-css-a4s3X brz-css-hRq3a brz-wrapper\">\n<div class=\"brz-rich-text brz-rich-text__custom brz-css-pd1dM\" data-brz-custom-id=\"wuykziffrasmswujytfpxeelhxbldqsoptea\">\n<div data-brz-translate-text=\"1\">\n<p class=\"brz-lh-sm-1_3 brz-fs-sm-15 brz-text-lg-center brz-tp-lg-heading6 brz-css-vyIjd\" data-uniq-id=\"veoqu\" data-generated-css=\"brz-css-eeyej\"><span>Hastelevering<\/span><\/p>\n<\/div>\n<\/div>\n<\/div>\n<\/div>\n<p><a class=\"brz-a brz-container-link\" href=\"\/hastelevering\/\" target=\"_self\" rel=\"noopener\" data-brz-link-type=\"external\"><\/a><\/div>\n<\/div>\n<\/div>\n<div id=\"\" class=\"brz-css-a4s3X brz-css-lFFWo brz-wrapper\">\n<div class=\"brz-spacer brz-css-seW2_ brz-css-nWYJ2\"><\/div>\n<\/div>\n<div class=\"brz-row__container brz-css-ynO3f\" data-brz-custom-id=\"eniicclnujpkhmrnhzxplsqzixydunmwnxnx\">\n<div class=\"brz-bg\"><\/div>\n<div class=\"brz-row brz-row--inner brz-css-uGPnS brz-css-g8ge5\">\n<div class=\"brz-columns brz-css-jeKUE brz-css-pEspG zoom\" data-brz-custom-id=\"nvropkivvizoipnpjmmonxovkzcxjzqmvomo\">\n<div class=\"brz-bg\">\n<div class=\"brz-bg-color\"><\/div>\n<\/div>\n<div class=\"brz-column__items brz-css-bBSE6 brz-css-sYfW7\">\n<div id=\"\" class=\"brz-css-a4s3X brz-css-c4liZ brz-wrapper\">\n<div class=\"brz-rich-text brz-rich-text__custom brz-css-pd1dM\" data-brz-custom-id=\"zyotoqbwlqqwaxcksimrqofhmgzvdykmicvo\">\n<div data-brz-translate-text=\"1\">\n<p class=\"brz-lh-sm-1_3 brz-fs-sm-15 brz-tp-lg-heading6 brz-text-lg-center brz-css-e97xQ\" data-uniq-id=\"ixeui\" data-generated-css=\"brz-css-grnez\"><span>Flyttetransport&nbsp;<\/span><\/p>\n<\/div>\n<\/div>\n<\/div>\n<\/div>\n<p><a class=\"brz-a brz-container-link\" href=\"\/flyttetransport \/\" target=\"_self\" rel=\"noopener\" data-brz-link-type=\"external\"><\/a><\/div>\n<\/div>\n<\/div>\n<div id=\"\" class=\"brz-css-a4s3X brz-css-lFFWo brz-wrapper\">\n<div class=\"brz-spacer brz-css-seW2_ brz-css-qeQud\"><\/div>\n<\/div>\n<div class=\"brz-row__container brz-css-ynO3f\" data-brz-custom-id=\"pbdhfbfxaiqsktmrzmnqiskmqeqdleotciba\">\n<div class=\"brz-bg\"><\/div>\n<div class=\"brz-row brz-row--inner brz-css-uGPnS brz-css-g8ge5\">\n<div class=\"brz-columns brz-css-jeKUE brz-css-yU7xC zoom\" data-brz-custom-id=\"qvgteumlhufowqbdzahbwlkvnvbnxcmzilrl\">\n<div class=\"brz-bg\">\n<div class=\"brz-bg-color\"><\/div>\n<\/div>\n<div class=\"brz-column__items brz-css-bBSE6 brz-css-aVKn5\">\n<div id=\"\" class=\"brz-css-a4s3X brz-css-n_B7J brz-wrapper\">\n<div class=\"brz-rich-text brz-rich-text__custom brz-css-pd1dM\" data-brz-custom-id=\"xtlyrktehfipwzbkhdqqkzsaycjqrjbohfbj\">\n<div data-brz-translate-text=\"1\">\n<p class=\"brz-lh-sm-1_3 brz-fs-sm-15 brz-tp-lg-heading6 brz-text-lg-center brz-css-rXaM2\" data-uniq-id=\"wfdak\" data-generated-css=\"brz-css-hgygd\"><span class=\"brz-cp-color8\">Lager<\/span><\/p>\n<\/div>\n<\/div>\n<\/div>\n<\/div>\n<p><a class=\"brz-a brz-container-link\" href=\"\/lager\/\" target=\"_self\" rel=\"noopener\" data-brz-link-type=\"external\"><\/a><\/div>\n<\/div>\n<\/div>\n<div id=\"\" class=\"brz-css-a4s3X brz-css-lFFWo brz-wrapper\">\n<div class=\"brz-spacer brz-css-seW2_ brz-css-vR_Iq\"><\/div>\n<\/div>\n<div class=\"brz-row__container brz-css-ynO3f\" data-brz-custom-id=\"klydoxmhrbcnqljflukicolislojhnxqesyu\">\n<div class=\"brz-bg\"><\/div>\n<div class=\"brz-row brz-row--inner brz-css-uGPnS brz-css-g8ge5\">\n<div class=\"brz-columns brz-css-jeKUE brz-css-enBip zoom\" data-brz-custom-id=\"rgogxsqpejbxenunmiqwoiknubfwqriopuzf\">\n<div class=\"brz-bg\">\n<div class=\"brz-bg-color\"><\/div>\n<\/div>\n<div class=\"brz-column__items brz-css-bBSE6 brz-css-yfwGX\">\n<div id=\"\" class=\"brz-css-a4s3X brz-css-hQWnd brz-wrapper\">\n<div class=\"brz-rich-text brz-rich-text__custom brz-css-pd1dM\" data-brz-custom-id=\"jsvgfgzpaozclwoknsumrsispzldjwnydstg\">\n<div data-brz-translate-text=\"1\">\n<p class=\"brz-lh-sm-1_3 brz-fs-sm-15 brz-text-lg-center brz-tp-lg-heading6 brz-css-yxsq8\" data-uniq-id=\"bedbk\" data-generated-css=\"brz-css-bngfd\"><span class=\"brz-cp-color8\">Vognpark<\/span><\/p>\n<\/div>\n<\/div>\n<\/div>\n<\/div>\n<p><a class=\"brz-a brz-container-link\" href=\"\/vognpark\/\" target=\"_self\" rel=\"noopener\" data-brz-link-type=\"external\"><\/a><\/div>\n<\/div>\n<\/div>\n<div id=\"\" class=\"brz-css-a4s3X brz-css-lFFWo brz-wrapper\">\n<div class=\"brz-spacer brz-css-seW2_ brz-css-x4uJd\"><\/div>\n<\/div>\n<div class=\"brz-row__container brz-css-ynO3f\" data-brz-custom-id=\"ozgfnhhqpjrcrdtybijyvkqgnqpobaudkgxs\">\n<div class=\"brz-bg\"><\/div>\n<div class=\"brz-row brz-row--inner brz-css-uGPnS brz-css-g8ge5\">\n<div class=\"brz-columns brz-css-jeKUE brz-css-wnyFi zoom\" data-brz-custom-id=\"xddzvuncidsnucjccowdhamvglhivxujmcla\">\n<div class=\"brz-bg\">\n<div class=\"brz-bg-color\"><\/div>\n<\/div>\n<div class=\"brz-column__items brz-css-bBSE6 brz-css-p1DTa\">\n<div id=\"\" class=\"brz-css-a4s3X brz-css-uzvXL brz-wrapper\">\n<div class=\"brz-rich-text brz-rich-text__custom brz-css-pd1dM\" data-brz-custom-id=\"wtnxkltxvjbztwcytaixqvfgrodkkmfwbnam\">\n<div data-brz-translate-text=\"1\">\n<p class=\"brz-lh-sm-1_3 brz-fs-sm-15 brz-text-lg-center brz-tp-lg-heading6 brz-css-oWqtz\" data-uniq-id=\"mzfpm\" data-generated-css=\"brz-css-yzjgj\"><span>Chauff\u00f8rer<\/span><\/p>\n<\/div>\n<\/div>\n<\/div>\n<\/div>\n<p><a class=\"brz-a brz-container-link\" href=\"\/chauffoerer\/\" target=\"_self\" rel=\"noopener\" data-brz-link-type=\"external\"><\/a><\/div>\n<\/div>\n<\/div>\n<div id=\"\" class=\"brz-css-a4s3X brz-css-lFFWo brz-wrapper\">\n<div class=\"brz-spacer brz-css-seW2_ brz-css-gy_YD\"><\/div>\n<\/div>\n<div class=\"brz-row__container brz-css-ynO3f\" data-brz-custom-id=\"cuqjcwawfluktxhjnuidjudkiduezwcvvrsk\">\n<div class=\"brz-bg\"><\/div>\n<div class=\"brz-row brz-row--inner brz-css-uGPnS brz-css-g8ge5\">\n<div class=\"brz-columns brz-css-jeKUE brz-css-s3oFN zoom\" data-brz-custom-id=\"fyxitlqpscdranaxuwkwpyudtlmpkdyeorkg\">\n<div class=\"brz-bg\">\n<div class=\"brz-bg-color\"><\/div>\n<\/div>\n<div class=\"brz-column__items brz-css-bBSE6 brz-css-raN2B\">\n<div id=\"\" class=\"brz-css-a4s3X brz-css-fAGBF brz-wrapper\">\n<div class=\"brz-rich-text brz-rich-text__custom brz-css-pd1dM\" data-brz-custom-id=\"gbecfsnswcgarhbbwriaiynnmcrylnkmdmfq\">\n<div data-brz-translate-text=\"1\">\n<p class=\"brz-lh-sm-1_3 brz-fs-sm-15 brz-text-lg-center brz-tp-lg-heading6 brz-css-dlV4z\" data-uniq-id=\"bexkr\" data-generated-css=\"brz-css-ycidy\"><span class=\"brz-cp-color8\">Vilk\u00e5r<\/span><\/p>\n<\/div>\n<\/div>\n<\/div>\n<\/div>\n<p><a class=\"brz-a brz-container-link\" href=\"\/vilkaar\/\" target=\"_self\" rel=\"noopener\" data-brz-link-type=\"external\"><\/a><\/div>\n<\/div>\n<\/div>\n<div id=\"\" class=\"brz-css-a4s3X brz-css-lFFWo brz-wrapper\">\n<div class=\"brz-spacer brz-css-seW2_ brz-css-h5Epu\"><\/div>\n<\/div>\n<\/div>\n<\/div>\n<div class=\"brz-columns brz-css-jeKUE brz-css-qXBYi\" data-brz-custom-id=\"lsalnhccydxzusggttmejojrqjseknxlxewg\">\n<div class=\"brz-bg\"><\/div>\n<div class=\"brz-column__items brz-css-bBSE6 brz-css-lPcxH\">\n<div id=\"\" class=\"brz-css-a4s3X brz-wrapper\">\n<div class=\"brz-rich-text brz-rich-text__custom brz-css-pd1dM\" data-brz-custom-id=\"xbttebkernxwnpwlmxhtqlhydmjvuhodplxn\">\n<div data-brz-translate-text=\"1\">\n<h2 class=\"brz-text-lg-left brz-tp-lg-heading2 brz-css-hKWjf\" data-generated-css=\"brz-css-gkhyo\" data-uniq-id=\"ksnke\"><span class=\"brz-cp-color3\">Hastelevering<\/span><\/h2>\n<\/div>\n<\/div>\n<\/div>\n<div id=\"\" class=\"brz-css-a4s3X brz-css-oR0gi brz-wrapper\">\n<div class=\"brz-rich-text brz-rich-text__custom brz-css-pd1dM\" data-brz-custom-id=\"ictodlujfkmbgnejizsmuvdymiznnuzliebm\">\n<div data-brz-translate-text=\"1\">\n<p class=\"brz-mb-xs-20 brz-text-lg-left brz-tp-lg-paragraph brz-mb-lg-30 brz-css-mB9am\" data-uniq-id=\"kvruk\" data-generated-css=\"brz-css-grpdm\"><span class=\"brz-cp-color3\">Grundet vores store netv\u00e6rk af biler i Europa er vi altid gearede til at tage h\u00e5nd om hastetransporter. Vi har et effektivt byttessystem af biler, der eksempelvis muligg\u00f8r, at en sending kan n\u00e5 fra Sydjylland til Barcelona p\u00e5 kun 30 timer.<\/span><\/p>\n<\/div>\n<\/div>\n<\/div>\n<div class=\"brz-row__container brz-css-ynO3f\" data-brz-custom-id=\"bosquagojlsuvoytqvegjzykdbriaomiyaxd\">\n<div class=\"brz-bg\"><\/div>\n<div class=\"brz-row brz-row--inner brz-css-uGPnS brz-css-kcXtR\">\n<div class=\"brz-columns brz-css-jeKUE brz-css-phF_v\" data-brz-custom-id=\"wpjdrfvqptojwvgzmwqwqmylqqurhfoczsch\">\n<div class=\"brz-bg\">\n<div class=\"brz-bg-image\"><\/div>\n<\/div>\n<div class=\"brz-column__items brz-css-bBSE6 brz-css-oXT8S\">\n<div id=\"\" class=\"brz-css-a4s3X brz-css-lFFWo brz-wrapper\">\n<div class=\"brz-spacer brz-css-seW2_ brz-css-xnowl\"><\/div>\n<\/div>\n<\/div>\n<\/div>\n<div class=\"brz-columns brz-css-jeKUE brz-css-qZm59\" data-brz-custom-id=\"ujcixftrwcwzeomkgsxmgprmgskykmhmpwma\">\n<div class=\"brz-bg\">\n<div class=\"brz-bg-image\"><\/div>\n<\/div>\n<div class=\"brz-column__items brz-css-bBSE6 brz-css-gPbUm\">\n<div id=\"\" class=\"brz-css-a4s3X brz-css-lFFWo brz-wrapper\">\n<div class=\"brz-spacer brz-css-seW2_\"><\/div>\n<\/div>\n<\/div>\n<\/div>\n<div class=\"brz-columns brz-css-jeKUE brz-css-aLsnc\" data-brz-custom-id=\"tbjwykdhlonvobescyvzktkgcbqovnkqhdad\">\n<div class=\"brz-bg\">\n<div class=\"brz-bg-image\"><\/div>\n<\/div>\n<div class=\"brz-column__items brz-css-bBSE6 brz-css-kK9Yw\">\n<div id=\"\" class=\"brz-css-a4s3X brz-css-lFFWo brz-wrapper\">\n<div class=\"brz-spacer brz-css-seW2_\"><\/div>\n<\/div>\n<\/div>\n<\/div>\n<\/div>\n<\/div>\n<div id=\"\" class=\"brz-css-a4s3X brz-css-dBqau brz-wrapper\">\n<div class=\"brz-rich-text brz-rich-text__custom brz-css-pd1dM\" data-brz-custom-id=\"szrlbqigjaxstcfsqhrojxdvtvphebbhdrdq\">\n<div data-brz-translate-text=\"1\">\n<p class=\"brz-tp-lg-paragraph brz-css-hfXQe\" data-generated-css=\"brz-css-oonxt\" data-uniq-id=\"rtiil\"><span class=\"brz-cp-color3\">Der er mange muligheder, n\u00e5r der skal organiseres en hasteleverance. Du kan eksempelvis selv indlevere hastesendingen p\u00e5 et af vores lagere, og s\u00e5 l\u00e6sser vi godset p\u00e5 den n\u00e6ste afgang, og leverer til tiden.<\/span><\/p>\n<p class=\"brz-tp-lg-paragraph brz-css-gnaqy\" data-generated-css=\"brz-css-oonxt\" data-uniq-id=\"rtiil\"><span class=\"brz-cp-color3\"> <\/span><\/p>\n<p class=\"brz-tp-lg-paragraph brz-css-hG8oR\" data-generated-css=\"brz-css-xxsik\" data-uniq-id=\"vsveb\"><span class=\"brz-cp-color3\">Vi kan ogs\u00e5 tage h\u00e5nd om forsendelsen hele vejen fra afsender til modtager.<\/span><\/p>\n<p class=\"brz-tp-lg-paragraph brz-css-gBq6m\" data-generated-css=\"brz-css-xxsik\" data-uniq-id=\"vsveb\"><span class=\"brz-cp-color3\"> <\/span><\/p>\n<p class=\"brz-mb-lg-30 brz-tp-lg-paragraph brz-text-lg-left brz-mb-xs-20 brz-css-rNSLO\" data-generated-css=\"brz-css-jqfhr\" data-uniq-id=\"ehkih\"><a class=\"link--external brz-cp-color2\" href=\"\/kontakt\/\" data-brz-link-type=\"external\"><strong>Kontakt en af vores disponenter<\/strong><\/a><span class=\"brz-cp-color3\">, og s\u00e5 finder vi hurtigt den bedste l\u00f8sning til din hastesending.<\/span><\/p>\n<\/div>\n<\/div>\n<\/div>\n<\/div>\n<\/div>\n<\/div>\n<\/div>\n<\/div>\n<\/div>\n<\/section>\n<\/div>\n<p>    <!-- version:1733299354 --><\/p>\n","protected":false},"excerpt":{"rendered":"<p>TRANSPORT Vejtransport K\u00f8letransport Hastelevering Flyttetransport&nbsp; Lager Vognpark Chauff\u00f8rer Vilk\u00e5r Hastelevering Grundet vores store netv\u00e6rk af biler i Europa er vi altid gearede til at tage h\u00e5nd om hastetransporter. Vi har et effektivt byttessystem af biler, der eksempelvis muligg\u00f8r, at en sending kan n\u00e5 fra Sydjylland til Barcelona p\u00e5 kun 30 timer. Der er mange muligheder, [&hellip;]<\/p>\n","protected":false},"author":1,"featured_media":0,"parent":0,"menu_order":0,"comment_status":"closed","ping_status":"closed","template":"brizy-blank-template.php","meta":{"footnotes":""},"class_list":["post-3347","page","type-page","status-publish","hentry"],"yoast_head":"<!-- This site is optimized with the Yoast SEO plugin v27.4 - https:\/\/yoast.com\/product\/yoast-seo-wordpress\/ -->\n<title>Hastelevering - NPL<\/title>\n<meta name=\"robots\" content=\"index, follow, max-snippet:-1, max-image-preview:large, max-video-preview:-1\" \/>\n<link rel=\"canonical\" href=\"https:\/\/npldk.com\/da\/hastelevering\/\" \/>\n<meta property=\"og:locale\" content=\"da_DK\" \/>\n<meta property=\"og:type\" content=\"article\" \/>\n<meta property=\"og:title\" content=\"Hastelevering - NPL\" \/>\n<meta property=\"og:description\" content=\"TRANSPORT Vejtransport K\u00f8letransport Hastelevering Flyttetransport&nbsp; Lager Vognpark Chauff\u00f8rer Vilk\u00e5r Hastelevering Grundet vores store netv\u00e6rk af biler i Europa er vi altid gearede til at tage h\u00e5nd om hastetransporter. Vi har et effektivt byttessystem af biler, der eksempelvis muligg\u00f8r, at en sending kan n\u00e5 fra Sydjylland til Barcelona p\u00e5 kun 30 timer. Der er mange muligheder, [&hellip;]\" \/>\n<meta property=\"og:url\" content=\"https:\/\/npldk.com\/da\/hastelevering\/\" \/>\n<meta property=\"og:site_name\" content=\"NPL\" \/>\n<meta property=\"article:modified_time\" content=\"2026-03-12T18:38:27+00:00\" \/>\n<meta name=\"twitter:card\" content=\"summary_large_image\" \/>\n<meta name=\"twitter:label1\" content=\"Estimeret l\u00e6setid\" \/>\n\t<meta name=\"twitter:data1\" content=\"1 minut\" \/>\n<script type=\"application\/ld+json\" class=\"yoast-schema-graph\">{\"@context\":\"https:\\\/\\\/schema.org\",\"@graph\":[{\"@type\":\"WebPage\",\"@id\":\"https:\\\/\\\/npldk.com\\\/da\\\/hastelevering\\\/\",\"url\":\"https:\\\/\\\/npldk.com\\\/da\\\/hastelevering\\\/\",\"name\":\"Hastelevering - NPL\",\"isPartOf\":{\"@id\":\"https:\\\/\\\/npldk.com\\\/da\\\/?lang=da\\\/#website\"},\"datePublished\":\"2021-10-27T12:48:55+00:00\",\"dateModified\":\"2026-03-12T18:38:27+00:00\",\"breadcrumb\":{\"@id\":\"https:\\\/\\\/npldk.com\\\/da\\\/hastelevering\\\/#breadcrumb\"},\"inLanguage\":\"da-DK\",\"potentialAction\":[{\"@type\":\"ReadAction\",\"target\":[\"https:\\\/\\\/npldk.com\\\/da\\\/hastelevering\\\/\"]}]},{\"@type\":\"BreadcrumbList\",\"@id\":\"https:\\\/\\\/npldk.com\\\/da\\\/hastelevering\\\/#breadcrumb\",\"itemListElement\":[{\"@type\":\"ListItem\",\"position\":1,\"name\":\"Hjem\",\"item\":\"https:\\\/\\\/npldk.com\\\/da\\\/\"},{\"@type\":\"ListItem\",\"position\":2,\"name\":\"Hastelevering\"}]},{\"@type\":\"WebSite\",\"@id\":\"https:\\\/\\\/npldk.com\\\/da\\\/?lang=da\\\/#website\",\"url\":\"https:\\\/\\\/npldk.com\\\/da\\\/?lang=da\\\/\",\"name\":\"NPL\",\"description\":\"\",\"potentialAction\":[{\"@type\":\"SearchAction\",\"target\":{\"@type\":\"EntryPoint\",\"urlTemplate\":\"https:\\\/\\\/npldk.com\\\/da\\\/?lang=da\\\/?s={search_term_string}\"},\"query-input\":{\"@type\":\"PropertyValueSpecification\",\"valueRequired\":true,\"valueName\":\"search_term_string\"}}],\"inLanguage\":\"da-DK\"}]}<\/script>\n<!-- \/ Yoast SEO plugin. -->","yoast_head_json":{"title":"Hastelevering - NPL","robots":{"index":"index","follow":"follow","max-snippet":"max-snippet:-1","max-image-preview":"max-image-preview:large","max-video-preview":"max-video-preview:-1"},"canonical":"https:\/\/npldk.com\/da\/hastelevering\/","og_locale":"da_DK","og_type":"article","og_title":"Hastelevering - NPL","og_description":"TRANSPORT Vejtransport K\u00f8letransport Hastelevering Flyttetransport&nbsp; Lager Vognpark Chauff\u00f8rer Vilk\u00e5r Hastelevering Grundet vores store netv\u00e6rk af biler i Europa er vi altid gearede til at tage h\u00e5nd om hastetransporter. Vi har et effektivt byttessystem af biler, der eksempelvis muligg\u00f8r, at en sending kan n\u00e5 fra Sydjylland til Barcelona p\u00e5 kun 30 timer. Der er mange muligheder, [&hellip;]","og_url":"https:\/\/npldk.com\/da\/hastelevering\/","og_site_name":"NPL","article_modified_time":"2026-03-12T18:38:27+00:00","twitter_card":"summary_large_image","twitter_misc":{"Estimeret l\u00e6setid":"1 minut"},"schema":{"@context":"https:\/\/schema.org","@graph":[{"@type":"WebPage","@id":"https:\/\/npldk.com\/da\/hastelevering\/","url":"https:\/\/npldk.com\/da\/hastelevering\/","name":"Hastelevering - NPL","isPartOf":{"@id":"https:\/\/npldk.com\/da\/?lang=da\/#website"},"datePublished":"2021-10-27T12:48:55+00:00","dateModified":"2026-03-12T18:38:27+00:00","breadcrumb":{"@id":"https:\/\/npldk.com\/da\/hastelevering\/#breadcrumb"},"inLanguage":"da-DK","potentialAction":[{"@type":"ReadAction","target":["https:\/\/npldk.com\/da\/hastelevering\/"]}]},{"@type":"BreadcrumbList","@id":"https:\/\/npldk.com\/da\/hastelevering\/#breadcrumb","itemListElement":[{"@type":"ListItem","position":1,"name":"Hjem","item":"https:\/\/npldk.com\/da\/"},{"@type":"ListItem","position":2,"name":"Hastelevering"}]},{"@type":"WebSite","@id":"https:\/\/npldk.com\/da\/?lang=da\/#website","url":"https:\/\/npldk.com\/da\/?lang=da\/","name":"NPL","description":"","potentialAction":[{"@type":"SearchAction","target":{"@type":"EntryPoint","urlTemplate":"https:\/\/npldk.com\/da\/?lang=da\/?s={search_term_string}"},"query-input":{"@type":"PropertyValueSpecification","valueRequired":true,"valueName":"search_term_string"}}],"inLanguage":"da-DK"}]}},"brizy_media":[],"_links":{"self":[{"href":"https:\/\/npldk.com\/da\/wp-json\/wp\/v2\/pages\/3347","targetHints":{"allow":["GET"]}}],"collection":[{"href":"https:\/\/npldk.com\/da\/wp-json\/wp\/v2\/pages"}],"about":[{"href":"https:\/\/npldk.com\/da\/wp-json\/wp\/v2\/types\/page"}],"author":[{"embeddable":true,"href":"https:\/\/npldk.com\/da\/wp-json\/wp\/v2\/users\/1"}],"replies":[{"embeddable":true,"href":"https:\/\/npldk.com\/da\/wp-json\/wp\/v2\/comments?post=3347"}],"version-history":[{"count":0,"href":"https:\/\/npldk.com\/da\/wp-json\/wp\/v2\/pages\/3347\/revisions"}],"wp:attachment":[{"href":"https:\/\/npldk.com\/da\/wp-json\/wp\/v2\/media?parent=3347"}],"curies":[{"name":"wp","href":"https:\/\/api.w.org\/{rel}","templated":true}]}}