{"id":3426,"date":"2021-10-27T12:59:52","date_gmt":"2021-10-27T12:59:52","guid":{"rendered":"https:\/\/npldk.com\/?page_id=3426"},"modified":"2026-03-10T20:28:43","modified_gmt":"2026-03-10T20:28:43","slug":"koeletransport","status":"publish","type":"page","link":"https:\/\/npldk.com\/da\/koeletransport\/","title":{"rendered":"K\u00f8letransport"},"content":{"rendered":"<div class=\"brz-root__container brz-reset-all brz\">\n<section id=\"_kcspaulgdicckjhqsuoqpxrnwznpcstdcuam\" class=\"brz-section brz-css-jZQuO\">\n<div class=\"brz-section__content brz-section--boxed brz-css-rNVMb brz-css-qCawf\" data-brz-custom-id=\"ofmlmkfaewebmhlvbrbrypowhacpebkqxsad\">\n<div class=\"brz-bg\">\n<div class=\"brz-bg-shape brz-bg-shape__bottom\"><\/div>\n<\/div>\n<div class=\"brz-container brz-css-iHHSi\">\n<div class=\"brz-row__container brz-css-q_rea brz-css-bjUNZ\" data-brz-custom-id=\"dhsmvlpmlkotjlkmkuclzeconoryunflipkv\">\n<div class=\"brz-bg\"><\/div>\n<div class=\"brz-row brz-css-yVvXZ\">\n<div class=\"brz-columns brz-css-ebFJm brz-css-mRekc\" data-brz-custom-id=\"byepkypmoigcuahxjiqgkzafwfvaayoulthz\">\n<div class=\"brz-bg\">\n<div class=\"brz-bg-image\"><\/div>\n<div class=\"brz-bg-color\"><\/div>\n<\/div>\n<div class=\"brz-column__items brz-css-bD3aA brz-css-oHXG_\">\n<div class=\"brz-row__container brz-css-q_rea\" data-brz-custom-id=\"xlnuwochzmcffafqygrjrvgjahjqlhzblyes\">\n<div class=\"brz-bg\"><\/div>\n<div class=\"brz-row brz-row--inner brz-css-yVvXZ brz-css-mwJad\">\n<div class=\"brz-columns brz-css-ebFJm brz-css-tDWj1\" data-brz-custom-id=\"opezizuxpjzhgfrevuubqkuftokgpwvpzjak\">\n<div class=\"brz-bg\">\n<div class=\"brz-bg-color\"><\/div>\n<\/div>\n<div class=\"brz-column__items brz-css-bD3aA brz-css-x_7AJ\">\n<div id=\"\" class=\"brz-css-cMxZM brz-wrapper\">\n<div class=\"brz-rich-text brz-rich-text__custom brz-css-oHFbZ\" data-brz-custom-id=\"tjiykkrpzcswmnklijvrnpkcnhlmqryjhsoq\">\n<div data-brz-translate-text=\"1\">\n<p class=\"brz-text-lg-center brz-lh-lg-1_3 brz-lh-sm-im-1_3 brz-lh-xs-im-1_3 brz-fs-lg-32 brz-fs-xs-im-22 brz-ls-lg-m_1 brz-ls-sm-im-0 brz-ls-xs-im-0 brz-ff-montserrat brz-ft-google brz-fw-lg-300 brz-fw-sm-im-300 brz-fw-xs-im-300 brz-fs-sm-19 brz-css-sRgJc\"><span class=\"brz-cp-color8\">TRANSPORT<\/span><\/p>\n<\/div>\n<\/div>\n<\/div>\n<\/div>\n<p><a class=\"brz-a brz-container-link\" href=\"\/transport\/\" target=\"_self\" rel=\"noopener\" data-brz-link-type=\"external\"><\/a><\/div>\n<\/div>\n<\/div>\n<div id=\"\" class=\"brz-css-cMxZM brz-css-y0Mmb brz-wrapper\">\n<div class=\"brz-spacer brz-css-rzHBE brz-css-vOcng\"><\/div>\n<\/div>\n<div class=\"brz-row__container brz-css-q_rea\" data-brz-custom-id=\"obrgqhwcvrdqhhzywhzvnbbpuwrwymyxltah\">\n<div class=\"brz-bg\"><\/div>\n<div class=\"brz-row brz-row--inner brz-css-yVvXZ brz-css-mwJad\">\n<div class=\"brz-columns brz-css-ebFJm brz-css-jyBjz zoom\" data-brz-custom-id=\"jrmebddyoqyedytgyipggpgdjfvppkknrbbi\">\n<div class=\"brz-bg\">\n<div class=\"brz-bg-color\"><\/div>\n<\/div>\n<div class=\"brz-column__items brz-css-bD3aA brz-css-iybUw\">\n<div id=\"\" class=\"brz-css-cMxZM brz-css-x2qFp brz-wrapper\">\n<div class=\"brz-rich-text brz-rich-text__custom brz-css-oHFbZ\" data-brz-custom-id=\"bobaxtcecybozlmanngsucumwopmjhpmmytz\">\n<div data-brz-translate-text=\"1\">\n<p class=\"brz-lh-sm-1_3 brz-fs-sm-15 brz-tp-lg-heading6 brz-text-lg-center brz-css-tzswJ\" data-uniq-id=\"izenu\" data-generated-css=\"brz-css-ejsnx\"><span class=\"brz-cp-color8\">Vejtransport<\/span><\/p>\n<\/div>\n<\/div>\n<\/div>\n<\/div>\n<p><a class=\"brz-a brz-container-link\" href=\"\/vejtransport\/\" target=\"_self\" rel=\"noopener\" data-brz-link-type=\"external\"><\/a><\/div>\n<\/div>\n<\/div>\n<div id=\"\" class=\"brz-css-cMxZM brz-css-y0Mmb brz-wrapper\">\n<div class=\"brz-spacer brz-css-rzHBE brz-css-zP2eA\"><\/div>\n<\/div>\n<div class=\"brz-row__container brz-css-q_rea\" data-brz-custom-id=\"hlqsgbqrfickllvdsqvtailwrzkkeuiaxgfr\">\n<div class=\"brz-bg\"><\/div>\n<div class=\"brz-row brz-row--inner brz-css-yVvXZ brz-css-mwJad\">\n<div class=\"brz-columns brz-css-ebFJm brz-css-zcrLJ zoom\" data-brz-custom-id=\"zviyxppiqgybwggclrrbsyqhxjnnzdrooksz\">\n<div class=\"brz-bg\">\n<div class=\"brz-bg-color\"><\/div>\n<\/div>\n<div class=\"brz-column__items brz-css-bD3aA brz-css-sDS78\">\n<div id=\"\" class=\"brz-css-cMxZM brz-css-poPFh brz-wrapper\">\n<div class=\"brz-rich-text brz-rich-text__custom brz-css-oHFbZ\" data-brz-custom-id=\"vegkgflctiakjdibamctonozxxrclhwrgarm\">\n<div data-brz-translate-text=\"1\">\n<p class=\"brz-lh-sm-1_3 brz-fs-sm-15 brz-tp-lg-heading6 brz-text-lg-center brz-css-dDN1h\" data-uniq-id=\"gjeil\" data-generated-css=\"brz-css-szbzv\"><span>K\u00f8letransport<\/span><\/p>\n<\/div>\n<\/div>\n<\/div>\n<\/div>\n<p><a class=\"brz-a brz-container-link\" href=\"\/koeletransport\/\" target=\"_self\" rel=\"noopener\" data-brz-link-type=\"external\"><\/a><\/div>\n<\/div>\n<\/div>\n<div id=\"\" class=\"brz-css-cMxZM brz-css-y0Mmb brz-wrapper\">\n<div class=\"brz-spacer brz-css-rzHBE brz-css-uJhHT\"><\/div>\n<\/div>\n<div class=\"brz-row__container brz-css-q_rea\" data-brz-custom-id=\"izjssnlchhlgvfkzfzdoducdyaunuvbqhohg\">\n<div class=\"brz-bg\"><\/div>\n<div class=\"brz-row brz-row--inner brz-css-yVvXZ brz-css-mwJad\">\n<div class=\"brz-columns brz-css-ebFJm brz-css-elmR0 zoom\" data-brz-custom-id=\"hffsntajdrunubkfdrdjbvxtlsxexlzeuwiv\">\n<div class=\"brz-bg\">\n<div class=\"brz-bg-color\"><\/div>\n<\/div>\n<div class=\"brz-column__items brz-css-bD3aA brz-css-b7v_Z\">\n<div id=\"\" class=\"brz-css-cMxZM brz-css-n_3Dw brz-wrapper\">\n<div class=\"brz-rich-text brz-rich-text__custom brz-css-oHFbZ\" data-brz-custom-id=\"umpfpzumqksmhpdszufdpmjuouoiplyimjow\">\n<div data-brz-translate-text=\"1\">\n<p class=\"brz-lh-sm-1_3 brz-fs-sm-15 brz-text-lg-center brz-tp-lg-heading6 brz-css-bd8JY\" data-uniq-id=\"kmgmt\" data-generated-css=\"brz-css-mxgwq\"><span>Hastelevering<\/span><\/p>\n<\/div>\n<\/div>\n<\/div>\n<\/div>\n<p><a class=\"brz-a brz-container-link\" href=\"\/hastelevering\/\" target=\"_self\" rel=\"noopener\" data-brz-link-type=\"external\"><\/a><\/div>\n<\/div>\n<\/div>\n<div id=\"\" class=\"brz-css-cMxZM brz-css-y0Mmb brz-wrapper\">\n<div class=\"brz-spacer brz-css-rzHBE brz-css-vDRzP\"><\/div>\n<\/div>\n<div class=\"brz-row__container brz-css-q_rea\" data-brz-custom-id=\"sjqvwnmofxrwfmzyxjskrvwhbdctjwogbnbs\">\n<div class=\"brz-bg\"><\/div>\n<div class=\"brz-row brz-row--inner brz-css-yVvXZ brz-css-mwJad\">\n<div class=\"brz-columns brz-css-ebFJm brz-css-tPeSD zoom\" data-brz-custom-id=\"gxmrwljyfjfojdaricicswsvshvxebabveut\">\n<div class=\"brz-bg\">\n<div class=\"brz-bg-color\"><\/div>\n<\/div>\n<div class=\"brz-column__items brz-css-bD3aA brz-css-lpaA4\">\n<div id=\"\" class=\"brz-css-cMxZM brz-css-ucx78 brz-wrapper\">\n<div class=\"brz-rich-text brz-rich-text__custom brz-css-oHFbZ\" data-brz-custom-id=\"hypitqhmvslsyidwfmulopxppfyivxzemlhq\">\n<div data-brz-translate-text=\"1\">\n<p class=\"brz-lh-sm-1_3 brz-fs-sm-15 brz-tp-lg-heading6 brz-text-lg-center brz-css-eNtzu\" data-uniq-id=\"tmzcd\" data-generated-css=\"brz-css-vvfci\"><span>Flyttetransport&nbsp;<\/span><\/p>\n<\/div>\n<\/div>\n<\/div>\n<\/div>\n<p><a class=\"brz-a brz-container-link\" href=\"\/flyttetransport \/\" target=\"_self\" rel=\"noopener\" data-brz-link-type=\"external\"><\/a><\/div>\n<\/div>\n<\/div>\n<div id=\"\" class=\"brz-css-cMxZM brz-css-y0Mmb brz-wrapper\">\n<div class=\"brz-spacer brz-css-rzHBE brz-css-pW_2P\"><\/div>\n<\/div>\n<div class=\"brz-row__container brz-css-q_rea\" data-brz-custom-id=\"qvoepwoewnqfyufjwrvznjfwzpggerxkuwih\">\n<div class=\"brz-bg\"><\/div>\n<div class=\"brz-row brz-row--inner brz-css-yVvXZ brz-css-mwJad\">\n<div class=\"brz-columns brz-css-ebFJm brz-css-fFHz0 zoom\" data-brz-custom-id=\"ghsypdetlifotzropdogwvxywrzsfbcyyqbm\">\n<div class=\"brz-bg\">\n<div class=\"brz-bg-color\"><\/div>\n<\/div>\n<div class=\"brz-column__items brz-css-bD3aA brz-css-hnhPR\">\n<div id=\"\" class=\"brz-css-cMxZM brz-css-zMCfT brz-wrapper\">\n<div class=\"brz-rich-text brz-rich-text__custom brz-css-oHFbZ\" data-brz-custom-id=\"dabememjmoxxvjsgiwyqvhjprkcgnfkcdlfa\">\n<div data-brz-translate-text=\"1\">\n<p class=\"brz-lh-sm-1_3 brz-fs-sm-15 brz-tp-lg-heading6 brz-text-lg-center brz-css-z1NLr\" data-uniq-id=\"mdjlu\" data-generated-css=\"brz-css-ccgqp\"><span class=\"brz-cp-color8\">Lager<\/span><\/p>\n<\/div>\n<\/div>\n<\/div>\n<\/div>\n<p><a class=\"brz-a brz-container-link\" href=\"\/lager\/\" target=\"_self\" rel=\"noopener\" data-brz-link-type=\"external\"><\/a><\/div>\n<\/div>\n<\/div>\n<div id=\"\" class=\"brz-css-cMxZM brz-css-y0Mmb brz-wrapper\">\n<div class=\"brz-spacer brz-css-rzHBE brz-css-aiePi\"><\/div>\n<\/div>\n<div class=\"brz-row__container brz-css-q_rea\" data-brz-custom-id=\"zfzipznxmikshowbvbmzdlekzrdbyagcveim\">\n<div class=\"brz-bg\"><\/div>\n<div class=\"brz-row brz-row--inner brz-css-yVvXZ brz-css-mwJad\">\n<div class=\"brz-columns brz-css-ebFJm brz-css-v53Tr zoom\" data-brz-custom-id=\"pxbxbfkqrszefcytrudzjnwgrnmkkzaqpwps\">\n<div class=\"brz-bg\">\n<div class=\"brz-bg-color\"><\/div>\n<\/div>\n<div class=\"brz-column__items brz-css-bD3aA brz-css-mOJGc\">\n<div id=\"\" class=\"brz-css-cMxZM brz-css-crClm brz-wrapper\">\n<div class=\"brz-rich-text brz-rich-text__custom brz-css-oHFbZ\" data-brz-custom-id=\"zjaqtovhlpamrgmvowwylxiwhxytooxhqvcd\">\n<div data-brz-translate-text=\"1\">\n<p class=\"brz-lh-sm-1_3 brz-fs-sm-15 brz-text-lg-center brz-tp-lg-heading6 brz-css-nZjxk\" data-uniq-id=\"aaebz\" data-generated-css=\"brz-css-ozrdm\"><span>Vognpark<\/span><\/p>\n<\/div>\n<\/div>\n<\/div>\n<\/div>\n<p><a class=\"brz-a brz-container-link\" href=\"\/vognpark\/\" target=\"_self\" rel=\"noopener\" data-brz-link-type=\"external\"><\/a><\/div>\n<\/div>\n<\/div>\n<div id=\"\" class=\"brz-css-cMxZM brz-css-y0Mmb brz-wrapper\">\n<div class=\"brz-spacer brz-css-rzHBE brz-css-vOKGZ\"><\/div>\n<\/div>\n<div class=\"brz-row__container brz-css-q_rea\" data-brz-custom-id=\"grghmvhqxkxxjblseuugxsssabqbcecaryol\">\n<div class=\"brz-bg\"><\/div>\n<div class=\"brz-row brz-row--inner brz-css-yVvXZ brz-css-mwJad\">\n<div class=\"brz-columns brz-css-ebFJm brz-css-f3R8j zoom\" data-brz-custom-id=\"wvlxrsbeorddkftnkxpsugpfhlwlmknceipu\">\n<div class=\"brz-bg\">\n<div class=\"brz-bg-color\"><\/div>\n<\/div>\n<div class=\"brz-column__items brz-css-bD3aA brz-css-k6n3a\">\n<div id=\"\" class=\"brz-css-cMxZM brz-css-l2IJ5 brz-wrapper\">\n<div class=\"brz-rich-text brz-rich-text__custom brz-css-oHFbZ\" data-brz-custom-id=\"klkvqltfhmoclocukoddxhmiveleedmnqnqy\">\n<div data-brz-translate-text=\"1\">\n<p class=\"brz-lh-sm-1_3 brz-fs-sm-15 brz-text-lg-center brz-tp-lg-heading6 brz-css-xpsna\" data-uniq-id=\"opkbb\" data-generated-css=\"brz-css-wfwop\"><span>Chauff\u00f8rer<\/span><\/p>\n<\/div>\n<\/div>\n<\/div>\n<\/div>\n<p><a class=\"brz-a brz-container-link\" href=\"\/chauffoerer\/\" target=\"_self\" rel=\"noopener\" data-brz-link-type=\"external\"><\/a><\/div>\n<\/div>\n<\/div>\n<div id=\"\" class=\"brz-css-cMxZM brz-css-y0Mmb brz-wrapper\">\n<div class=\"brz-spacer brz-css-rzHBE brz-css-hvOTb\"><\/div>\n<\/div>\n<div class=\"brz-row__container brz-css-q_rea\" data-brz-custom-id=\"ifcxvlxtnrsxxwaoxkceijymecrxjsrubyuf\">\n<div class=\"brz-bg\"><\/div>\n<div class=\"brz-row brz-row--inner brz-css-yVvXZ brz-css-mwJad\">\n<div class=\"brz-columns brz-css-ebFJm brz-css-n7MqX zoom\" data-brz-custom-id=\"itjuznslhbprftbsogungwssnnbogfwwrjrd\">\n<div class=\"brz-bg\">\n<div class=\"brz-bg-color\"><\/div>\n<\/div>\n<div class=\"brz-column__items brz-css-bD3aA brz-css-qgEDd\">\n<div id=\"\" class=\"brz-css-cMxZM brz-css-l_nqW brz-wrapper\">\n<div class=\"brz-rich-text brz-rich-text__custom brz-css-oHFbZ\" data-brz-custom-id=\"quexgwaepljvzxlpspbcsabuommdidamiqqp\">\n<div data-brz-translate-text=\"1\">\n<p class=\"brz-lh-sm-1_3 brz-fs-sm-15 brz-text-lg-center brz-tp-lg-heading6 brz-css-oBgRP\" data-uniq-id=\"igryt\" data-generated-css=\"brz-css-hxkns\"><span>Vilk\u00e5r<\/span><\/p>\n<\/div>\n<\/div>\n<\/div>\n<\/div>\n<p><a class=\"brz-a brz-container-link\" href=\"\/vilkaar\/\" target=\"_self\" rel=\"noopener\" data-brz-link-type=\"external\"><\/a><\/div>\n<\/div>\n<\/div>\n<div id=\"\" class=\"brz-css-cMxZM brz-css-y0Mmb brz-wrapper\">\n<div class=\"brz-spacer brz-css-rzHBE brz-css-sTo7c\"><\/div>\n<\/div>\n<\/div>\n<\/div>\n<div class=\"brz-columns brz-css-ebFJm brz-css-gAA1j\" data-brz-custom-id=\"iodywsyewvkhmwlbrdsvbnzjihkqxqegqddp\">\n<div class=\"brz-bg\"><\/div>\n<div class=\"brz-column__items brz-css-bD3aA brz-css-zF7Ah\">\n<div id=\"\" class=\"brz-css-cMxZM brz-wrapper\">\n<div class=\"brz-rich-text brz-rich-text__custom brz-css-oHFbZ\" data-brz-custom-id=\"zrbcvfvuhfvlimllypdvwasdevnfmpuofjfy\">\n<div data-brz-translate-text=\"1\">\n<h2 class=\"brz-text-lg-left brz-tp-lg-heading2 brz-css-fBSov\" data-generated-css=\"brz-css-smmdh\" data-uniq-id=\"dlavj\"><span class=\"brz-cp-color3\">K\u00f8letransport<\/span><\/h2>\n<\/div>\n<\/div>\n<\/div>\n<div id=\"\" class=\"brz-css-cMxZM brz-css-cu9jP brz-wrapper\">\n<div class=\"brz-rich-text brz-rich-text__custom brz-css-oHFbZ\" data-brz-custom-id=\"pjjhnqukzdegaenpovyjqtfscrukpawvsamp\">\n<div data-brz-translate-text=\"1\">\n<p class=\"brz-text-lg-left brz-mb-xs-20 brz-tp-lg-subtitle brz-mb-lg-0 brz-css-kZeBH\" data-uniq-id=\"azcjn\" data-generated-css=\"brz-css-alflt\"><span class=\"brz-cp-color4\">Vi har daglige rundture mellem Danmark og Spanien\/Portugal med vores k\u00f8letrailere.<\/span><\/p>\n<p class=\"brz-text-lg-left brz-mb-xs-20 brz-tp-lg-subtitle brz-mb-lg-0 brz-css-sDQFa\" data-uniq-id=\"iofuy\" data-generated-css=\"brz-css-ourwh\"><span class=\"brz-cp-color7\"> <\/span><\/p>\n<p class=\"brz-tp-lg-paragraph brz-css-bSpqB\" data-uniq-id=\"zyjva\" data-generated-css=\"brz-css-byqqq\"><span class=\"brz-cp-color3\">Vi transporterer eksempelvis farmaceutiske varer og ferskvarer s\u00e5som frisk frugt og gr\u00f8ntsager, men der er ogs\u00e5 mulighed for at transportere dybfrostvarer.<\/span><\/p>\n<p class=\"brz-tp-lg-paragraph brz-css-vavVu\" data-uniq-id=\"zyjva\" data-generated-css=\"brz-css-byqqq\"><span class=\"brz-cp-color3\"> <\/span><\/p>\n<p class=\"brz-text-lg-left brz-tp-lg-paragraph brz-mb-lg-30 brz-mb-xs-20 brz-css-rswBi\" data-uniq-id=\"gxcjw\" data-generated-css=\"brz-css-dbqir\"><span class=\"brz-cp-color3\">P\u00e5 vores k\u00f8leruter kan vi b\u00e5de h\u00e5ndtere full loads, stykgods og hasteleverancer. Vi har desuden ogs\u00e5 mulighed for at inds\u00e6tte k\u00f8letrailere p\u00e5 vores andre ruter, s\u00e5 hvis du eksempelvis har brug for k\u00f8letransport i Italien eller Tyskland, kan vi ogs\u00e5 h\u00e5ndtere dette.Vores k\u00f8letrailere har f\u00f8lgende specifikationer:<\/span><\/p>\n<\/div>\n<\/div>\n<\/div>\n<div class=\"brz-row__container brz-css-q_rea\" data-brz-custom-id=\"gckuumctdepescuheoftalfovwpsfebaiiaw\">\n<div class=\"brz-bg\"><\/div>\n<div class=\"brz-row brz-row--inner brz-css-yVvXZ brz-css-zfUWA\">\n<div class=\"brz-columns brz-css-ebFJm brz-css-bJxWq\" data-brz-custom-id=\"tscireqemdyizzkatuihmkrfncvytedheogs\">\n<div class=\"brz-bg\"><\/div>\n<div class=\"brz-column__items brz-css-bD3aA brz-css-qZRcc\">\n<div id=\"\" class=\"brz-css-cMxZM brz-wrapper\">\n<div class=\"brz-image brz-css-eNyaM brz-css-aB8K8\" data-brz-custom-id=\"mriordgvsamdyzqtnscapgvkshbfovseagvk\"><img decoding=\"async\" class=\"brz-img\" src=\"https:\/\/npldk.com\/da?brizy_media=wp-ca437bb444e91b2c92d7606eb9bb8c4c.jpg&amp;brizy_crop=iW%3D426%26iH%3D284%26oX%3D0%26oY%3D0%26cW%3D355%26cH%3D284\" alt=\"\" loading=\"lazy\"><\/div>\n<\/div>\n<\/div>\n<\/div>\n<div class=\"brz-columns brz-css-ebFJm brz-css-jjl4R\" data-brz-custom-id=\"ayekjsoontkrbtzcrqpihavacsoftqlgtwxr\">\n<div class=\"brz-bg\"><\/div>\n<div class=\"brz-column__items brz-css-bD3aA\">\n<div id=\"\" class=\"brz-css-cMxZM brz-wrapper\">\n<div class=\"brz-rich-text brz-rich-text__custom brz-css-oHFbZ\" data-brz-custom-id=\"toqfhfpkpyxiqgkzmqmwznvfckaxjqbkbazb\">\n<div data-brz-translate-text=\"1\">\n<p class=\"brz-tp-lg-heading3 brz-css-nUMUQ\" data-generated-css=\"brz-css-xhgwl\" data-uniq-id=\"dtemz\"><span class=\"brz-cp-color3\">Indvendige m\u00e5l:<\/span><\/p>\n<\/div>\n<\/div>\n<\/div>\n<div id=\"\" class=\"brz-css-cMxZM brz-css-rhGCC brz-wrapper\">\n<div class=\"brz-rich-text brz-rich-text__custom brz-css-oHFbZ\" data-brz-custom-id=\"urcfpgagmbrnnsxryrivelraxvnwdhvbjkli\">\n<div data-brz-translate-text=\"1\">\n<p class=\"brz-tp-lg-paragraph brz-css-xamde\" data-generated-css=\"brz-css-ropue\" data-uniq-id=\"bhzcf\"><span class=\"brz-cp-color3\">L\u00e6ngde: 13,35 m<\/span><\/p>\n<p class=\"brz-tp-lg-paragraph brz-css-ulk6U\" data-generated-css=\"brz-css-ywovw\" data-uniq-id=\"yyhse\"><span class=\"brz-cp-color3\">Bredde: 2,49 m<\/span><\/p>\n<p class=\"brz-tp-lg-paragraph brz-css-sFrgY\" data-generated-css=\"brz-css-wobke\" data-uniq-id=\"pxdwk\"><span class=\"brz-cp-color3\">H\u00f8jde: 2,65 m<\/span><\/p>\n<p class=\"brz-tp-lg-paragraph brz-css-cv7hq\" data-uniq-id=\"kjgkw\" data-generated-css=\"brz-css-mdzce\"><span class=\"brz-cp-color3\">Lastekapacitet: 22,5 t<\/span><\/p>\n<p class=\"brz-tp-lg-paragraph brz-css-e_4cY\" data-uniq-id=\"yesdn\" data-generated-css=\"brz-css-gtkfk\"><span class=\"brz-cp-color3\"> <\/span><\/p>\n<p class=\"brz-tp-lg-paragraph brz-css-fEfiE\" data-uniq-id=\"ydise\" data-generated-css=\"brz-css-gphsi\"><span class=\"brz-cp-color3\">Temperaturen kan indstilles fra -24 grader til +25 grader.<\/span><\/p>\n<\/div>\n<\/div>\n<\/div>\n<\/div>\n<\/div>\n<\/div>\n<\/div>\n<\/div>\n<\/div>\n<\/div>\n<\/div>\n<\/div>\n<\/div>\n<\/section>\n<\/div>\n<p>    <!-- version:1733274579 --><\/p>\n","protected":false},"excerpt":{"rendered":"<p>TRANSPORT Vejtransport K\u00f8letransport Hastelevering Flyttetransport&nbsp; Lager Vognpark Chauff\u00f8rer Vilk\u00e5r K\u00f8letransport Vi har daglige rundture mellem Danmark og Spanien\/Portugal med vores k\u00f8letrailere. Vi transporterer eksempelvis farmaceutiske varer og ferskvarer s\u00e5som frisk frugt og gr\u00f8ntsager, men der er ogs\u00e5 mulighed for at transportere dybfrostvarer. P\u00e5 vores k\u00f8leruter kan vi b\u00e5de h\u00e5ndtere full loads, stykgods og hasteleverancer. Vi [&hellip;]<\/p>\n","protected":false},"author":1,"featured_media":0,"parent":0,"menu_order":0,"comment_status":"closed","ping_status":"closed","template":"brizy-blank-template.php","meta":{"footnotes":""},"class_list":["post-3426","page","type-page","status-publish","hentry"],"yoast_head":"<!-- This site is optimized with the Yoast SEO plugin v27.4 - https:\/\/yoast.com\/product\/yoast-seo-wordpress\/ -->\n<title>K\u00f8letransport - NPL<\/title>\n<meta name=\"robots\" content=\"index, follow, max-snippet:-1, max-image-preview:large, max-video-preview:-1\" \/>\n<link rel=\"canonical\" href=\"https:\/\/npldk.com\/da\/koeletransport\/\" \/>\n<meta property=\"og:locale\" content=\"da_DK\" \/>\n<meta property=\"og:type\" content=\"article\" \/>\n<meta property=\"og:title\" content=\"K\u00f8letransport - NPL\" \/>\n<meta property=\"og:description\" content=\"TRANSPORT Vejtransport K\u00f8letransport Hastelevering Flyttetransport&nbsp; Lager Vognpark Chauff\u00f8rer Vilk\u00e5r K\u00f8letransport Vi har daglige rundture mellem Danmark og Spanien\/Portugal med vores k\u00f8letrailere. Vi transporterer eksempelvis farmaceutiske varer og ferskvarer s\u00e5som frisk frugt og gr\u00f8ntsager, men der er ogs\u00e5 mulighed for at transportere dybfrostvarer. P\u00e5 vores k\u00f8leruter kan vi b\u00e5de h\u00e5ndtere full loads, stykgods og hasteleverancer. Vi [&hellip;]\" \/>\n<meta property=\"og:url\" content=\"https:\/\/npldk.com\/da\/koeletransport\/\" \/>\n<meta property=\"og:site_name\" content=\"NPL\" \/>\n<meta property=\"article:modified_time\" content=\"2026-03-10T20:28:43+00:00\" \/>\n<meta property=\"og:image\" content=\"https:\/\/npldk.com\/da?brizy_media=wp-ca437bb444e91b2c92d7606eb9bb8c4c.jpg&amp;brizy_crop=iW%3D426%26iH%3D284%26oX%3D0%26oY%3D0%26cW%3D355%26cH%3D284\" \/>\n<meta name=\"twitter:card\" content=\"summary_large_image\" \/>\n<meta name=\"twitter:label1\" content=\"Estimeret l\u00e6setid\" \/>\n\t<meta name=\"twitter:data1\" content=\"1 minut\" \/>\n<script type=\"application\/ld+json\" class=\"yoast-schema-graph\">{\"@context\":\"https:\\\/\\\/schema.org\",\"@graph\":[{\"@type\":\"WebPage\",\"@id\":\"https:\\\/\\\/npldk.com\\\/da\\\/koeletransport\\\/\",\"url\":\"https:\\\/\\\/npldk.com\\\/da\\\/koeletransport\\\/\",\"name\":\"K\u00f8letransport - NPL\",\"isPartOf\":{\"@id\":\"https:\\\/\\\/npldk.com\\\/da\\\/?lang=da\\\/#website\"},\"primaryImageOfPage\":{\"@id\":\"https:\\\/\\\/npldk.com\\\/da\\\/koeletransport\\\/#primaryimage\"},\"image\":{\"@id\":\"https:\\\/\\\/npldk.com\\\/da\\\/koeletransport\\\/#primaryimage\"},\"thumbnailUrl\":\"https:\\\/\\\/npldk.com\\\/da?brizy_media=wp-ca437bb444e91b2c92d7606eb9bb8c4c.jpg&amp;brizy_crop=iW%3D426%26iH%3D284%26oX%3D0%26oY%3D0%26cW%3D355%26cH%3D284\",\"datePublished\":\"2021-10-27T12:59:52+00:00\",\"dateModified\":\"2026-03-10T20:28:43+00:00\",\"breadcrumb\":{\"@id\":\"https:\\\/\\\/npldk.com\\\/da\\\/koeletransport\\\/#breadcrumb\"},\"inLanguage\":\"da-DK\",\"potentialAction\":[{\"@type\":\"ReadAction\",\"target\":[\"https:\\\/\\\/npldk.com\\\/da\\\/koeletransport\\\/\"]}]},{\"@type\":\"ImageObject\",\"inLanguage\":\"da-DK\",\"@id\":\"https:\\\/\\\/npldk.com\\\/da\\\/koeletransport\\\/#primaryimage\",\"url\":\"https:\\\/\\\/npldk.com\\\/da?brizy_media=wp-ca437bb444e91b2c92d7606eb9bb8c4c.jpg&amp;brizy_crop=iW%3D426%26iH%3D284%26oX%3D0%26oY%3D0%26cW%3D355%26cH%3D284\",\"contentUrl\":\"https:\\\/\\\/npldk.com\\\/da?brizy_media=wp-ca437bb444e91b2c92d7606eb9bb8c4c.jpg&amp;brizy_crop=iW%3D426%26iH%3D284%26oX%3D0%26oY%3D0%26cW%3D355%26cH%3D284\"},{\"@type\":\"BreadcrumbList\",\"@id\":\"https:\\\/\\\/npldk.com\\\/da\\\/koeletransport\\\/#breadcrumb\",\"itemListElement\":[{\"@type\":\"ListItem\",\"position\":1,\"name\":\"Hjem\",\"item\":\"https:\\\/\\\/npldk.com\\\/da\\\/\"},{\"@type\":\"ListItem\",\"position\":2,\"name\":\"K\u00f8letransport\"}]},{\"@type\":\"WebSite\",\"@id\":\"https:\\\/\\\/npldk.com\\\/da\\\/?lang=da\\\/#website\",\"url\":\"https:\\\/\\\/npldk.com\\\/da\\\/?lang=da\\\/\",\"name\":\"NPL\",\"description\":\"\",\"potentialAction\":[{\"@type\":\"SearchAction\",\"target\":{\"@type\":\"EntryPoint\",\"urlTemplate\":\"https:\\\/\\\/npldk.com\\\/da\\\/?lang=da\\\/?s={search_term_string}\"},\"query-input\":{\"@type\":\"PropertyValueSpecification\",\"valueRequired\":true,\"valueName\":\"search_term_string\"}}],\"inLanguage\":\"da-DK\"}]}<\/script>\n<!-- \/ Yoast SEO plugin. -->","yoast_head_json":{"title":"K\u00f8letransport - NPL","robots":{"index":"index","follow":"follow","max-snippet":"max-snippet:-1","max-image-preview":"max-image-preview:large","max-video-preview":"max-video-preview:-1"},"canonical":"https:\/\/npldk.com\/da\/koeletransport\/","og_locale":"da_DK","og_type":"article","og_title":"K\u00f8letransport - NPL","og_description":"TRANSPORT Vejtransport K\u00f8letransport Hastelevering Flyttetransport&nbsp; Lager Vognpark Chauff\u00f8rer Vilk\u00e5r K\u00f8letransport Vi har daglige rundture mellem Danmark og Spanien\/Portugal med vores k\u00f8letrailere. Vi transporterer eksempelvis farmaceutiske varer og ferskvarer s\u00e5som frisk frugt og gr\u00f8ntsager, men der er ogs\u00e5 mulighed for at transportere dybfrostvarer. P\u00e5 vores k\u00f8leruter kan vi b\u00e5de h\u00e5ndtere full loads, stykgods og hasteleverancer. Vi [&hellip;]","og_url":"https:\/\/npldk.com\/da\/koeletransport\/","og_site_name":"NPL","article_modified_time":"2026-03-10T20:28:43+00:00","og_image":[{"url":"https:\/\/npldk.com\/da?brizy_media=wp-ca437bb444e91b2c92d7606eb9bb8c4c.jpg&amp;brizy_crop=iW%3D426%26iH%3D284%26oX%3D0%26oY%3D0%26cW%3D355%26cH%3D284","type":"","width":"","height":""}],"twitter_card":"summary_large_image","twitter_misc":{"Estimeret l\u00e6setid":"1 minut"},"schema":{"@context":"https:\/\/schema.org","@graph":[{"@type":"WebPage","@id":"https:\/\/npldk.com\/da\/koeletransport\/","url":"https:\/\/npldk.com\/da\/koeletransport\/","name":"K\u00f8letransport - NPL","isPartOf":{"@id":"https:\/\/npldk.com\/da\/?lang=da\/#website"},"primaryImageOfPage":{"@id":"https:\/\/npldk.com\/da\/koeletransport\/#primaryimage"},"image":{"@id":"https:\/\/npldk.com\/da\/koeletransport\/#primaryimage"},"thumbnailUrl":"https:\/\/npldk.com\/da?brizy_media=wp-ca437bb444e91b2c92d7606eb9bb8c4c.jpg&amp;brizy_crop=iW%3D426%26iH%3D284%26oX%3D0%26oY%3D0%26cW%3D355%26cH%3D284","datePublished":"2021-10-27T12:59:52+00:00","dateModified":"2026-03-10T20:28:43+00:00","breadcrumb":{"@id":"https:\/\/npldk.com\/da\/koeletransport\/#breadcrumb"},"inLanguage":"da-DK","potentialAction":[{"@type":"ReadAction","target":["https:\/\/npldk.com\/da\/koeletransport\/"]}]},{"@type":"ImageObject","inLanguage":"da-DK","@id":"https:\/\/npldk.com\/da\/koeletransport\/#primaryimage","url":"https:\/\/npldk.com\/da?brizy_media=wp-ca437bb444e91b2c92d7606eb9bb8c4c.jpg&amp;brizy_crop=iW%3D426%26iH%3D284%26oX%3D0%26oY%3D0%26cW%3D355%26cH%3D284","contentUrl":"https:\/\/npldk.com\/da?brizy_media=wp-ca437bb444e91b2c92d7606eb9bb8c4c.jpg&amp;brizy_crop=iW%3D426%26iH%3D284%26oX%3D0%26oY%3D0%26cW%3D355%26cH%3D284"},{"@type":"BreadcrumbList","@id":"https:\/\/npldk.com\/da\/koeletransport\/#breadcrumb","itemListElement":[{"@type":"ListItem","position":1,"name":"Hjem","item":"https:\/\/npldk.com\/da\/"},{"@type":"ListItem","position":2,"name":"K\u00f8letransport"}]},{"@type":"WebSite","@id":"https:\/\/npldk.com\/da\/?lang=da\/#website","url":"https:\/\/npldk.com\/da\/?lang=da\/","name":"NPL","description":"","potentialAction":[{"@type":"SearchAction","target":{"@type":"EntryPoint","urlTemplate":"https:\/\/npldk.com\/da\/?lang=da\/?s={search_term_string}"},"query-input":{"@type":"PropertyValueSpecification","valueRequired":true,"valueName":"search_term_string"}}],"inLanguage":"da-DK"}]}},"brizy_media":[],"_links":{"self":[{"href":"https:\/\/npldk.com\/da\/wp-json\/wp\/v2\/pages\/3426","targetHints":{"allow":["GET"]}}],"collection":[{"href":"https:\/\/npldk.com\/da\/wp-json\/wp\/v2\/pages"}],"about":[{"href":"https:\/\/npldk.com\/da\/wp-json\/wp\/v2\/types\/page"}],"author":[{"embeddable":true,"href":"https:\/\/npldk.com\/da\/wp-json\/wp\/v2\/users\/1"}],"replies":[{"embeddable":true,"href":"https:\/\/npldk.com\/da\/wp-json\/wp\/v2\/comments?post=3426"}],"version-history":[{"count":0,"href":"https:\/\/npldk.com\/da\/wp-json\/wp\/v2\/pages\/3426\/revisions"}],"wp:attachment":[{"href":"https:\/\/npldk.com\/da\/wp-json\/wp\/v2\/media?parent=3426"}],"curies":[{"name":"wp","href":"https:\/\/api.w.org\/{rel}","templated":true}]}}