{"id":3509,"date":"2021-10-28T08:22:51","date_gmt":"2021-10-28T08:22:51","guid":{"rendered":"https:\/\/npldk.com\/?page_id=3509"},"modified":"2026-03-12T02:20:49","modified_gmt":"2026-03-12T02:20:49","slug":"vejtransport","status":"publish","type":"page","link":"https:\/\/npldk.com\/da\/vejtransport\/","title":{"rendered":"Vejtransport"},"content":{"rendered":"<div class=\"brz-root__container brz-reset-all brz\">\n<section id=\"_yvqjtirirlrkpliwusjkfzoqwfwfvlijgrza\" class=\"brz-section brz-css-mb03B\">\n<div class=\"brz-section__content brz-section--boxed brz-css-lx00z brz-css-bGcLH\" data-brz-custom-id=\"mkwrabqhkmhspejjxqgvfjhayqbzqwjlcbsj\">\n<div class=\"brz-bg\">\n<div class=\"brz-bg-shape brz-bg-shape__bottom\"><\/div>\n<\/div>\n<div class=\"brz-container brz-css-qT370\">\n<div class=\"brz-row__container brz-css-q0BLL brz-css-tjpkI\" data-brz-custom-id=\"hrlcgddqktcjmexzcswcdmbhqvxpmcdlnfjw\">\n<div class=\"brz-bg\"><\/div>\n<div class=\"brz-row brz-css-dEEjq\">\n<div class=\"brz-columns brz-css-dMjjP brz-css-pJwj_\" data-brz-custom-id=\"fvxtdhzdigkqxsdamtyvzblnphgcndhplglg\">\n<div class=\"brz-bg\">\n<div class=\"brz-bg-image\"><\/div>\n<div class=\"brz-bg-color\"><\/div>\n<\/div>\n<div class=\"brz-column__items brz-css-akdRa brz-css-jN0ET\">\n<div class=\"brz-row__container brz-css-q0BLL\" data-brz-custom-id=\"zldxpyriajtdfmbkdwhgsasvurgfszmhhnic\">\n<div class=\"brz-bg\"><\/div>\n<div class=\"brz-row brz-row--inner brz-css-dEEjq brz-css-swdAj\">\n<div class=\"brz-columns brz-css-dMjjP brz-css-kZq0J\" data-brz-custom-id=\"asaqorfxqjenfqomymudvlyizpkxmbxtefxm\">\n<div class=\"brz-bg\">\n<div class=\"brz-bg-color\"><\/div>\n<\/div>\n<div class=\"brz-column__items brz-css-akdRa brz-css-fkBJj\">\n<div id=\"\" class=\"brz-css-vxey3 brz-wrapper\">\n<div class=\"brz-rich-text brz-rich-text__custom brz-css-oCijA\" data-brz-custom-id=\"ybnyklddpocriwcoyyyamjxwfuwemjrzbcdk\">\n<div data-brz-translate-text=\"1\">\n<p class=\"brz-text-lg-center brz-lh-lg-1_3 brz-lh-sm-im-1_3 brz-lh-xs-im-1_3 brz-fs-lg-32 brz-fs-xs-im-22 brz-ls-lg-m_1 brz-ls-sm-im-0 brz-ls-xs-im-0 brz-ff-montserrat brz-ft-google brz-fw-lg-300 brz-fw-sm-im-300 brz-fw-xs-im-300 brz-fs-sm-19 brz-css-c9ewU\"><span class=\"brz-cp-color8\">TRANSPORT<\/span><\/p>\n<\/div>\n<\/div>\n<\/div>\n<\/div>\n<p><a class=\"brz-a brz-container-link\" href=\"\/transport\/\" target=\"_self\" rel=\"noopener\" data-brz-link-type=\"external\"><\/a><\/div>\n<\/div>\n<\/div>\n<div id=\"\" class=\"brz-css-vxey3 brz-css-oPmrP brz-wrapper\">\n<div class=\"brz-spacer brz-css-cqY8b brz-css-zdqS0\"><\/div>\n<\/div>\n<div class=\"brz-row__container brz-css-q0BLL\" data-brz-custom-id=\"grjrpvwuqasqhqbfzksznytjkvrkqdtekqeu\">\n<div class=\"brz-bg\"><\/div>\n<div class=\"brz-row brz-row--inner brz-css-dEEjq brz-css-swdAj\">\n<div class=\"brz-columns brz-css-dMjjP brz-css-j_i_c zoom\" data-brz-custom-id=\"keiutegcoimwbkfihisiwgstkgekdvyykfzu\">\n<div class=\"brz-bg\">\n<div class=\"brz-bg-color\"><\/div>\n<\/div>\n<div class=\"brz-column__items brz-css-akdRa brz-css-yFYcS\">\n<div id=\"\" class=\"brz-css-vxey3 brz-css-l6J5H brz-wrapper\">\n<div class=\"brz-rich-text brz-rich-text__custom brz-css-oCijA\" data-brz-custom-id=\"kwiiaohiztunmqseynbssxlvccwrrelkszuu\">\n<div data-brz-translate-text=\"1\">\n<p class=\"brz-lh-sm-1_3 brz-fs-sm-15 brz-tp-lg-heading6 brz-text-lg-center brz-css-vphY8\" data-uniq-id=\"ueoxu\" data-generated-css=\"brz-css-rekjq\"><span class=\"brz-cp-color8\">Vejtransport<\/span><\/p>\n<\/div>\n<\/div>\n<\/div>\n<\/div>\n<p><a class=\"brz-a brz-container-link\" href=\"\/vejtransport\/\" target=\"_self\" rel=\"noopener\" data-brz-link-type=\"external\"><\/a><\/div>\n<\/div>\n<\/div>\n<div id=\"\" class=\"brz-css-vxey3 brz-css-oPmrP brz-wrapper\">\n<div class=\"brz-spacer brz-css-cqY8b brz-css-vVRbw\"><\/div>\n<\/div>\n<div class=\"brz-row__container brz-css-q0BLL\" data-brz-custom-id=\"mylchqjhfvkpmomfkutcdwfeqgzlfvakusgg\">\n<div class=\"brz-bg\"><\/div>\n<div class=\"brz-row brz-row--inner brz-css-dEEjq brz-css-swdAj\">\n<div class=\"brz-columns brz-css-dMjjP brz-css-uRaTn zoom\" data-brz-custom-id=\"myxajdrtzblnrpwdnjbgnmaisrxgwyerknoi\">\n<div class=\"brz-bg\">\n<div class=\"brz-bg-color\"><\/div>\n<\/div>\n<div class=\"brz-column__items brz-css-akdRa brz-css-mRfxE\">\n<div id=\"\" class=\"brz-css-vxey3 brz-css-z2aTd brz-wrapper\">\n<div class=\"brz-rich-text brz-rich-text__custom brz-css-oCijA\" data-brz-custom-id=\"tcrkmnxsaqcyntcadcoelqecxfrlenhpnjpq\">\n<div data-brz-translate-text=\"1\">\n<p class=\"brz-lh-sm-1_3 brz-fs-sm-15 brz-tp-lg-heading6 brz-text-lg-center brz-css-x4akC\" data-uniq-id=\"rhpfx\" data-generated-css=\"brz-css-qehdb\"><span>K\u00f8letransport<\/span><\/p>\n<\/div>\n<\/div>\n<\/div>\n<\/div>\n<p><a class=\"brz-a brz-container-link\" href=\"\/koeletransport\/\" target=\"_self\" rel=\"noopener\" data-brz-link-type=\"external\"><\/a><\/div>\n<\/div>\n<\/div>\n<div id=\"\" class=\"brz-css-vxey3 brz-css-oPmrP brz-wrapper\">\n<div class=\"brz-spacer brz-css-cqY8b brz-css-qnkj6\"><\/div>\n<\/div>\n<div class=\"brz-row__container brz-css-q0BLL\" data-brz-custom-id=\"wytvwobwdxjtptcipeplqjcirkejqwmpepgs\">\n<div class=\"brz-bg\"><\/div>\n<div class=\"brz-row brz-row--inner brz-css-dEEjq brz-css-swdAj\">\n<div class=\"brz-columns brz-css-dMjjP brz-css-xnJtp zoom\" data-brz-custom-id=\"kbxvrypsaenmdqvlolxsguiifddzgoqatgoj\">\n<div class=\"brz-bg\">\n<div class=\"brz-bg-color\"><\/div>\n<\/div>\n<div class=\"brz-column__items brz-css-akdRa brz-css-aOgkV\">\n<div id=\"\" class=\"brz-css-vxey3 brz-css-xdsWS brz-wrapper\">\n<div class=\"brz-rich-text brz-rich-text__custom brz-css-oCijA\" data-brz-custom-id=\"kxneldmhxpkiwxygwclxorwwfdivpgunlgqu\">\n<div data-brz-translate-text=\"1\">\n<p class=\"brz-lh-sm-1_3 brz-fs-sm-15 brz-text-lg-center brz-tp-lg-heading6 brz-css-q17rk\" data-uniq-id=\"zaoan\" data-generated-css=\"brz-css-moris\"><span>Hastelevering<\/span><\/p>\n<\/div>\n<\/div>\n<\/div>\n<\/div>\n<p><a class=\"brz-a brz-container-link\" href=\"\/hastelevering\/\" target=\"_self\" rel=\"noopener\" data-brz-link-type=\"external\"><\/a><\/div>\n<\/div>\n<\/div>\n<div id=\"\" class=\"brz-css-vxey3 brz-css-oPmrP brz-wrapper\">\n<div class=\"brz-spacer brz-css-cqY8b brz-css-jwN7n\"><\/div>\n<\/div>\n<div class=\"brz-row__container brz-css-q0BLL\" data-brz-custom-id=\"vlqqjezymhkxsgceaakoughpnnwryjmqszdt\">\n<div class=\"brz-bg\"><\/div>\n<div class=\"brz-row brz-row--inner brz-css-dEEjq brz-css-swdAj\">\n<div class=\"brz-columns brz-css-dMjjP brz-css-oPoj2 zoom\" data-brz-custom-id=\"nbzyqgofsmamkcaluvxhbvblqksbqygpatvp\">\n<div class=\"brz-bg\">\n<div class=\"brz-bg-color\"><\/div>\n<\/div>\n<div class=\"brz-column__items brz-css-akdRa brz-css-lERoY\">\n<div id=\"\" class=\"brz-css-vxey3 brz-css-eRCqQ brz-wrapper\">\n<div class=\"brz-rich-text brz-rich-text__custom brz-css-oCijA\" data-brz-custom-id=\"dqffbulhfigdgxztldlwcnofivhwkgbvzunz\">\n<div data-brz-translate-text=\"1\">\n<p class=\"brz-lh-sm-1_3 brz-fs-sm-15 brz-tp-lg-heading6 brz-text-lg-center brz-css-ih2pM\" data-uniq-id=\"dgabj\" data-generated-css=\"brz-css-mukyb\"><span>Flyttetransport&nbsp;<\/span><\/p>\n<\/div>\n<\/div>\n<\/div>\n<\/div>\n<p><a class=\"brz-a brz-container-link\" href=\"\/flyttetransport \/\" target=\"_self\" rel=\"noopener\" data-brz-link-type=\"external\"><\/a><\/div>\n<\/div>\n<\/div>\n<div id=\"\" class=\"brz-css-vxey3 brz-css-oPmrP brz-wrapper\">\n<div class=\"brz-spacer brz-css-cqY8b brz-css-i1h34\"><\/div>\n<\/div>\n<div class=\"brz-row__container brz-css-q0BLL\" data-brz-custom-id=\"yisrddleklbnbruaggqqbsvmtsmwjxayjwit\">\n<div class=\"brz-bg\"><\/div>\n<div class=\"brz-row brz-row--inner brz-css-dEEjq brz-css-swdAj\">\n<div class=\"brz-columns brz-css-dMjjP brz-css-s5RoO zoom\" data-brz-custom-id=\"omvypoanzuxvaxikblhnactvgcicsmfomlif\">\n<div class=\"brz-bg\">\n<div class=\"brz-bg-color\"><\/div>\n<\/div>\n<div class=\"brz-column__items brz-css-akdRa brz-css-leclU\">\n<div id=\"\" class=\"brz-css-vxey3 brz-css-nIZTN brz-wrapper\">\n<div class=\"brz-rich-text brz-rich-text__custom brz-css-oCijA\" data-brz-custom-id=\"kvwweufabeehoqjpvvfytdbhhsytrcdnspng\">\n<div data-brz-translate-text=\"1\">\n<p class=\"brz-lh-sm-1_3 brz-fs-sm-15 brz-tp-lg-heading6 brz-text-lg-center brz-css-eQF8S\" data-uniq-id=\"mgxmo\" data-generated-css=\"brz-css-sgcnf\"><span class=\"brz-cp-color8\">Lager<\/span><\/p>\n<\/div>\n<\/div>\n<\/div>\n<\/div>\n<p><a class=\"brz-a brz-container-link\" href=\"\/lager\/\" target=\"_self\" rel=\"noopener\" data-brz-link-type=\"external\"><\/a><\/div>\n<\/div>\n<\/div>\n<div id=\"\" class=\"brz-css-vxey3 brz-css-oPmrP brz-wrapper\">\n<div class=\"brz-spacer brz-css-cqY8b brz-css-hIT_S\"><\/div>\n<\/div>\n<div class=\"brz-row__container brz-css-q0BLL\" data-brz-custom-id=\"erkncwxdbcncgpodhekdyhvlmbprrhabdbba\">\n<div class=\"brz-bg\"><\/div>\n<div class=\"brz-row brz-row--inner brz-css-dEEjq brz-css-swdAj\">\n<div class=\"brz-columns brz-css-dMjjP brz-css-pEyt6 zoom\" data-brz-custom-id=\"yafxojpxskpgzwspxodonialtinuvsvrifar\">\n<div class=\"brz-bg\">\n<div class=\"brz-bg-color\"><\/div>\n<\/div>\n<div class=\"brz-column__items brz-css-akdRa brz-css-leJpu\">\n<div id=\"\" class=\"brz-css-vxey3 brz-css-dQVEp brz-wrapper\">\n<div class=\"brz-rich-text brz-rich-text__custom brz-css-oCijA\" data-brz-custom-id=\"qwuofqlzsmahvovptegdvnzfnqdszdkdhfim\">\n<div data-brz-translate-text=\"1\">\n<p class=\"brz-lh-sm-1_3 brz-fs-sm-15 brz-text-lg-center brz-tp-lg-heading6 brz-css-htyY0\" data-uniq-id=\"smyvf\" data-generated-css=\"brz-css-wvoeq\"><span>Vognpark<\/span><\/p>\n<\/div>\n<\/div>\n<\/div>\n<\/div>\n<p><a class=\"brz-a brz-container-link\" href=\"\/vognpark\/\" target=\"_self\" rel=\"noopener\" data-brz-link-type=\"external\"><\/a><\/div>\n<\/div>\n<\/div>\n<div id=\"\" class=\"brz-css-vxey3 brz-css-oPmrP brz-wrapper\">\n<div class=\"brz-spacer brz-css-cqY8b brz-css-lJAab\"><\/div>\n<\/div>\n<div class=\"brz-row__container brz-css-q0BLL\" data-brz-custom-id=\"udnrjiufzzeosmvwxuxgjfhzfapcuscnndcw\">\n<div class=\"brz-bg\"><\/div>\n<div class=\"brz-row brz-row--inner brz-css-dEEjq brz-css-swdAj\">\n<div class=\"brz-columns brz-css-dMjjP brz-css-iRagt zoom\" data-brz-custom-id=\"ddknityrphvxsnmorostbcqanjrjmssjnkqz\">\n<div class=\"brz-bg\">\n<div class=\"brz-bg-color\"><\/div>\n<\/div>\n<div class=\"brz-column__items brz-css-akdRa brz-css-c1oEk\">\n<div id=\"\" class=\"brz-css-vxey3 brz-css-ldjwj brz-wrapper\">\n<div class=\"brz-rich-text brz-rich-text__custom brz-css-oCijA\" data-brz-custom-id=\"oywpsagwfyqcnaxpkklthbzocqagxfsuqugq\">\n<div data-brz-translate-text=\"1\">\n<p class=\"brz-lh-sm-1_3 brz-fs-sm-15 brz-text-lg-center brz-tp-lg-heading6 brz-css-w7Tjp\" data-uniq-id=\"bflpf\" data-generated-css=\"brz-css-rikod\"><span>Chauff\u00f8rer<\/span><\/p>\n<\/div>\n<\/div>\n<\/div>\n<\/div>\n<p><a class=\"brz-a brz-container-link\" href=\"\/chauffoerer\/\" target=\"_self\" rel=\"noopener\" data-brz-link-type=\"external\"><\/a><\/div>\n<\/div>\n<\/div>\n<div id=\"\" class=\"brz-css-vxey3 brz-css-oPmrP brz-wrapper\">\n<div class=\"brz-spacer brz-css-cqY8b brz-css-nRZV4\"><\/div>\n<\/div>\n<div class=\"brz-row__container brz-css-q0BLL\" data-brz-custom-id=\"atadeevkzmbpeeuxdykrovdqyjebthfqjvuh\">\n<div class=\"brz-bg\"><\/div>\n<div class=\"brz-row brz-row--inner brz-css-dEEjq brz-css-swdAj\">\n<div class=\"brz-columns brz-css-dMjjP brz-css-el8G9 zoom\" data-brz-custom-id=\"yzfyxlzdzptmfkwtzgxpkmghxlcbutxebllr\">\n<div class=\"brz-bg\">\n<div class=\"brz-bg-color\"><\/div>\n<\/div>\n<div class=\"brz-column__items brz-css-akdRa brz-css-nkHuT\">\n<div id=\"\" class=\"brz-css-vxey3 brz-css-obqsI brz-wrapper\">\n<div class=\"brz-rich-text brz-rich-text__custom brz-css-oCijA\" data-brz-custom-id=\"siccspnqjzyxbzrcayskcdzverrooipmdulz\">\n<div data-brz-translate-text=\"1\">\n<p class=\"brz-lh-sm-1_3 brz-fs-sm-15 brz-text-lg-center brz-tp-lg-heading6 brz-css-lIguK\" data-uniq-id=\"ldnva\" data-generated-css=\"brz-css-wgcce\"><span>Vilk\u00e5r<\/span><\/p>\n<\/div>\n<\/div>\n<\/div>\n<\/div>\n<p><a class=\"brz-a brz-container-link\" href=\"\/vilkaar\/\" target=\"_self\" rel=\"noopener\" data-brz-link-type=\"external\"><\/a><\/div>\n<\/div>\n<\/div>\n<div id=\"\" class=\"brz-css-vxey3 brz-css-oPmrP brz-wrapper\">\n<div class=\"brz-spacer brz-css-cqY8b brz-css-xDXar\"><\/div>\n<\/div>\n<\/div>\n<\/div>\n<div class=\"brz-columns brz-css-dMjjP brz-css-suDFX\" data-brz-custom-id=\"qckltitzupmoytpwmlxlbbcjddifwknpmcgl\">\n<div class=\"brz-bg\"><\/div>\n<div class=\"brz-column__items brz-css-akdRa brz-css-l25P2\">\n<div id=\"\" class=\"brz-css-vxey3 brz-wrapper\">\n<div class=\"brz-rich-text brz-rich-text__custom brz-css-oCijA\" data-brz-custom-id=\"zemxxoufkwpqzfkmiwpvhfmazllztgalvvyx\">\n<div data-brz-translate-text=\"1\">\n<h2 class=\"brz-text-lg-left brz-tp-lg-heading2 brz-css-xMJIr\" data-generated-css=\"brz-css-nvvvc\" data-uniq-id=\"nsjzn\"><span class=\"brz-cp-color3\">Vejtransport<\/span><\/h2>\n<\/div>\n<\/div>\n<\/div>\n<div id=\"\" class=\"brz-css-vxey3 brz-css-k5f8h brz-wrapper\">\n<div class=\"brz-rich-text brz-rich-text__custom brz-css-oCijA\" data-brz-custom-id=\"gbwacgnrskdloxsqoaplypdlsvpfovpvflwq\">\n<div data-brz-translate-text=\"1\">\n<p class=\"brz-mb-xs-20 brz-tp-lg-paragraph brz-text-lg-left brz-mb-lg-0 brz-css-lA8sY\" data-generated-css=\"brz-css-prtvd\" data-uniq-id=\"narqj\"><span class=\"brz-cp-color4\">Siden 2001 har Niels Pagh Logistics ydet sikker og hurtig transport af gods mellem Danmark og Spanien. Over tid er vores forretning vokset til ogs\u00e5 at inkludere Portugal og Tyskland.<\/span><\/p>\n<\/div>\n<\/div>\n<\/div>\n<div class=\"brz-row__container brz-css-q0BLL brz-css-kGq_1\" data-brz-custom-id=\"fbopsdjuregcbdcssyytilayfdhwopqfpntu\">\n<div class=\"brz-bg\"><\/div>\n<div class=\"brz-row brz-row--inner brz-css-dEEjq brz-css-cMrbx\">\n<div class=\"brz-columns brz-css-dMjjP brz-css-kal56\" data-brz-custom-id=\"gugbeydeuraeiveqfvxjaowjbwgvhnipilzu\">\n<div class=\"brz-bg\">\n<div class=\"brz-bg-image\"><\/div>\n<\/div>\n<div class=\"brz-column__items brz-css-akdRa brz-css-sRW44\">\n<div id=\"\" class=\"brz-css-vxey3 brz-css-oPmrP brz-wrapper\">\n<div class=\"brz-spacer brz-css-cqY8b brz-css-iJpAi\"><\/div>\n<\/div>\n<\/div>\n<\/div>\n<div class=\"brz-columns brz-css-dMjjP brz-css-wpucr\" data-brz-custom-id=\"tfgavakyrnkywkwbzfldzbxdulgzwamwyyhy\">\n<div class=\"brz-bg\">\n<div class=\"brz-bg-image\"><\/div>\n<\/div>\n<div class=\"brz-column__items brz-css-akdRa brz-css-qZ05O\">\n<div id=\"\" class=\"brz-css-vxey3 brz-css-oPmrP brz-wrapper\">\n<div class=\"brz-spacer brz-css-cqY8b brz-css-q2Zze\"><\/div>\n<\/div>\n<\/div>\n<\/div>\n<div class=\"brz-columns brz-css-dMjjP brz-css-fjjyk\" data-brz-custom-id=\"zdoclcapkfqoysolxszhqgumbumkshqdbtjf\">\n<div class=\"brz-bg\">\n<div class=\"brz-bg-image\"><\/div>\n<\/div>\n<div class=\"brz-column__items brz-css-akdRa brz-css-wnPM7\">\n<div id=\"\" class=\"brz-css-vxey3 brz-css-oPmrP brz-wrapper\">\n<div class=\"brz-spacer brz-css-cqY8b brz-css-c7A4x\"><\/div>\n<\/div>\n<\/div>\n<\/div>\n<div class=\"brz-columns brz-css-dMjjP brz-css-jOyxZ\" data-brz-custom-id=\"puyndncangmbktlmytjonneigugdaahhawmb\">\n<div class=\"brz-bg\">\n<div class=\"brz-bg-image\"><\/div>\n<\/div>\n<div class=\"brz-column__items brz-css-akdRa brz-css-tlLTy\">\n<div id=\"\" class=\"brz-css-vxey3 brz-css-oPmrP brz-wrapper\">\n<div class=\"brz-spacer brz-css-cqY8b brz-css-bIYsO\"><\/div>\n<\/div>\n<\/div>\n<\/div>\n<\/div>\n<\/div>\n<div class=\"brz-row__container brz-css-q0BLL brz-css-iXGbC\" data-brz-custom-id=\"hgcubglpnwtybtkcxmxriofjjiucylrnqprc\">\n<div class=\"brz-bg\"><\/div>\n<div class=\"brz-row brz-row--inner brz-css-dEEjq brz-css-lNgD5\">\n<div class=\"brz-columns brz-css-dMjjP\" data-brz-custom-id=\"gkcibiwjwfxzjanekwkmyctgjxsjntqzwzgq\">\n<div class=\"brz-bg\"><\/div>\n<div class=\"brz-column__items brz-css-akdRa brz-css-edcE3\">\n<div id=\"\" class=\"brz-css-vxey3 brz-wrapper\">\n<div class=\"brz-rich-text brz-rich-text__custom brz-css-oCijA\" data-brz-custom-id=\"yksdxpgyfpqugkhaphtpoomxsdxdvbzqvqky\">\n<div data-brz-translate-text=\"1\">\n<p class=\"brz-fw-xs-700 brz-fw-sm-700 brz-fw-lg-700 brz-ft-google brz-ff-montserrat brz-ls-xs-0 brz-ls-sm-0 brz-ls-lg-m_1 brz-fs-xs-22 brz-fs-sm-27 brz-fs-lg-32 brz-lh-xs-1_3 brz-lh-sm-1_3 brz-lh-lg-1_3 brz-css-ubbnA\" data-generated-css=\"brz-css-ffomh\" data-uniq-id=\"vqaeb\"><span class=\"brz-cp-color3\">Stykgodstransport<\/span><\/p>\n<\/div>\n<\/div>\n<\/div>\n<div id=\"\" class=\"brz-css-vxey3 brz-wrapper\">\n<div class=\"brz-rich-text brz-rich-text__custom brz-css-oCijA\" data-brz-custom-id=\"xcuzepwxpiwvjqtuafimbsnumtfjnvkdypvb\">\n<div data-brz-translate-text=\"1\">\n<p class=\"brz-tp-lg-paragraph brz-css-tOmDW\" data-uniq-id=\"iyrra\" data-generated-css=\"brz-css-swlvd\"><span class=\"brz-cp-color3\">Vi er specialister i stykgodstransporter! Vores team ved lige pr\u00e6cis, hvordan stykgodsbiler bedst sammens\u00e6ttes. Vi har mulighed for at opsamle og levere pallegods og kolli p\u00e5 alle vores ruter.<\/span><\/p>\n<p class=\"brz-tp-lg-paragraph brz-css-yL5hB\" data-uniq-id=\"fbzqf\" data-generated-css=\"brz-css-zvfbz\"><span class=\"brz-cp-color3\">Hvis du har en transportopgave, der ikke er d\u00e6kket af vores rutenetv\u00e6rk, er du velkommen til at kontakte os eller sende en foresp\u00f8rgsel her. S\u00e5 s\u00f8rger vi for at finde den bedste l\u00f8sning til dig.<\/span><\/p>\n<p class=\"brz-tp-lg-paragraph brz-css-do0jl\" data-generated-css=\"brz-css-szcvf\" data-uniq-id=\"wdnwq\"><span class=\"brz-cp-color3\">I forbindelse med stykgodstransporterne tilbyder vi ogs\u00e5 opbevaring af godset p\u00e5 et af vores europ\u00e6iske lagre, og derefter levering af varerne.<\/span><\/p>\n<\/div>\n<\/div>\n<\/div>\n<\/div>\n<\/div>\n<div class=\"brz-columns brz-css-dMjjP\" data-brz-custom-id=\"uksileguabmmcjzymnkrmqmgdjiiujvkhcuz\">\n<div class=\"brz-bg\"><\/div>\n<div class=\"brz-column__items brz-css-akdRa brz-css-sOy4j\">\n<div id=\"\" class=\"brz-css-vxey3 brz-wrapper\">\n<div class=\"brz-rich-text brz-rich-text__custom brz-css-oCijA\" data-brz-custom-id=\"bpmtcdiooxrrsbbuyopgrlvtgwqcepbwherq\">\n<div data-brz-translate-text=\"1\">\n<p class=\"brz-fw-xs-im-700 brz-fw-sm-im-700 brz-fw-lg-700 brz-ft-google brz-ff-montserrat brz-ls-xs-im-0 brz-ls-sm-im-0 brz-ls-lg-m_1 brz-fs-xs-im-22 brz-fs-sm-im-27 brz-fs-lg-32 brz-lh-xs-im-1_3 brz-lh-sm-im-1_3 brz-lh-lg-1_3 brz-mb-lg-0 brz-css-u1kID\"><span class=\"brz-cp-color3\">Full loads<\/span><\/p>\n<\/div>\n<\/div>\n<\/div>\n<div id=\"\" class=\"brz-css-vxey3 brz-wrapper\">\n<div class=\"brz-rich-text brz-rich-text__custom brz-css-oCijA\" data-brz-custom-id=\"bhsnpcdplgigcbnmtdtfzneiqmmcsprtokkz\">\n<div data-brz-translate-text=\"1\">\n<p class=\"brz-tp-lg-paragraph brz-css-yi8o2\" data-uniq-id=\"jvyxw\" data-generated-css=\"brz-css-fwrix\"><span class=\"brz-cp-color3\">Ud over stykgodstransport kan vi selvf\u00f8lgelig ogs\u00e5 h\u00e5ndtere full loads. Ligeledes med denne form for transporter kan vi samle godset op overalt p\u00e5 vores ruter. Og hvis der er en transportopgave, der skulle falde uden for en af vores ruter, s\u00f8ger vi gerne en l\u00f8sning for dig. Du skal blot kontakte en af vores disponenter, og s\u00e5 finder vi en l\u00f8sning.<\/span><\/p>\n<p class=\"brz-tp-lg-paragraph brz-css-uxGE5\" data-generated-css=\"brz-css-fwrix\" data-uniq-id=\"jvyxw\"><span class=\"brz-cp-color3\"> <\/span><\/p>\n<p class=\"brz-tp-lg-paragraph brz-css-rBjZx\" data-generated-css=\"brz-css-xfkqp\" data-uniq-id=\"xpstt\"><span class=\"brz-cp-color3\">Er der l\u00e6ngere tid mellem opsamlings- og leveringsdatoen, og har du ikke plads p\u00e5 eget lager? S\u00e5 opsamler vi gerne dit l\u00e6s, opbevarer det, og leverer det n\u00e5r tiden er inde.<\/span><\/p>\n<\/div>\n<\/div>\n<\/div>\n<\/div>\n<\/div>\n<\/div>\n<\/div>\n<div class=\"brz-wrapper-clone brz-css-hQ0w8 brz-css-hea1P\">\n<div class=\"brz-d-xs-flex brz-flex-xs-wrap brz-css-omyhO brz-css-gQHTL\" data-brz-custom-id=\"\">\n<div class=\"brz-wrapper-clone__item\" id=\"cetnqttgoxwyzcjxkxanqhnbnmhtfjwladgz\">\n<div class=\"brz-hover-animation__container\" data-brz-hover-animationid=\"hqyphdscxbtnnxvlwtocrjcedsaygftjkshe\" data-brz-hover-options=\"%7B%22duration%22:600,%22iterations%22:1%7D\" data-brz-hover-reversible=\"true\" data-brz-hover-target=\"%22firstChild%22\"><a class=\"brz-a brz-btn brz-css-wX9Vj brz-css-mXXLa brz-css-wEeoa brz-css-ofaLd\" href=\"\/find-os\/\" target=\"_self\" rel=\"noopener\" data-brz-link-type=\"external\" data-brz-custom-id=\"cetnqttgoxwyzcjxkxanqhnbnmhtfjwladgz\"><span data-brz-translate-text=\"1\" class=\"brz-span brz-text__editor\">Find dit n\u00e6rmeste lager.<\/span><\/a><\/div>\n<\/div>\n<\/div>\n<\/div>\n<\/div>\n<\/div>\n<\/div>\n<\/div>\n<\/div>\n<\/div>\n<\/section>\n<\/div>\n<p>    <!-- version:1733299354 --><\/p>\n","protected":false},"excerpt":{"rendered":"<p>TRANSPORT Vejtransport K\u00f8letransport Hastelevering Flyttetransport&nbsp; Lager Vognpark Chauff\u00f8rer Vilk\u00e5r Vejtransport Siden 2001 har Niels Pagh Logistics ydet sikker og hurtig transport af gods mellem Danmark og Spanien. Over tid er vores forretning vokset til ogs\u00e5 at inkludere Portugal og Tyskland. Stykgodstransport Vi er specialister i stykgodstransporter! Vores team ved lige pr\u00e6cis, hvordan stykgodsbiler bedst sammens\u00e6ttes. [&hellip;]<\/p>\n","protected":false},"author":1,"featured_media":0,"parent":0,"menu_order":0,"comment_status":"closed","ping_status":"closed","template":"brizy-blank-template.php","meta":{"footnotes":""},"class_list":["post-3509","page","type-page","status-publish","hentry"],"yoast_head":"<!-- This site is optimized with the Yoast SEO plugin v27.3 - https:\/\/yoast.com\/product\/yoast-seo-wordpress\/ -->\n<title>Vejtransport - NPL<\/title>\n<meta name=\"robots\" content=\"index, follow, max-snippet:-1, max-image-preview:large, max-video-preview:-1\" \/>\n<link rel=\"canonical\" href=\"https:\/\/npldk.com\/da\/vejtransport\/\" \/>\n<meta property=\"og:locale\" content=\"da_DK\" \/>\n<meta property=\"og:type\" content=\"article\" \/>\n<meta property=\"og:title\" content=\"Vejtransport - NPL\" \/>\n<meta property=\"og:description\" content=\"TRANSPORT Vejtransport K\u00f8letransport Hastelevering Flyttetransport&nbsp; Lager Vognpark Chauff\u00f8rer Vilk\u00e5r Vejtransport Siden 2001 har Niels Pagh Logistics ydet sikker og hurtig transport af gods mellem Danmark og Spanien. Over tid er vores forretning vokset til ogs\u00e5 at inkludere Portugal og Tyskland. Stykgodstransport Vi er specialister i stykgodstransporter! Vores team ved lige pr\u00e6cis, hvordan stykgodsbiler bedst sammens\u00e6ttes. [&hellip;]\" \/>\n<meta property=\"og:url\" content=\"https:\/\/npldk.com\/da\/vejtransport\/\" \/>\n<meta property=\"og:site_name\" content=\"NPL\" \/>\n<meta property=\"article:modified_time\" content=\"2026-03-12T02:20:49+00:00\" \/>\n<meta name=\"twitter:card\" content=\"summary_large_image\" \/>\n<meta name=\"twitter:label1\" content=\"Estimeret l\u00e6setid\" \/>\n\t<meta name=\"twitter:data1\" content=\"1 minut\" \/>\n<script type=\"application\/ld+json\" class=\"yoast-schema-graph\">{\"@context\":\"https:\\\/\\\/schema.org\",\"@graph\":[{\"@type\":\"WebPage\",\"@id\":\"https:\\\/\\\/npldk.com\\\/da\\\/vejtransport\\\/\",\"url\":\"https:\\\/\\\/npldk.com\\\/da\\\/vejtransport\\\/\",\"name\":\"Vejtransport - NPL\",\"isPartOf\":{\"@id\":\"https:\\\/\\\/npldk.com\\\/da\\\/?lang=da\\\/#website\"},\"datePublished\":\"2021-10-28T08:22:51+00:00\",\"dateModified\":\"2026-03-12T02:20:49+00:00\",\"breadcrumb\":{\"@id\":\"https:\\\/\\\/npldk.com\\\/da\\\/vejtransport\\\/#breadcrumb\"},\"inLanguage\":\"da-DK\",\"potentialAction\":[{\"@type\":\"ReadAction\",\"target\":[\"https:\\\/\\\/npldk.com\\\/da\\\/vejtransport\\\/\"]}]},{\"@type\":\"BreadcrumbList\",\"@id\":\"https:\\\/\\\/npldk.com\\\/da\\\/vejtransport\\\/#breadcrumb\",\"itemListElement\":[{\"@type\":\"ListItem\",\"position\":1,\"name\":\"Hjem\",\"item\":\"https:\\\/\\\/npldk.com\\\/da\\\/\"},{\"@type\":\"ListItem\",\"position\":2,\"name\":\"Vejtransport\"}]},{\"@type\":\"WebSite\",\"@id\":\"https:\\\/\\\/npldk.com\\\/da\\\/?lang=da\\\/#website\",\"url\":\"https:\\\/\\\/npldk.com\\\/da\\\/?lang=da\\\/\",\"name\":\"NPL\",\"description\":\"\",\"potentialAction\":[{\"@type\":\"SearchAction\",\"target\":{\"@type\":\"EntryPoint\",\"urlTemplate\":\"https:\\\/\\\/npldk.com\\\/da\\\/?lang=da\\\/?s={search_term_string}\"},\"query-input\":{\"@type\":\"PropertyValueSpecification\",\"valueRequired\":true,\"valueName\":\"search_term_string\"}}],\"inLanguage\":\"da-DK\"}]}<\/script>\n<!-- \/ Yoast SEO plugin. -->","yoast_head_json":{"title":"Vejtransport - NPL","robots":{"index":"index","follow":"follow","max-snippet":"max-snippet:-1","max-image-preview":"max-image-preview:large","max-video-preview":"max-video-preview:-1"},"canonical":"https:\/\/npldk.com\/da\/vejtransport\/","og_locale":"da_DK","og_type":"article","og_title":"Vejtransport - NPL","og_description":"TRANSPORT Vejtransport K\u00f8letransport Hastelevering Flyttetransport&nbsp; Lager Vognpark Chauff\u00f8rer Vilk\u00e5r Vejtransport Siden 2001 har Niels Pagh Logistics ydet sikker og hurtig transport af gods mellem Danmark og Spanien. Over tid er vores forretning vokset til ogs\u00e5 at inkludere Portugal og Tyskland. Stykgodstransport Vi er specialister i stykgodstransporter! Vores team ved lige pr\u00e6cis, hvordan stykgodsbiler bedst sammens\u00e6ttes. [&hellip;]","og_url":"https:\/\/npldk.com\/da\/vejtransport\/","og_site_name":"NPL","article_modified_time":"2026-03-12T02:20:49+00:00","twitter_card":"summary_large_image","twitter_misc":{"Estimeret l\u00e6setid":"1 minut"},"schema":{"@context":"https:\/\/schema.org","@graph":[{"@type":"WebPage","@id":"https:\/\/npldk.com\/da\/vejtransport\/","url":"https:\/\/npldk.com\/da\/vejtransport\/","name":"Vejtransport - NPL","isPartOf":{"@id":"https:\/\/npldk.com\/da\/?lang=da\/#website"},"datePublished":"2021-10-28T08:22:51+00:00","dateModified":"2026-03-12T02:20:49+00:00","breadcrumb":{"@id":"https:\/\/npldk.com\/da\/vejtransport\/#breadcrumb"},"inLanguage":"da-DK","potentialAction":[{"@type":"ReadAction","target":["https:\/\/npldk.com\/da\/vejtransport\/"]}]},{"@type":"BreadcrumbList","@id":"https:\/\/npldk.com\/da\/vejtransport\/#breadcrumb","itemListElement":[{"@type":"ListItem","position":1,"name":"Hjem","item":"https:\/\/npldk.com\/da\/"},{"@type":"ListItem","position":2,"name":"Vejtransport"}]},{"@type":"WebSite","@id":"https:\/\/npldk.com\/da\/?lang=da\/#website","url":"https:\/\/npldk.com\/da\/?lang=da\/","name":"NPL","description":"","potentialAction":[{"@type":"SearchAction","target":{"@type":"EntryPoint","urlTemplate":"https:\/\/npldk.com\/da\/?lang=da\/?s={search_term_string}"},"query-input":{"@type":"PropertyValueSpecification","valueRequired":true,"valueName":"search_term_string"}}],"inLanguage":"da-DK"}]}},"brizy_media":[],"_links":{"self":[{"href":"https:\/\/npldk.com\/da\/wp-json\/wp\/v2\/pages\/3509","targetHints":{"allow":["GET"]}}],"collection":[{"href":"https:\/\/npldk.com\/da\/wp-json\/wp\/v2\/pages"}],"about":[{"href":"https:\/\/npldk.com\/da\/wp-json\/wp\/v2\/types\/page"}],"author":[{"embeddable":true,"href":"https:\/\/npldk.com\/da\/wp-json\/wp\/v2\/users\/1"}],"replies":[{"embeddable":true,"href":"https:\/\/npldk.com\/da\/wp-json\/wp\/v2\/comments?post=3509"}],"version-history":[{"count":0,"href":"https:\/\/npldk.com\/da\/wp-json\/wp\/v2\/pages\/3509\/revisions"}],"wp:attachment":[{"href":"https:\/\/npldk.com\/da\/wp-json\/wp\/v2\/media?parent=3509"}],"curies":[{"name":"wp","href":"https:\/\/api.w.org\/{rel}","templated":true}]}}