{"id":3617,"date":"2021-10-28T12:23:32","date_gmt":"2021-10-28T12:23:32","guid":{"rendered":"https:\/\/npldk.com\/?page_id=3617"},"modified":"2026-03-10T20:27:16","modified_gmt":"2026-03-10T20:27:16","slug":"intro","status":"publish","type":"page","link":"https:\/\/npldk.com\/da\/intro\/","title":{"rendered":"Intro"},"content":{"rendered":"<div class=\"brz-root__container brz-reset-all brz\">\n<section id=\"_emwtjfxcqishhbnevyrietmgnfzvdsilpmhs\" class=\"brz-section brz-css-vxC6T\">\n<div class=\"brz-section__content brz-section--boxed brz-css-mknUT brz-css-dHGy0\" data-brz-custom-id=\"brzkscynudnlcxuojwdlfzuxmufyfmioikhl\">\n<div class=\"brz-bg\">\n<div class=\"brz-bg-shape brz-bg-shape__bottom\"><\/div>\n<\/div>\n<div class=\"brz-container brz-css-wRMtv\">\n<div class=\"brz-row__container brz-css-xUZVE brz-css-aR0FZ\" data-brz-custom-id=\"pzunsefrbspqhrtwbreevjdcmciinyncigfh\">\n<div class=\"brz-bg\"><\/div>\n<div class=\"brz-row brz-css-xqwsu\">\n<div class=\"brz-columns brz-css-u5op_ brz-css-sKR5n\" data-brz-custom-id=\"kujgqrgugwtsaukhffaanrnaimjygijmebue\">\n<div class=\"brz-bg\">\n<div class=\"brz-bg-image\"><\/div>\n<div class=\"brz-bg-color\"><\/div>\n<\/div>\n<div class=\"brz-column__items brz-css-g9EPg brz-css-xHKGB\">\n<div class=\"brz-row__container brz-css-xUZVE\" data-brz-custom-id=\"aufsxprpjeptzwjbfumfjbbwxoenufsfankg\">\n<div class=\"brz-bg\"><\/div>\n<div class=\"brz-row brz-row--inner brz-css-xqwsu brz-css-hjSjj\">\n<div class=\"brz-columns brz-css-u5op_ brz-css-pc9vc\" data-brz-custom-id=\"eteezojxuxwjazzcccwkosxsukrixdllsvre\">\n<div class=\"brz-bg\">\n<div class=\"brz-bg-color\"><\/div>\n<\/div>\n<div class=\"brz-column__items brz-css-g9EPg brz-css-hUctT\">\n<div id=\"\" class=\"brz-css-b8ZVM brz-wrapper\">\n<div class=\"brz-rich-text brz-rich-text__custom brz-css-sSSih\" data-brz-custom-id=\"ngyfpbmtydchjfobcmgyazbjjiktatilfyev\">\n<div data-brz-translate-text=\"1\">\n<p class=\"brz-lh-xs-im-1_3 brz-lh-lg-1_3 brz-text-lg-center brz-fs-lg-26 brz-fs-xs-im-21 brz-ls-lg-m_1 brz-ls-sm-im-0 brz-ls-xs-im-0 brz-ff-montserrat brz-ft-google brz-fw-lg-300 brz-fw-sm-im-300 brz-fw-xs-im-300 brz-fs-sm-18 brz-lh-sm-1_4 brz-css-h6bIE\"><span class=\"brz-cp-color8\">ABOUT <\/span><\/p>\n<p class=\"brz-lh-xs-im-1_3 brz-lh-lg-1_3 brz-text-lg-center brz-fs-lg-26 brz-fs-xs-im-21 brz-ls-lg-m_1 brz-ls-sm-im-0 brz-ls-xs-im-0 brz-ff-montserrat brz-ft-google brz-fw-lg-600 brz-fw-sm-im-600 brz-fw-xs-im-600 brz-fs-sm-18 brz-lh-sm-1_4 brz-css-isXdn\"><span class=\"brz-cp-color8\">NIELS PAGH LOGISTICS<\/span><\/p>\n<\/div>\n<\/div>\n<\/div>\n<\/div>\n<p><a class=\"brz-a brz-container-link\" href=\"\/intro\/\" target=\"_self\" rel=\"noopener\" data-brz-link-type=\"external\"><\/a><\/div>\n<\/div>\n<\/div>\n<div id=\"\" class=\"brz-css-b8ZVM brz-css-cZY1Z brz-wrapper\">\n<div class=\"brz-spacer brz-css-ewA9c brz-css-hEkRR\"><\/div>\n<\/div>\n<div class=\"brz-row__container brz-css-xUZVE\" data-brz-custom-id=\"xcavvkzgvsmgjbyxnzpttchpomdiuncrykny\">\n<div class=\"brz-bg\"><\/div>\n<div class=\"brz-row brz-row--inner brz-css-xqwsu brz-css-hjSjj\">\n<div class=\"brz-columns brz-css-u5op_ brz-css-xmwj8 zoom\" data-brz-custom-id=\"zrjasjgsiazzrnqtqkdrufextcgycgxaecal\">\n<div class=\"brz-bg\">\n<div class=\"brz-bg-color\"><\/div>\n<\/div>\n<div class=\"brz-column__items brz-css-g9EPg brz-css-xqsjI\">\n<div id=\"\" class=\"brz-css-b8ZVM brz-css-ratKd brz-wrapper\">\n<div class=\"brz-rich-text brz-rich-text__custom brz-css-sSSih\" data-brz-custom-id=\"texleuxxfmpubgghildzpqxxyvfxfucqixay\">\n<div data-brz-translate-text=\"1\">\n<p class=\"brz-tp-lg-heading6 brz-text-lg-center brz-fs-sm-15 brz-css-y9OQm\" data-generated-css=\"brz-css-okqcz\" data-uniq-id=\"aibkn\"><span class=\"brz-cp-color8\">V\u00e6rdier<\/span><\/p>\n<\/div>\n<\/div>\n<\/div>\n<\/div>\n<p><a class=\"brz-a brz-container-link\" href=\"\/v\u00e6rdier\/\" target=\"_self\" rel=\"noopener\" data-brz-link-type=\"external\"><\/a><\/div>\n<\/div>\n<\/div>\n<div id=\"\" class=\"brz-css-b8ZVM brz-css-cZY1Z brz-wrapper\">\n<div class=\"brz-spacer brz-css-ewA9c brz-css-kXTsv\"><\/div>\n<\/div>\n<div class=\"brz-row__container brz-css-xUZVE\" data-brz-custom-id=\"czgninrdvnekqwomgycfixivgjfmhqvylfzg\">\n<div class=\"brz-bg\"><\/div>\n<div class=\"brz-row brz-row--inner brz-css-xqwsu brz-css-hjSjj\">\n<div class=\"brz-columns brz-css-u5op_ brz-css-uAtVQ zoom\" data-brz-custom-id=\"gcmngbqyoftgcloqggdgpvvesmtypldwdpcp\">\n<div class=\"brz-bg\">\n<div class=\"brz-bg-color\"><\/div>\n<\/div>\n<div class=\"brz-column__items brz-css-g9EPg brz-css-w8j32\">\n<div id=\"\" class=\"brz-css-b8ZVM brz-css-veFa8 brz-wrapper\">\n<div class=\"brz-rich-text brz-rich-text__custom brz-css-sSSih\" data-brz-custom-id=\"yhcyjlhvepuctoiorxhwgwexzwwzohqesood\">\n<div data-brz-translate-text=\"1\">\n<p class=\"brz-fs-sm-15 brz-text-lg-center brz-tp-lg-heading6 brz-css-blfsg\" data-uniq-id=\"mzwyt\" data-generated-css=\"brz-css-exvrq\"><span class=\"brz-cp-color8\">Historie<\/span><\/p>\n<\/div>\n<\/div>\n<\/div>\n<\/div>\n<p><a class=\"brz-a brz-container-link\" href=\"\/historie\/\" target=\"_self\" rel=\"noopener\" data-brz-link-type=\"external\"><\/a><\/div>\n<\/div>\n<\/div>\n<div id=\"\" class=\"brz-css-b8ZVM brz-css-cZY1Z brz-wrapper\">\n<div class=\"brz-spacer brz-css-ewA9c brz-css-qge6K\"><\/div>\n<\/div>\n<div class=\"brz-row__container brz-css-xUZVE\" data-brz-custom-id=\"otzbwdoectdlokznjovwuhbiofemiumpaqmf\">\n<div class=\"brz-bg\"><\/div>\n<div class=\"brz-row brz-row--inner brz-css-xqwsu brz-css-hjSjj\">\n<div class=\"brz-columns brz-css-u5op_ brz-css-vyGkN zoom\" data-brz-custom-id=\"ayxdkqydqsfnvnehsdxpkficpqjwitkmdxyz\">\n<div class=\"brz-bg\">\n<div class=\"brz-bg-color\"><\/div>\n<\/div>\n<div class=\"brz-column__items brz-css-g9EPg brz-css-iK8Hm\">\n<div id=\"\" class=\"brz-css-b8ZVM brz-css-mHrID brz-wrapper\">\n<div class=\"brz-rich-text brz-rich-text__custom brz-css-sSSih\" data-brz-custom-id=\"lkkdmtunhkjdlubqiyxyfaznwcxyasrqmokz\">\n<div data-brz-translate-text=\"1\">\n<p class=\"brz-fs-sm-15 brz-tp-lg-heading6 brz-text-lg-center brz-css-aKBwI\" data-uniq-id=\"gdqtk\" data-generated-css=\"brz-css-xemfh\"><span class=\"brz-cp-color8\">Afdelinger<\/span><\/p>\n<\/div>\n<\/div>\n<\/div>\n<\/div>\n<p><a class=\"brz-a brz-container-link\" href=\"\/afdelinger\/\" target=\"_self\" rel=\"noopener\" data-brz-link-type=\"external\"><\/a><\/div>\n<\/div>\n<\/div>\n<div id=\"\" class=\"brz-css-b8ZVM brz-css-cZY1Z brz-wrapper\">\n<div class=\"brz-spacer brz-css-ewA9c brz-css-hp1nd\"><\/div>\n<\/div>\n<div class=\"brz-row__container brz-css-xUZVE\" data-brz-custom-id=\"unwwgwsqlcvipgxfvchjxqkicukuatryxxgc\">\n<div class=\"brz-bg\"><\/div>\n<div class=\"brz-row brz-row--inner brz-css-xqwsu brz-css-hjSjj\">\n<div class=\"brz-columns brz-css-u5op_ brz-css-g1V_u zoom\" data-brz-custom-id=\"cpyfkrhkkvamksbyghoiujefaahainghgazu\">\n<div class=\"brz-bg\">\n<div class=\"brz-bg-color\"><\/div>\n<\/div>\n<div class=\"brz-column__items brz-css-g9EPg brz-css-mY6BE\">\n<div id=\"\" class=\"brz-css-b8ZVM brz-css-jimtU brz-wrapper\">\n<div class=\"brz-rich-text brz-rich-text__custom brz-css-sSSih\" data-brz-custom-id=\"tmwtuukaofjychzqauvowovzzbcfzsybnece\">\n<div data-brz-translate-text=\"1\">\n<p class=\"brz-tp-lg-heading6 brz-text-lg-center brz-fs-sm-15 brz-css-lyu5i\" data-generated-css=\"brz-css-ktksb\" data-uniq-id=\"anflp\"><span class=\"brz-cp-color8\">Virksomheds<\/span><\/p>\n<p class=\"brz-tp-lg-heading6 brz-text-lg-center brz-fs-sm-15 brz-css-l8Cy1\" data-generated-css=\"brz-css-ktksb\" data-uniq-id=\"anflp\"><span class=\"brz-cp-color8\">information<\/span><\/p>\n<\/div>\n<\/div>\n<\/div>\n<\/div>\n<p><a class=\"brz-a brz-container-link\" href=\"\/virksomhedsinformation\/\" target=\"_self\" rel=\"noopener\" data-brz-link-type=\"external\"><\/a><\/div>\n<\/div>\n<\/div>\n<div id=\"\" class=\"brz-css-b8ZVM brz-css-cZY1Z brz-wrapper\">\n<div class=\"brz-spacer brz-css-ewA9c brz-css-ebzfJ\"><\/div>\n<\/div>\n<div class=\"brz-row__container brz-css-xUZVE\" data-brz-custom-id=\"symnktkmxkpopwuvvvxjmaodorxehizcesjk\">\n<div class=\"brz-bg\"><\/div>\n<div class=\"brz-row brz-row--inner brz-css-xqwsu brz-css-hjSjj\">\n<div class=\"brz-columns brz-css-u5op_ brz-css-dYRBa zoom\" data-brz-custom-id=\"yiifrharylikqodbulsfxcgbmwweekpiaior\">\n<div class=\"brz-bg\">\n<div class=\"brz-bg-color\"><\/div>\n<\/div>\n<div class=\"brz-column__items brz-css-g9EPg brz-css-qPn4M\">\n<div id=\"\" class=\"brz-css-b8ZVM brz-css-cAdZg brz-wrapper\">\n<div class=\"brz-rich-text brz-rich-text__custom brz-css-sSSih\" data-brz-custom-id=\"habirmpxhcwfvmskzzczajunforqksrdbjky\">\n<div data-brz-translate-text=\"1\">\n<p class=\"brz-fs-sm-15 brz-text-lg-center brz-tp-lg-heading6 brz-css-fahv3\" data-uniq-id=\"vqjnb\" data-generated-css=\"brz-css-lvwfa\"><span class=\"brz-cp-color8 brz-span\">Milj\u00f8<\/span><\/p>\n<\/div>\n<\/div>\n<\/div>\n<\/div>\n<p><a class=\"brz-a brz-container-link\" href=\"\/milj\u00f8\/\" target=\"_self\" rel=\"noopener\" data-brz-link-type=\"external\"><\/a><\/div>\n<\/div>\n<\/div>\n<div id=\"\" class=\"brz-css-b8ZVM brz-css-cZY1Z brz-wrapper\">\n<div class=\"brz-spacer brz-css-ewA9c brz-css-dduel\"><\/div>\n<\/div>\n<div class=\"brz-row__container brz-css-xUZVE\" data-brz-custom-id=\"msazgxyezcvfpvodywmtecakrmdbzmunkzbj\">\n<div class=\"brz-bg\"><\/div>\n<div class=\"brz-row brz-row--inner brz-css-xqwsu brz-css-hjSjj\">\n<div class=\"brz-columns brz-css-u5op_ brz-css-ieV8n zoom\" data-brz-custom-id=\"anelegwyrxuovrpwftvfixclikwqjtasdcbs\">\n<div class=\"brz-bg\">\n<div class=\"brz-bg-color\"><\/div>\n<\/div>\n<div class=\"brz-column__items brz-css-g9EPg brz-css-ylVKj\">\n<div id=\"\" class=\"brz-css-b8ZVM brz-css-p_kep brz-wrapper\">\n<div class=\"brz-rich-text brz-rich-text__custom brz-css-sSSih\" data-brz-custom-id=\"negmmpvxvkpjaicvvgsarcatubzaponeicsp\">\n<div data-brz-translate-text=\"1\">\n<p class=\"brz-fs-sm-15 brz-tp-lg-heading6 brz-text-lg-center brz-css-zEvGs\" data-uniq-id=\"dxuiy\" data-generated-css=\"brz-css-zamdj\"><span class=\"brz-cp-color8 brz-span\">Reklame<\/span><\/p>\n<\/div>\n<\/div>\n<\/div>\n<\/div>\n<p><a class=\"brz-a brz-container-link\" href=\"\/Reklame\/\" target=\"_self\" rel=\"noopener\" data-brz-link-type=\"external\"><\/a><\/div>\n<\/div>\n<\/div>\n<div id=\"\" class=\"brz-css-b8ZVM brz-css-cZY1Z brz-wrapper\">\n<div class=\"brz-spacer brz-css-ewA9c brz-css-qhzs2\"><\/div>\n<\/div>\n<\/div>\n<\/div>\n<div class=\"brz-columns brz-css-u5op_ brz-css-tCaom\" data-brz-custom-id=\"cjobveirbfwjmtakdgsywaknrcvdzftomuqp\">\n<div class=\"brz-bg\"><\/div>\n<div class=\"brz-column__items brz-css-g9EPg brz-css-tSVOp\">\n<div id=\"\" class=\"brz-css-b8ZVM brz-wrapper\">\n<div class=\"brz-rich-text brz-rich-text__custom brz-css-sSSih\" data-brz-custom-id=\"idmaijdkxlvppybmshmqfzqdgfawlpnznywg\">\n<div data-brz-translate-text=\"1\">\n<h2 class=\"brz-tp-lg-heading2 brz-text-lg-left brz-css-qtP9u\" data-generated-css=\"brz-css-uvkzv\" data-uniq-id=\"ebkaf\"><strong class=\"brz-cp-color3\">Introduktion til Niels Pagh Logistics<\/strong><\/h2>\n<\/div>\n<\/div>\n<\/div>\n<div id=\"\" class=\"brz-css-b8ZVM brz-css-k9sqE brz-wrapper\">\n<div class=\"brz-rich-text brz-rich-text__custom brz-css-sSSih\" data-brz-custom-id=\"rlaiwlxtecvflwdohrvcvjmroxezvzdvrkvj\">\n<div data-brz-translate-text=\"1\">\n<p class=\"brz-mb-lg-0 brz-tp-lg-subtitle brz-mb-xs-20 brz-text-lg-left brz-css-mEGDc\" data-uniq-id=\"rzhmo\" data-generated-css=\"brz-css-dxyyc\"><span class=\"brz-cp-color4\">Niels Pagh Logistics har udviklet sig fra at v\u00e6re en lille nichevirksomhed specialiseret i spanienstransporter til at v\u00e6re en stor transport- og logistikvirksomhed med fokus p\u00e5 flere markeder.&nbsp;<\/span><\/p>\n<p class=\"brz-mb-lg-0 brz-tp-lg-subtitle brz-mb-xs-20 brz-text-lg-left brz-css-uVnQS\" data-uniq-id=\"xjtyj\" data-generated-css=\"brz-css-fykjn\"><span class=\"brz-cp-color3\"> <\/span><\/p>\n<p class=\"brz-tp-lg-paragraph brz-css-tyBpe\" data-uniq-id=\"kqvld\" data-generated-css=\"brz-css-nybiu\"><span class=\"brz-cp-color3\">En ting har dog ikke \u00e6ndret sig; lige siden begyndelsen har strategien v\u00e6ret at v\u00e6re kundernes n\u00e6rv\u00e6rende partner. Hos os er kunden ikke bare endnu et nummer i r\u00e6kken, men selve grundlaget for vores virksomhed. Og derfor er vores filosofi er at levere en service tilpasset til vore kunders behov og \u00f8nsker.&nbsp;<\/span><\/p>\n<p class=\"brz-tp-lg-paragraph brz-css-urvz4\" data-uniq-id=\"cwwja\" data-generated-css=\"brz-css-zbpit\"><span class=\"brz-cp-color3\"> <\/span><\/p>\n<p class=\"brz-tp-lg-paragraph brz-css-qiD8t\" data-uniq-id=\"uclue\" data-generated-css=\"brz-css-qbelk\"><span class=\"brz-cp-color3\">Udgangspunktet for vores service er 200 dygtige og energiske medarbejdere, der alle br\u00e6nder for deres arbejde samt en fl\u00e5de p\u00e5 75 lastbiler og 120 trailer (12 k\u00f8le).<\/span><\/p>\n<p class=\"brz-tp-lg-paragraph brz-css-m9APk\" data-uniq-id=\"crjeu\" data-generated-css=\"brz-css-ivcyk\"><span class=\"brz-cp-color3\"> <\/span><\/p>\n<p class=\"brz-mb-xs-20 brz-mb-lg-30 brz-tp-lg-paragraph brz-text-lg-left brz-css-o0y9r\" data-uniq-id=\"ctoeb\" data-generated-css=\"brz-css-yspvx\"><span class=\"brz-cp-color3\">Det er vigtig for os at kunne tilbyde en sikker og velfungerende l\u00f8sning til konkurrencedygtige priser til vore kunder. Derfor har vi opbygget en organisation, hvor vi selv tager h\u00e5nd om hver enkel detalje i processen fra ordremodtagelsen til losning p\u00e5 leveringsadressen. &nbsp; <\/span><\/p>\n<\/div>\n<\/div>\n<\/div>\n<\/div>\n<\/div>\n<\/div>\n<\/div>\n<\/div>\n<\/div>\n<\/section>\n<\/div>\n<p>    <!-- version:1733367069 --><\/p>\n","protected":false},"excerpt":{"rendered":"<p>ABOUT NIELS PAGH LOGISTICS V\u00e6rdier Historie Afdelinger Virksomheds information Milj\u00f8 Reklame Introduktion til Niels Pagh Logistics Niels Pagh Logistics har udviklet sig fra at v\u00e6re en lille nichevirksomhed specialiseret i spanienstransporter til at v\u00e6re en stor transport- og logistikvirksomhed med fokus p\u00e5 flere markeder.&nbsp; En ting har dog ikke \u00e6ndret sig; lige siden begyndelsen har [&hellip;]<\/p>\n","protected":false},"author":1,"featured_media":0,"parent":0,"menu_order":0,"comment_status":"closed","ping_status":"closed","template":"brizy-blank-template.php","meta":{"footnotes":""},"class_list":["post-3617","page","type-page","status-publish","hentry"],"yoast_head":"<!-- This site is optimized with the Yoast SEO plugin v27.4 - https:\/\/yoast.com\/product\/yoast-seo-wordpress\/ -->\n<title>Intro - NPL<\/title>\n<meta name=\"robots\" content=\"index, follow, max-snippet:-1, max-image-preview:large, max-video-preview:-1\" \/>\n<link rel=\"canonical\" href=\"https:\/\/npldk.com\/da\/intro\/\" \/>\n<meta property=\"og:locale\" content=\"da_DK\" \/>\n<meta property=\"og:type\" content=\"article\" \/>\n<meta property=\"og:title\" content=\"Intro - NPL\" \/>\n<meta property=\"og:description\" content=\"ABOUT NIELS PAGH LOGISTICS V\u00e6rdier Historie Afdelinger Virksomheds information Milj\u00f8 Reklame Introduktion til Niels Pagh Logistics Niels Pagh Logistics har udviklet sig fra at v\u00e6re en lille nichevirksomhed specialiseret i spanienstransporter til at v\u00e6re en stor transport- og logistikvirksomhed med fokus p\u00e5 flere markeder.&nbsp; En ting har dog ikke \u00e6ndret sig; lige siden begyndelsen har [&hellip;]\" \/>\n<meta property=\"og:url\" content=\"https:\/\/npldk.com\/da\/intro\/\" \/>\n<meta property=\"og:site_name\" content=\"NPL\" \/>\n<meta property=\"article:modified_time\" content=\"2026-03-10T20:27:16+00:00\" \/>\n<meta name=\"twitter:card\" content=\"summary_large_image\" \/>\n<meta name=\"twitter:label1\" content=\"Estimeret l\u00e6setid\" \/>\n\t<meta name=\"twitter:data1\" content=\"1 minut\" \/>\n<script type=\"application\/ld+json\" class=\"yoast-schema-graph\">{\"@context\":\"https:\\\/\\\/schema.org\",\"@graph\":[{\"@type\":\"WebPage\",\"@id\":\"https:\\\/\\\/npldk.com\\\/da\\\/intro\\\/\",\"url\":\"https:\\\/\\\/npldk.com\\\/da\\\/intro\\\/\",\"name\":\"Intro - NPL\",\"isPartOf\":{\"@id\":\"https:\\\/\\\/npldk.com\\\/da\\\/?lang=da\\\/#website\"},\"datePublished\":\"2021-10-28T12:23:32+00:00\",\"dateModified\":\"2026-03-10T20:27:16+00:00\",\"breadcrumb\":{\"@id\":\"https:\\\/\\\/npldk.com\\\/da\\\/intro\\\/#breadcrumb\"},\"inLanguage\":\"da-DK\",\"potentialAction\":[{\"@type\":\"ReadAction\",\"target\":[\"https:\\\/\\\/npldk.com\\\/da\\\/intro\\\/\"]}]},{\"@type\":\"BreadcrumbList\",\"@id\":\"https:\\\/\\\/npldk.com\\\/da\\\/intro\\\/#breadcrumb\",\"itemListElement\":[{\"@type\":\"ListItem\",\"position\":1,\"name\":\"Hjem\",\"item\":\"https:\\\/\\\/npldk.com\\\/da\\\/\"},{\"@type\":\"ListItem\",\"position\":2,\"name\":\"Intro\"}]},{\"@type\":\"WebSite\",\"@id\":\"https:\\\/\\\/npldk.com\\\/da\\\/?lang=da\\\/#website\",\"url\":\"https:\\\/\\\/npldk.com\\\/da\\\/?lang=da\\\/\",\"name\":\"NPL\",\"description\":\"\",\"potentialAction\":[{\"@type\":\"SearchAction\",\"target\":{\"@type\":\"EntryPoint\",\"urlTemplate\":\"https:\\\/\\\/npldk.com\\\/da\\\/?lang=da\\\/?s={search_term_string}\"},\"query-input\":{\"@type\":\"PropertyValueSpecification\",\"valueRequired\":true,\"valueName\":\"search_term_string\"}}],\"inLanguage\":\"da-DK\"}]}<\/script>\n<!-- \/ Yoast SEO plugin. -->","yoast_head_json":{"title":"Intro - NPL","robots":{"index":"index","follow":"follow","max-snippet":"max-snippet:-1","max-image-preview":"max-image-preview:large","max-video-preview":"max-video-preview:-1"},"canonical":"https:\/\/npldk.com\/da\/intro\/","og_locale":"da_DK","og_type":"article","og_title":"Intro - NPL","og_description":"ABOUT NIELS PAGH LOGISTICS V\u00e6rdier Historie Afdelinger Virksomheds information Milj\u00f8 Reklame Introduktion til Niels Pagh Logistics Niels Pagh Logistics har udviklet sig fra at v\u00e6re en lille nichevirksomhed specialiseret i spanienstransporter til at v\u00e6re en stor transport- og logistikvirksomhed med fokus p\u00e5 flere markeder.&nbsp; En ting har dog ikke \u00e6ndret sig; lige siden begyndelsen har [&hellip;]","og_url":"https:\/\/npldk.com\/da\/intro\/","og_site_name":"NPL","article_modified_time":"2026-03-10T20:27:16+00:00","twitter_card":"summary_large_image","twitter_misc":{"Estimeret l\u00e6setid":"1 minut"},"schema":{"@context":"https:\/\/schema.org","@graph":[{"@type":"WebPage","@id":"https:\/\/npldk.com\/da\/intro\/","url":"https:\/\/npldk.com\/da\/intro\/","name":"Intro - NPL","isPartOf":{"@id":"https:\/\/npldk.com\/da\/?lang=da\/#website"},"datePublished":"2021-10-28T12:23:32+00:00","dateModified":"2026-03-10T20:27:16+00:00","breadcrumb":{"@id":"https:\/\/npldk.com\/da\/intro\/#breadcrumb"},"inLanguage":"da-DK","potentialAction":[{"@type":"ReadAction","target":["https:\/\/npldk.com\/da\/intro\/"]}]},{"@type":"BreadcrumbList","@id":"https:\/\/npldk.com\/da\/intro\/#breadcrumb","itemListElement":[{"@type":"ListItem","position":1,"name":"Hjem","item":"https:\/\/npldk.com\/da\/"},{"@type":"ListItem","position":2,"name":"Intro"}]},{"@type":"WebSite","@id":"https:\/\/npldk.com\/da\/?lang=da\/#website","url":"https:\/\/npldk.com\/da\/?lang=da\/","name":"NPL","description":"","potentialAction":[{"@type":"SearchAction","target":{"@type":"EntryPoint","urlTemplate":"https:\/\/npldk.com\/da\/?lang=da\/?s={search_term_string}"},"query-input":{"@type":"PropertyValueSpecification","valueRequired":true,"valueName":"search_term_string"}}],"inLanguage":"da-DK"}]}},"brizy_media":[],"_links":{"self":[{"href":"https:\/\/npldk.com\/da\/wp-json\/wp\/v2\/pages\/3617","targetHints":{"allow":["GET"]}}],"collection":[{"href":"https:\/\/npldk.com\/da\/wp-json\/wp\/v2\/pages"}],"about":[{"href":"https:\/\/npldk.com\/da\/wp-json\/wp\/v2\/types\/page"}],"author":[{"embeddable":true,"href":"https:\/\/npldk.com\/da\/wp-json\/wp\/v2\/users\/1"}],"replies":[{"embeddable":true,"href":"https:\/\/npldk.com\/da\/wp-json\/wp\/v2\/comments?post=3617"}],"version-history":[{"count":0,"href":"https:\/\/npldk.com\/da\/wp-json\/wp\/v2\/pages\/3617\/revisions"}],"wp:attachment":[{"href":"https:\/\/npldk.com\/da\/wp-json\/wp\/v2\/media?parent=3617"}],"curies":[{"name":"wp","href":"https:\/\/api.w.org\/{rel}","templated":true}]}}