{"id":3661,"date":"2021-10-28T12:32:07","date_gmt":"2021-10-28T12:32:07","guid":{"rendered":"https:\/\/npldk.com\/?page_id=3661"},"modified":"2026-03-10T20:26:00","modified_gmt":"2026-03-10T20:26:00","slug":"flyttetransport","status":"publish","type":"page","link":"https:\/\/npldk.com\/da\/flyttetransport\/","title":{"rendered":"Flyttetransport"},"content":{"rendered":"<div class=\"brz-root__container brz-reset-all brz\">\n<section id=\"_zkndbxvgthlrbsbxmjkmlkugmtunnttbftag\" class=\"brz-section brz-css-zflS3\">\n<div class=\"brz-section__content brz-section--boxed brz-css-c1Rzm brz-css-vxT1b\" data-brz-custom-id=\"rlephqlnwjpdhdxoqipxxpvwlxirsfljvxso\">\n<div class=\"brz-bg\">\n<div class=\"brz-bg-shape brz-bg-shape__bottom\"><\/div>\n<\/div>\n<div class=\"brz-container brz-css-dUpNr\">\n<div class=\"brz-row__container brz-css-kVL8D brz-css-aMgQc\" data-brz-custom-id=\"ydmwvnjusqbkzfgyddgbkxulqydjhrnhqujr\">\n<div class=\"brz-bg\"><\/div>\n<div class=\"brz-row brz-css-vPlAZ\">\n<div class=\"brz-columns brz-css-x83sz brz-css-wfYDX\" data-brz-custom-id=\"xgyhsulusnnfatbywokawqqgypyadcaapaoj\">\n<div class=\"brz-bg\">\n<div class=\"brz-bg-image\"><\/div>\n<div class=\"brz-bg-color\"><\/div>\n<\/div>\n<div class=\"brz-column__items brz-css-q8pTg brz-css-dLrFg\">\n<div class=\"brz-row__container brz-css-kVL8D\" data-brz-custom-id=\"stowptymwbhqxogagtafkmusuxhodoivkcko\">\n<div class=\"brz-bg\"><\/div>\n<div class=\"brz-row brz-row--inner brz-css-vPlAZ brz-css-pPt1h\">\n<div class=\"brz-columns brz-css-x83sz brz-css-rufrE\" data-brz-custom-id=\"ubvhhbidvwgubeniqfvbiqvaeuczjebetcbw\">\n<div class=\"brz-bg\">\n<div class=\"brz-bg-color\"><\/div>\n<\/div>\n<div class=\"brz-column__items brz-css-q8pTg brz-css-dkngi\">\n<div id=\"\" class=\"brz-css-w9h3v brz-wrapper\">\n<div class=\"brz-rich-text brz-rich-text__custom brz-css-lE11v\" data-brz-custom-id=\"xgqzbkpzxlyssibcvievikkrbzzdpidopjjl\">\n<div data-brz-translate-text=\"1\">\n<p class=\"brz-text-lg-center brz-lh-lg-1_3 brz-lh-sm-im-1_3 brz-lh-xs-im-1_3 brz-fs-lg-32 brz-fs-xs-im-22 brz-ls-lg-m_1 brz-ls-sm-im-0 brz-ls-xs-im-0 brz-ff-montserrat brz-ft-google brz-fw-lg-300 brz-fw-sm-im-300 brz-fw-xs-im-300 brz-fs-sm-19 brz-css-xzvEc\"><span class=\"brz-cp-color8\">TRANSPORT<\/span><\/p>\n<\/div>\n<\/div>\n<\/div>\n<\/div>\n<p><a class=\"brz-a brz-container-link\" href=\"\/transport\/\" target=\"_self\" rel=\"noopener\" data-brz-link-type=\"external\"><\/a><\/div>\n<\/div>\n<\/div>\n<div id=\"\" class=\"brz-css-w9h3v brz-css-ocA4A brz-wrapper\">\n<div class=\"brz-spacer brz-css-dwWNt brz-css-fO0LN\"><\/div>\n<\/div>\n<div class=\"brz-row__container brz-css-kVL8D\" data-brz-custom-id=\"jhneuhbslxolhubqkqzebdxtzgejymqlosuq\">\n<div class=\"brz-bg\"><\/div>\n<div class=\"brz-row brz-row--inner brz-css-vPlAZ brz-css-pPt1h\">\n<div class=\"brz-columns brz-css-x83sz brz-css-lab_C zoom\" data-brz-custom-id=\"actkuugucahsfmwpjmoewirumjdyhelbfvnm\">\n<div class=\"brz-bg\">\n<div class=\"brz-bg-color\"><\/div>\n<\/div>\n<div class=\"brz-column__items brz-css-q8pTg brz-css-mhm0N\">\n<div id=\"\" class=\"brz-css-w9h3v brz-css-d6ERI brz-wrapper\">\n<div class=\"brz-rich-text brz-rich-text__custom brz-css-lE11v\" data-brz-custom-id=\"ftvweyoxobugasytxujlkszgvhzfojwmamhu\">\n<div data-brz-translate-text=\"1\">\n<p class=\"brz-lh-sm-1_3 brz-fs-sm-15 brz-tp-lg-heading6 brz-text-lg-center brz-css-d1glp\" data-uniq-id=\"wzvov\" data-generated-css=\"brz-css-xighy\"><span class=\"brz-cp-color8\">Vejtransport<\/span><\/p>\n<\/div>\n<\/div>\n<\/div>\n<\/div>\n<p><a class=\"brz-a brz-container-link\" href=\"\/vejtransport\/\" target=\"_self\" rel=\"noopener\" data-brz-link-type=\"external\"><\/a><\/div>\n<\/div>\n<\/div>\n<div id=\"\" class=\"brz-css-w9h3v brz-css-ocA4A brz-wrapper\">\n<div class=\"brz-spacer brz-css-dwWNt brz-css-ewXuM\"><\/div>\n<\/div>\n<div class=\"brz-row__container brz-css-kVL8D\" data-brz-custom-id=\"okovrtegfetnnefmtuqlpmloflzuhhsexegx\">\n<div class=\"brz-bg\"><\/div>\n<div class=\"brz-row brz-row--inner brz-css-vPlAZ brz-css-pPt1h\">\n<div class=\"brz-columns brz-css-x83sz brz-css-w6_Nd zoom\" data-brz-custom-id=\"pxqualblohopwaudzjfysftoacnlqrcdjpvd\">\n<div class=\"brz-bg\">\n<div class=\"brz-bg-color\"><\/div>\n<\/div>\n<div class=\"brz-column__items brz-css-q8pTg brz-css-ijIOO\">\n<div id=\"\" class=\"brz-css-w9h3v brz-css-xj0b6 brz-wrapper\">\n<div class=\"brz-rich-text brz-rich-text__custom brz-css-lE11v\" data-brz-custom-id=\"qtbdfeyvcudzgrjrzgpklurjlvsawfnfuhvj\">\n<div data-brz-translate-text=\"1\">\n<p class=\"brz-lh-sm-1_3 brz-fs-sm-15 brz-tp-lg-heading6 brz-text-lg-center brz-css-ywWZz\" data-uniq-id=\"trqxl\" data-generated-css=\"brz-css-wwfjq\"><span>K\u00f8letransport<\/span><\/p>\n<\/div>\n<\/div>\n<\/div>\n<\/div>\n<p><a class=\"brz-a brz-container-link\" href=\"\/koeletransport\/\" target=\"_self\" rel=\"noopener\" data-brz-link-type=\"external\"><\/a><\/div>\n<\/div>\n<\/div>\n<div id=\"\" class=\"brz-css-w9h3v brz-css-ocA4A brz-wrapper\">\n<div class=\"brz-spacer brz-css-dwWNt brz-css-qPD4T\"><\/div>\n<\/div>\n<div class=\"brz-row__container brz-css-kVL8D\" data-brz-custom-id=\"alfbfbnzpucuzulwojlsptarktmobebyqejf\">\n<div class=\"brz-bg\"><\/div>\n<div class=\"brz-row brz-row--inner brz-css-vPlAZ brz-css-pPt1h\">\n<div class=\"brz-columns brz-css-x83sz brz-css-juyr0 zoom\" data-brz-custom-id=\"amiecxbgthcbjfnqhsjgtvgkvwjnjfxdhymh\">\n<div class=\"brz-bg\">\n<div class=\"brz-bg-color\"><\/div>\n<\/div>\n<div class=\"brz-column__items brz-css-q8pTg brz-css-nEHWo\">\n<div id=\"\" class=\"brz-css-w9h3v brz-css-uLckd brz-wrapper\">\n<div class=\"brz-rich-text brz-rich-text__custom brz-css-lE11v\" data-brz-custom-id=\"vfyxwoabtvtaacmuvepgaffojvogdrbgmwho\">\n<div data-brz-translate-text=\"1\">\n<p class=\"brz-lh-sm-1_3 brz-fs-sm-15 brz-text-lg-center brz-tp-lg-heading6 brz-css-ahXm4\" data-uniq-id=\"paqmw\" data-generated-css=\"brz-css-fohpb\"><span>Hastelevering<\/span><\/p>\n<\/div>\n<\/div>\n<\/div>\n<\/div>\n<p><a class=\"brz-a brz-container-link\" href=\"\/hastelevering\/\" target=\"_self\" rel=\"noopener\" data-brz-link-type=\"external\"><\/a><\/div>\n<\/div>\n<\/div>\n<div id=\"\" class=\"brz-css-w9h3v brz-css-ocA4A brz-wrapper\">\n<div class=\"brz-spacer brz-css-dwWNt brz-css-mIyiV\"><\/div>\n<\/div>\n<div class=\"brz-row__container brz-css-kVL8D\" data-brz-custom-id=\"kokcjwmgefllhaekjxhxijrbhsrozamegook\">\n<div class=\"brz-bg\"><\/div>\n<div class=\"brz-row brz-row--inner brz-css-vPlAZ brz-css-pPt1h\">\n<div class=\"brz-columns brz-css-x83sz brz-css-ddNCa zoom\" data-brz-custom-id=\"syrrrucyhndzcsxbtddrszkwvoijmwfmideq\">\n<div class=\"brz-bg\">\n<div class=\"brz-bg-color\"><\/div>\n<\/div>\n<div class=\"brz-column__items brz-css-q8pTg brz-css-aoVeg\">\n<div id=\"\" class=\"brz-css-w9h3v brz-css-tjA8T brz-wrapper\">\n<div class=\"brz-rich-text brz-rich-text__custom brz-css-lE11v\" data-brz-custom-id=\"grtlrgrawouvrbeeolylprndczqazvhjwhrf\">\n<div data-brz-translate-text=\"1\">\n<p class=\"brz-lh-sm-1_3 brz-fs-sm-15 brz-tp-lg-heading6 brz-text-lg-center brz-css-eDf0Z\" data-uniq-id=\"ycJsY\" data-generated-css=\"brz-css-fmssl\"><span class=\"brz-cp-color8\">Biltransport<\/span><\/p>\n<\/div>\n<\/div>\n<\/div>\n<\/div>\n<p><a class=\"brz-a brz-container-link\" href=\"\/flyttetransport \/\" target=\"_self\" rel=\"noopener\" data-brz-link-type=\"external\"><\/a><\/div>\n<\/div>\n<\/div>\n<div id=\"\" class=\"brz-css-w9h3v brz-css-ocA4A brz-wrapper\">\n<div class=\"brz-spacer brz-css-dwWNt brz-css-jxt3y\"><\/div>\n<\/div>\n<div class=\"brz-row__container brz-css-kVL8D\" data-brz-custom-id=\"pzwcsgptewzcfinsfcyigloxssawglyiekib\">\n<div class=\"brz-bg\"><\/div>\n<div class=\"brz-row brz-row--inner brz-css-vPlAZ brz-css-pPt1h\">\n<div class=\"brz-columns brz-css-x83sz brz-css-myz0u zoom\" data-brz-custom-id=\"fffrwyndinnsmrjiotigzelecswzaxwledrb\">\n<div class=\"brz-bg\">\n<div class=\"brz-bg-color\"><\/div>\n<\/div>\n<div class=\"brz-column__items brz-css-q8pTg brz-css-kYF3M\">\n<div id=\"\" class=\"brz-css-w9h3v brz-css-xV16M brz-wrapper\">\n<div class=\"brz-rich-text brz-rich-text__custom brz-css-lE11v\" data-brz-custom-id=\"rmacavpunnzhhvhvvlkcgnymtpwzkshmxymf\">\n<div data-brz-translate-text=\"1\">\n<p class=\"brz-lh-sm-1_3 brz-fs-sm-15 brz-tp-lg-heading6 brz-text-lg-center brz-css-u7Llu\" data-uniq-id=\"prezl\" data-generated-css=\"brz-css-lvucu\"><span class=\"brz-cp-color8\">Lager<\/span><\/p>\n<\/div>\n<\/div>\n<\/div>\n<\/div>\n<p><a class=\"brz-a brz-container-link\" href=\"\/lager\/\" target=\"_self\" rel=\"noopener\" data-brz-link-type=\"external\"><\/a><\/div>\n<\/div>\n<\/div>\n<div id=\"\" class=\"brz-css-w9h3v brz-css-ocA4A brz-wrapper\">\n<div class=\"brz-spacer brz-css-dwWNt brz-css-nYsL5\"><\/div>\n<\/div>\n<div class=\"brz-row__container brz-css-kVL8D\" data-brz-custom-id=\"zmsshbkiwbqrmfuhzfpusylawyodfvbejdfg\">\n<div class=\"brz-bg\"><\/div>\n<div class=\"brz-row brz-row--inner brz-css-vPlAZ brz-css-pPt1h\">\n<div class=\"brz-columns brz-css-x83sz brz-css-kYMds zoom\" data-brz-custom-id=\"cteonaqywbdedbcwizihsokpglouzuspjali\">\n<div class=\"brz-bg\">\n<div class=\"brz-bg-color\"><\/div>\n<\/div>\n<div class=\"brz-column__items brz-css-q8pTg brz-css-j6exY\">\n<div id=\"\" class=\"brz-css-w9h3v brz-css-mWwUn brz-wrapper\">\n<div class=\"brz-rich-text brz-rich-text__custom brz-css-lE11v\" data-brz-custom-id=\"mlukszldbaegcfypknpnbityrxjjqmhosyiz\">\n<div data-brz-translate-text=\"1\">\n<p class=\"brz-lh-sm-1_3 brz-fs-sm-15 brz-text-lg-center brz-tp-lg-heading6 brz-css-jXx8W\" data-uniq-id=\"mloow\" data-generated-css=\"brz-css-ciybp\"><span>Vognpark<\/span><\/p>\n<\/div>\n<\/div>\n<\/div>\n<\/div>\n<p><a class=\"brz-a brz-container-link\" href=\"\/vognpark\/\" target=\"_self\" rel=\"noopener\" data-brz-link-type=\"external\"><\/a><\/div>\n<\/div>\n<\/div>\n<div id=\"\" class=\"brz-css-w9h3v brz-css-ocA4A brz-wrapper\">\n<div class=\"brz-spacer brz-css-dwWNt brz-css-vhMTY\"><\/div>\n<\/div>\n<div class=\"brz-row__container brz-css-kVL8D\" data-brz-custom-id=\"xwsaxknejzkrdxohdlbmsmeoeiusjafmkdvr\">\n<div class=\"brz-bg\"><\/div>\n<div class=\"brz-row brz-row--inner brz-css-vPlAZ brz-css-pPt1h\">\n<div class=\"brz-columns brz-css-x83sz brz-css-rAlqV zoom\" data-brz-custom-id=\"zcpokijpwaytazbqcdrgijxqkjlleukhhgbk\">\n<div class=\"brz-bg\">\n<div class=\"brz-bg-color\"><\/div>\n<\/div>\n<div class=\"brz-column__items brz-css-q8pTg brz-css-hdxYo\">\n<div id=\"\" class=\"brz-css-w9h3v brz-css-q4laM brz-wrapper\">\n<div class=\"brz-rich-text brz-rich-text__custom brz-css-lE11v\" data-brz-custom-id=\"vjtgepnxbjcbvvognjepwxzaeuskencolrls\">\n<div data-brz-translate-text=\"1\">\n<p class=\"brz-lh-sm-1_3 brz-fs-sm-15 brz-text-lg-center brz-tp-lg-heading6 brz-css-wgmp9\" data-uniq-id=\"yjcrc\" data-generated-css=\"brz-css-hxvgt\"><span>Chauff\u00f8rer<\/span><\/p>\n<\/div>\n<\/div>\n<\/div>\n<\/div>\n<p><a class=\"brz-a brz-container-link\" href=\"\/chauffoerer\/\" target=\"_self\" rel=\"noopener\" data-brz-link-type=\"external\"><\/a><\/div>\n<\/div>\n<\/div>\n<div id=\"\" class=\"brz-css-w9h3v brz-css-ocA4A brz-wrapper\">\n<div class=\"brz-spacer brz-css-dwWNt brz-css-sX0Q5\"><\/div>\n<\/div>\n<div class=\"brz-row__container brz-css-kVL8D\" data-brz-custom-id=\"dkhwlltoubnslzsdsktozlfulyovyvxjqpcd\">\n<div class=\"brz-bg\"><\/div>\n<div class=\"brz-row brz-row--inner brz-css-vPlAZ brz-css-pPt1h\">\n<div class=\"brz-columns brz-css-x83sz brz-css-xZjAG zoom\" data-brz-custom-id=\"vgbsdvqchyhebctusptednpqnojcomrsuypo\">\n<div class=\"brz-bg\">\n<div class=\"brz-bg-color\"><\/div>\n<\/div>\n<div class=\"brz-column__items brz-css-q8pTg brz-css-puaJ4\">\n<div id=\"\" class=\"brz-css-w9h3v brz-css-wciiy brz-wrapper\">\n<div class=\"brz-rich-text brz-rich-text__custom brz-css-lE11v\" data-brz-custom-id=\"dlimcqftuarouacqqgbuqdakdufhgfqdirpk\">\n<div data-brz-translate-text=\"1\">\n<p class=\"brz-lh-sm-1_3 brz-fs-sm-15 brz-text-lg-center brz-tp-lg-heading6 brz-css-szceY\" data-uniq-id=\"lrsnf\" data-generated-css=\"brz-css-ijwuf\"><span class=\"brz-cp-color8\">Vilk\u00e5r<\/span><\/p>\n<\/div>\n<\/div>\n<\/div>\n<\/div>\n<p><a class=\"brz-a brz-container-link\" href=\"\/vilkaar\/\" target=\"_self\" rel=\"noopener\" data-brz-link-type=\"external\"><\/a><\/div>\n<\/div>\n<\/div>\n<div id=\"\" class=\"brz-css-w9h3v brz-css-ocA4A brz-wrapper\">\n<div class=\"brz-spacer brz-css-dwWNt brz-css-c8aDw\"><\/div>\n<\/div>\n<\/div>\n<\/div>\n<div class=\"brz-columns brz-css-x83sz brz-css-veD8Z\" data-brz-custom-id=\"grvmrvyjyzdklmfstxoilqgynlayyndewcgl\">\n<div class=\"brz-bg\"><\/div>\n<div class=\"brz-column__items brz-css-q8pTg brz-css-biLpQ\">\n<div id=\"\" class=\"brz-css-w9h3v brz-wrapper\">\n<div class=\"brz-rich-text brz-rich-text__custom brz-css-lE11v\" data-brz-custom-id=\"yjifzbsimowlaamxlnnnnkslloikfqnphkzv\">\n<div data-brz-translate-text=\"1\">\n<h2 class=\"brz-tp-lg-heading2 brz-text-lg-left brz-css-qeDZV\" data-uniq-id=\"cb4uk\" data-generated-css=\"brz-css-odxpG\"><span class=\"brz-cp-color3\">Biltransport<\/span><\/h2>\n<\/div>\n<\/div>\n<\/div>\n<div id=\"\" class=\"brz-css-w9h3v brz-css-vVYGi brz-wrapper\">\n<div class=\"brz-rich-text brz-rich-text__custom brz-css-lE11v\" data-brz-custom-id=\"annthxoefcrlmktjzpzmrnbzyeunqtdvmnpr\">\n<div data-brz-translate-text=\"1\">\n<p class=\"brz-mb-lg-0 brz-tp-lg-subtitle brz-mb-xs-20 brz-text-lg-left brz-css-fIBer\" data-generated-css=\"brz-css-bI4zV\" data-uniq-id=\"j3r8a\"><span class=\"brz-cp-color4\">Vi transporterer ikke kun industrielt gods, men foretager ogs\u00e5 biltransport, hvad enten det er dig eller din virksomhed, der skal have et transportmiddel flyttet.<\/span><\/p>\n<p data-generated-css=\"brz-css-rS79f\" data-uniq-id=\"nVEVW\" class=\"brz-tp-lg-subtitle brz-mb-lg-0 brz-mb-xs-20 brz-text-lg-left brz-css-o6eg6\"><span class=\"brz-cp-color7\"> <\/span><\/p>\n<\/div>\n<\/div>\n<\/div>\n<div class=\"brz-row__container brz-css-kVL8D\" data-brz-custom-id=\"rdhinouvfuqrbzlmnscgttyvuasnzuzatwfo\">\n<div class=\"brz-bg\"><\/div>\n<div class=\"brz-row brz-row--inner brz-css-vPlAZ brz-css-nMAxX\">\n<div class=\"brz-columns brz-css-x83sz\" data-brz-custom-id=\"dfwybsveuafvcupobaygecayrdvsbbuejjfa\">\n<div class=\"brz-bg\"><\/div>\n<div class=\"brz-column__items brz-css-q8pTg brz-css-yyGvl\">\n<div id=\"\" class=\"brz-css-w9h3v brz-wrapper\">\n<div class=\"brz-image brz-css-wQCDy brz-css-jiWcH\" data-brz-custom-id=\"fbtmtytshqdhwhnnwvtcfpttqobgbhurszmo\"><img decoding=\"async\" class=\"brz-img\" src=\"https:\/\/npldk.com\/da?brizy_media=wp-ea9649b40a517409413b09b7198fa577.jpeg&amp;brizy_crop=iW%3D426%26iH%3D284%26oX%3D36%26oY%3D0%26cW%3D355%26cH%3D284\" alt=\"\" loading=\"lazy\"><\/div>\n<\/div>\n<\/div>\n<\/div>\n<div class=\"brz-columns brz-css-x83sz\" data-brz-custom-id=\"mqawwqbxivtusruvhvwxnjkqnlbojoyyrece\">\n<div class=\"brz-bg\"><\/div>\n<div class=\"brz-column__items brz-css-q8pTg\">\n<div id=\"\" class=\"brz-css-w9h3v brz-wrapper\">\n<div class=\"brz-rich-text brz-rich-text__custom brz-css-lE11v\" data-brz-custom-id=\"ibqtmngnyyffsoincqpdzxpjmhxcpxpwpjmz\">\n<div data-brz-translate-text=\"1\">\n<p class=\"brz-tp-lg-heading3 brz-css-wyqVx\" data-generated-css=\"brz-css-alapa\" data-uniq-id=\"etkhm\"><span class=\"brz-cp-color3\">Biltransport<\/span><\/p>\n<\/div>\n<\/div>\n<\/div>\n<div id=\"\" class=\"brz-css-w9h3v brz-wrapper\">\n<div class=\"brz-rich-text brz-rich-text__custom brz-css-lE11v\" data-brz-custom-id=\"pslrcobbusgfpjouqxodbrnuceotwlffvjrg\">\n<div data-brz-translate-text=\"1\">\n<p class=\"brz-tp-lg-paragraph brz-css-ofwaX\" data-uniq-id=\"wciok\" data-generated-css=\"brz-css-sziam\"><span class=\"brz-cp-color3\">Vi tilbyder ogs\u00e5 at fragte din private bil mellem Danmark og Mijas\/Fuengirola. Du afleverer blot bilen hos og afhenter den igen ved bestemmelsesstedet. Imens kan du tage flyveren, nyde turen, og spare den lange k\u00f8retur.<\/span><\/p>\n<p class=\"brz-tp-lg-paragraph brz-css-oWXPk\" data-generated-css=\"brz-css-yzjje\" data-uniq-id=\"csthg\"><span class=\"brz-cp-color3\"> <\/span><\/p>\n<p class=\"brz-tp-lg-paragraph brz-css-jGTWB\" data-generated-css=\"brz-css-udknn\" data-uniq-id=\"vgdyz\"><span class=\"brz-cp-color3\">Har du brug for at f\u00e5 opbevaret din bil i l\u00e6ngere tid hos os? Det er intet problem! Vi opbevarer gerne din bil i enten Spanien eller Danmark, indtil du har brug for den igen.<\/span><\/p>\n<\/div>\n<\/div>\n<\/div>\n<\/div>\n<\/div>\n<\/div>\n<\/div>\n<\/div>\n<\/div>\n<\/div>\n<\/div>\n<\/div>\n<\/div>\n<\/section>\n<\/div>\n<p>    <!-- version:1733269499 --><\/p>\n","protected":false},"excerpt":{"rendered":"<p>TRANSPORT Vejtransport K\u00f8letransport Hastelevering Biltransport Lager Vognpark Chauff\u00f8rer Vilk\u00e5r Biltransport Vi transporterer ikke kun industrielt gods, men foretager ogs\u00e5 biltransport, hvad enten det er dig eller din virksomhed, der skal have et transportmiddel flyttet. Biltransport Vi tilbyder ogs\u00e5 at fragte din private bil mellem Danmark og Mijas\/Fuengirola. Du afleverer blot bilen hos og afhenter den [&hellip;]<\/p>\n","protected":false},"author":1,"featured_media":0,"parent":0,"menu_order":0,"comment_status":"closed","ping_status":"closed","template":"brizy-blank-template.php","meta":{"footnotes":""},"class_list":["post-3661","page","type-page","status-publish","hentry"],"yoast_head":"<!-- This site is optimized with the Yoast SEO plugin v27.4 - https:\/\/yoast.com\/product\/yoast-seo-wordpress\/ -->\n<title>Flyttetransport - NPL<\/title>\n<meta name=\"robots\" content=\"index, follow, max-snippet:-1, max-image-preview:large, max-video-preview:-1\" \/>\n<link rel=\"canonical\" href=\"https:\/\/npldk.com\/da\/flyttetransport\/\" \/>\n<meta property=\"og:locale\" content=\"da_DK\" \/>\n<meta property=\"og:type\" content=\"article\" \/>\n<meta property=\"og:title\" content=\"Flyttetransport - NPL\" \/>\n<meta property=\"og:description\" content=\"TRANSPORT Vejtransport K\u00f8letransport Hastelevering Biltransport Lager Vognpark Chauff\u00f8rer Vilk\u00e5r Biltransport Vi transporterer ikke kun industrielt gods, men foretager ogs\u00e5 biltransport, hvad enten det er dig eller din virksomhed, der skal have et transportmiddel flyttet. Biltransport Vi tilbyder ogs\u00e5 at fragte din private bil mellem Danmark og Mijas\/Fuengirola. Du afleverer blot bilen hos og afhenter den [&hellip;]\" \/>\n<meta property=\"og:url\" content=\"https:\/\/npldk.com\/da\/flyttetransport\/\" \/>\n<meta property=\"og:site_name\" content=\"NPL\" \/>\n<meta property=\"article:modified_time\" content=\"2026-03-10T20:26:00+00:00\" \/>\n<meta property=\"og:image\" content=\"https:\/\/npldk.com\/da?brizy_media=wp-ea9649b40a517409413b09b7198fa577.jpeg&amp;brizy_crop=iW%3D426%26iH%3D284%26oX%3D36%26oY%3D0%26cW%3D355%26cH%3D284\" \/>\n<meta name=\"twitter:card\" content=\"summary_large_image\" \/>\n<meta name=\"twitter:label1\" content=\"Estimeret l\u00e6setid\" \/>\n\t<meta name=\"twitter:data1\" content=\"1 minut\" \/>\n<script type=\"application\/ld+json\" class=\"yoast-schema-graph\">{\"@context\":\"https:\\\/\\\/schema.org\",\"@graph\":[{\"@type\":\"WebPage\",\"@id\":\"https:\\\/\\\/npldk.com\\\/da\\\/flyttetransport\\\/\",\"url\":\"https:\\\/\\\/npldk.com\\\/da\\\/flyttetransport\\\/\",\"name\":\"Flyttetransport - NPL\",\"isPartOf\":{\"@id\":\"https:\\\/\\\/npldk.com\\\/da\\\/?lang=da\\\/#website\"},\"primaryImageOfPage\":{\"@id\":\"https:\\\/\\\/npldk.com\\\/da\\\/flyttetransport\\\/#primaryimage\"},\"image\":{\"@id\":\"https:\\\/\\\/npldk.com\\\/da\\\/flyttetransport\\\/#primaryimage\"},\"thumbnailUrl\":\"https:\\\/\\\/npldk.com\\\/da?brizy_media=wp-ea9649b40a517409413b09b7198fa577.jpeg&amp;brizy_crop=iW%3D426%26iH%3D284%26oX%3D36%26oY%3D0%26cW%3D355%26cH%3D284\",\"datePublished\":\"2021-10-28T12:32:07+00:00\",\"dateModified\":\"2026-03-10T20:26:00+00:00\",\"breadcrumb\":{\"@id\":\"https:\\\/\\\/npldk.com\\\/da\\\/flyttetransport\\\/#breadcrumb\"},\"inLanguage\":\"da-DK\",\"potentialAction\":[{\"@type\":\"ReadAction\",\"target\":[\"https:\\\/\\\/npldk.com\\\/da\\\/flyttetransport\\\/\"]}]},{\"@type\":\"ImageObject\",\"inLanguage\":\"da-DK\",\"@id\":\"https:\\\/\\\/npldk.com\\\/da\\\/flyttetransport\\\/#primaryimage\",\"url\":\"https:\\\/\\\/npldk.com\\\/da?brizy_media=wp-ea9649b40a517409413b09b7198fa577.jpeg&amp;brizy_crop=iW%3D426%26iH%3D284%26oX%3D36%26oY%3D0%26cW%3D355%26cH%3D284\",\"contentUrl\":\"https:\\\/\\\/npldk.com\\\/da?brizy_media=wp-ea9649b40a517409413b09b7198fa577.jpeg&amp;brizy_crop=iW%3D426%26iH%3D284%26oX%3D36%26oY%3D0%26cW%3D355%26cH%3D284\"},{\"@type\":\"BreadcrumbList\",\"@id\":\"https:\\\/\\\/npldk.com\\\/da\\\/flyttetransport\\\/#breadcrumb\",\"itemListElement\":[{\"@type\":\"ListItem\",\"position\":1,\"name\":\"Hjem\",\"item\":\"https:\\\/\\\/npldk.com\\\/da\\\/\"},{\"@type\":\"ListItem\",\"position\":2,\"name\":\"Flyttetransport\"}]},{\"@type\":\"WebSite\",\"@id\":\"https:\\\/\\\/npldk.com\\\/da\\\/?lang=da\\\/#website\",\"url\":\"https:\\\/\\\/npldk.com\\\/da\\\/?lang=da\\\/\",\"name\":\"NPL\",\"description\":\"\",\"potentialAction\":[{\"@type\":\"SearchAction\",\"target\":{\"@type\":\"EntryPoint\",\"urlTemplate\":\"https:\\\/\\\/npldk.com\\\/da\\\/?lang=da\\\/?s={search_term_string}\"},\"query-input\":{\"@type\":\"PropertyValueSpecification\",\"valueRequired\":true,\"valueName\":\"search_term_string\"}}],\"inLanguage\":\"da-DK\"}]}<\/script>\n<!-- \/ Yoast SEO plugin. -->","yoast_head_json":{"title":"Flyttetransport - NPL","robots":{"index":"index","follow":"follow","max-snippet":"max-snippet:-1","max-image-preview":"max-image-preview:large","max-video-preview":"max-video-preview:-1"},"canonical":"https:\/\/npldk.com\/da\/flyttetransport\/","og_locale":"da_DK","og_type":"article","og_title":"Flyttetransport - NPL","og_description":"TRANSPORT Vejtransport K\u00f8letransport Hastelevering Biltransport Lager Vognpark Chauff\u00f8rer Vilk\u00e5r Biltransport Vi transporterer ikke kun industrielt gods, men foretager ogs\u00e5 biltransport, hvad enten det er dig eller din virksomhed, der skal have et transportmiddel flyttet. Biltransport Vi tilbyder ogs\u00e5 at fragte din private bil mellem Danmark og Mijas\/Fuengirola. Du afleverer blot bilen hos og afhenter den [&hellip;]","og_url":"https:\/\/npldk.com\/da\/flyttetransport\/","og_site_name":"NPL","article_modified_time":"2026-03-10T20:26:00+00:00","og_image":[{"url":"https:\/\/npldk.com\/da?brizy_media=wp-ea9649b40a517409413b09b7198fa577.jpeg&amp;brizy_crop=iW%3D426%26iH%3D284%26oX%3D36%26oY%3D0%26cW%3D355%26cH%3D284","type":"","width":"","height":""}],"twitter_card":"summary_large_image","twitter_misc":{"Estimeret l\u00e6setid":"1 minut"},"schema":{"@context":"https:\/\/schema.org","@graph":[{"@type":"WebPage","@id":"https:\/\/npldk.com\/da\/flyttetransport\/","url":"https:\/\/npldk.com\/da\/flyttetransport\/","name":"Flyttetransport - NPL","isPartOf":{"@id":"https:\/\/npldk.com\/da\/?lang=da\/#website"},"primaryImageOfPage":{"@id":"https:\/\/npldk.com\/da\/flyttetransport\/#primaryimage"},"image":{"@id":"https:\/\/npldk.com\/da\/flyttetransport\/#primaryimage"},"thumbnailUrl":"https:\/\/npldk.com\/da?brizy_media=wp-ea9649b40a517409413b09b7198fa577.jpeg&amp;brizy_crop=iW%3D426%26iH%3D284%26oX%3D36%26oY%3D0%26cW%3D355%26cH%3D284","datePublished":"2021-10-28T12:32:07+00:00","dateModified":"2026-03-10T20:26:00+00:00","breadcrumb":{"@id":"https:\/\/npldk.com\/da\/flyttetransport\/#breadcrumb"},"inLanguage":"da-DK","potentialAction":[{"@type":"ReadAction","target":["https:\/\/npldk.com\/da\/flyttetransport\/"]}]},{"@type":"ImageObject","inLanguage":"da-DK","@id":"https:\/\/npldk.com\/da\/flyttetransport\/#primaryimage","url":"https:\/\/npldk.com\/da?brizy_media=wp-ea9649b40a517409413b09b7198fa577.jpeg&amp;brizy_crop=iW%3D426%26iH%3D284%26oX%3D36%26oY%3D0%26cW%3D355%26cH%3D284","contentUrl":"https:\/\/npldk.com\/da?brizy_media=wp-ea9649b40a517409413b09b7198fa577.jpeg&amp;brizy_crop=iW%3D426%26iH%3D284%26oX%3D36%26oY%3D0%26cW%3D355%26cH%3D284"},{"@type":"BreadcrumbList","@id":"https:\/\/npldk.com\/da\/flyttetransport\/#breadcrumb","itemListElement":[{"@type":"ListItem","position":1,"name":"Hjem","item":"https:\/\/npldk.com\/da\/"},{"@type":"ListItem","position":2,"name":"Flyttetransport"}]},{"@type":"WebSite","@id":"https:\/\/npldk.com\/da\/?lang=da\/#website","url":"https:\/\/npldk.com\/da\/?lang=da\/","name":"NPL","description":"","potentialAction":[{"@type":"SearchAction","target":{"@type":"EntryPoint","urlTemplate":"https:\/\/npldk.com\/da\/?lang=da\/?s={search_term_string}"},"query-input":{"@type":"PropertyValueSpecification","valueRequired":true,"valueName":"search_term_string"}}],"inLanguage":"da-DK"}]}},"brizy_media":[],"_links":{"self":[{"href":"https:\/\/npldk.com\/da\/wp-json\/wp\/v2\/pages\/3661","targetHints":{"allow":["GET"]}}],"collection":[{"href":"https:\/\/npldk.com\/da\/wp-json\/wp\/v2\/pages"}],"about":[{"href":"https:\/\/npldk.com\/da\/wp-json\/wp\/v2\/types\/page"}],"author":[{"embeddable":true,"href":"https:\/\/npldk.com\/da\/wp-json\/wp\/v2\/users\/1"}],"replies":[{"embeddable":true,"href":"https:\/\/npldk.com\/da\/wp-json\/wp\/v2\/comments?post=3661"}],"version-history":[{"count":0,"href":"https:\/\/npldk.com\/da\/wp-json\/wp\/v2\/pages\/3661\/revisions"}],"wp:attachment":[{"href":"https:\/\/npldk.com\/da\/wp-json\/wp\/v2\/media?parent=3661"}],"curies":[{"name":"wp","href":"https:\/\/api.w.org\/{rel}","templated":true}]}}